{"id":32199,"date":"2019-11-18T14:51:18","date_gmt":"2019-11-18T14:51:18","guid":{"rendered":"https:\/\/www.rtecomponenti.it\/ueber-uns\/"},"modified":"2024-05-17T14:48:45","modified_gmt":"2024-05-17T14:48:45","slug":"ueber-uns","status":"publish","type":"page","link":"https:\/\/www.rtecomponenti.it\/de\/ueber-uns\/","title":{"rendered":"\u00dcber uns"},"content":{"rendered":"\t\t<div data-elementor-type=\"wp-page\" data-elementor-id=\"32199\" class=\"elementor elementor-32199 elementor-17\" data-elementor-post-type=\"page\">\n\t\t\t\t\t\t<section class=\"xts-negative-gap elementor-section elementor-top-section elementor-element elementor-element-43ceac8 xts-section-stretch elementor-section-boxed elementor-section-height-default elementor-section-height-default\" data-id=\"43ceac8\" data-element_type=\"section\" data-e-type=\"section\" data-settings=\"{&quot;background_background&quot;:&quot;classic&quot;}\">\n\t\t\t\t\t\t\t<div class=\"elementor-background-overlay\"><\/div>\n\t\t\t\t\t\t\t<div class=\"elementor-container elementor-column-gap-default\">\n\t\t\t\t\t<div class=\"elementor-column elementor-col-100 elementor-top-column elementor-element elementor-element-9567ade\" data-id=\"9567ade\" data-element_type=\"column\" data-e-type=\"column\">\n\t\t\t<div class=\"elementor-widget-wrap elementor-element-populated\">\n\t\t\t\t\t\t<div class=\"elementor-element elementor-element-b9ce606 xts-width-100 elementor-widget elementor-widget-xts_title\" data-id=\"b9ce606\" data-element_type=\"widget\" data-e-type=\"widget\" data-widget_type=\"xts_title.default\">\n\t\t\t\t<div class=\"elementor-widget-container\">\n\t\t\t\t\t\t\t\t<div class=\"xts-section-heading xts-reset-mb-10 xts-reset-last xts-textalign-center xts-textalign-sm-center\" data-animation-delay=\"\">\n\t\t\t\t\n\t\t\t\t\t\t\t\t\t<h4 class=\"xts-section-title title xts-design-default xts-textcolor-custom xts-fontsize-xl\">\n\t\t\t\t\t\t<span class=\"xts-section-title-text\" data-elementor-setting-key=\"title\">\n\t\t\t\t\t\t\t\u00dcBER UNS\t\t\t\t\t\t<\/span>\n\n\t\t\t\t\t\t\t\t\t\t\t<\/h4>\n\t\t\t\t\n\t\t\t\t\n\t\t\t\t\t\t\t<\/div>\n\t\t\t\t\t\t<\/div>\n\t\t\t\t<\/div>\n\t\t\t\t\t<\/div>\n\t\t<\/div>\n\t\t\t\t\t<\/div>\n\t\t<\/section>\n\t\t\t\t<section class=\"xts-negative-gap elementor-section elementor-top-section elementor-element elementor-element-2a7b454 elementor-section-full_width elementor-section-stretched elementor-reverse-mobile elementor-section-height-default elementor-section-height-default xts-section-disabled\" data-id=\"2a7b454\" data-element_type=\"section\" data-e-type=\"section\" data-settings=\"{&quot;stretch_section&quot;:&quot;section-stretched&quot;}\">\n\t\t\t\t\t\t<div class=\"elementor-container elementor-column-gap-default\">\n\t\t\t\t\t<div class=\"elementor-column elementor-col-50 elementor-top-column elementor-element elementor-element-505691d\" data-id=\"505691d\" data-element_type=\"column\" data-e-type=\"column\">\n\t\t\t<div class=\"elementor-widget-wrap elementor-element-populated\">\n\t\t\t\t\t\t<div class=\"elementor-element elementor-element-3c7cce2 elementor-widget elementor-widget-image\" data-id=\"3c7cce2\" data-element_type=\"widget\" data-e-type=\"widget\" data-widget_type=\"image.default\">\n\t\t\t\t<div class=\"elementor-widget-container\">\n\t\t\t\t\t\t\t\t\t\t\t\t\t\t\t<img fetchpriority=\"high\" decoding=\"async\" width=\"842\" height=\"428\" src=\"https:\/\/www.rtecomponenti.it\/wp-content\/uploads\/2024\/01\/rte-componenti-industriali-chi-siamo-e1707750257546.jpg\" class=\"attachment-large size-large wp-image-31967\" alt=\"\" srcset=\"https:\/\/www.rtecomponenti.it\/wp-content\/uploads\/2024\/01\/rte-componenti-industriali-chi-siamo-e1707750257546.jpg 842w, https:\/\/www.rtecomponenti.it\/wp-content\/uploads\/2024\/01\/rte-componenti-industriali-chi-siamo-e1707750257546-400x203.jpg 400w, https:\/\/www.rtecomponenti.it\/wp-content\/uploads\/2024\/01\/rte-componenti-industriali-chi-siamo-e1707750257546-768x390.jpg 768w, https:\/\/www.rtecomponenti.it\/wp-content\/uploads\/2024\/01\/rte-componenti-industriali-chi-siamo-e1707750257546-460x234.jpg 460w, https:\/\/www.rtecomponenti.it\/wp-content\/uploads\/2024\/01\/rte-componenti-industriali-chi-siamo-e1707750257546-300x152.jpg 300w\" sizes=\"(max-width: 842px) 100vw, 842px\" \/>\t\t\t\t\t\t\t\t\t\t\t\t\t\t\t<\/div>\n\t\t\t\t<\/div>\n\t\t\t\t\t<\/div>\n\t\t<\/div>\n\t\t\t\t<div class=\"elementor-column elementor-col-50 elementor-top-column elementor-element elementor-element-f369f78\" data-id=\"f369f78\" data-element_type=\"column\" data-e-type=\"column\">\n\t\t\t<div class=\"elementor-widget-wrap elementor-element-populated\">\n\t\t\t\t\t\t<div class=\"elementor-element elementor-element-18839c1 elementor-widget elementor-widget-heading\" data-id=\"18839c1\" data-element_type=\"widget\" data-e-type=\"widget\" data-widget_type=\"heading.default\">\n\t\t\t\t<div class=\"elementor-widget-container\">\n\t\t\t\t\t<h2 class=\"elementor-heading-title elementor-size-default\">RTE Industriekomponenten<\/h2>\t\t\t\t<\/div>\n\t\t\t\t<\/div>\n\t\t\t\t<div class=\"elementor-element elementor-element-0984c51 xts-textalign-center xts-scheme-inherit elementor-widget elementor-widget-text-editor\" data-id=\"0984c51\" data-element_type=\"widget\" data-e-type=\"widget\" data-widget_type=\"text-editor.default\">\n\t\t\t\t<div class=\"elementor-widget-container\">\n\t\t\t\t\t\t\t\t\t<p><span style=\"font-weight: 400;\">Seit \u00fcber 60 Jahren ist RTE ein Bezugspunkt f\u00fcr Unternehmen in der Lieferung von Isolierschl\u00e4uchen f\u00fcr den industriellen Bereich.\u00a0<\/span><\/p>\n<p><span style=\"font-weight: 400;\">In all diesen Jahren konzentrierte sich das Ziel unseres Unternehmens auf die Konsolidierung der Gesch\u00e4ftsbeziehungen, die auf die Kundenbindung abzielten, und bot ihnen neben einem guten Preis-Leistungs-Verh\u00e4ltnis auch eine Reihe von Dienstleistungen\u00a0<\/span><\/p>\n\t\t\t\t\t\t\t\t<\/div>\n\t\t\t\t<\/div>\n\t\t\t\t<div class=\"elementor-element elementor-element-8e721ff elementor-mobile-align-center elementor-icon-list--layout-traditional elementor-list-item-link-full_width elementor-widget elementor-widget-icon-list\" data-id=\"8e721ff\" data-element_type=\"widget\" data-e-type=\"widget\" data-widget_type=\"icon-list.default\">\n\t\t\t\t<div class=\"elementor-widget-container\">\n\t\t\t\t\t\t\t<ul class=\"elementor-icon-list-items\">\n\t\t\t\t\t\t\t<li class=\"elementor-icon-list-item\">\n\t\t\t\t\t\t\t\t\t\t\t<span class=\"elementor-icon-list-icon\">\n\t\t\t\t\t\t\t<i aria-hidden=\"true\" class=\"far fa-dot-circle\"><\/i>\t\t\t\t\t\t<\/span>\n\t\t\t\t\t\t\t\t\t\t<span class=\"elementor-icon-list-text\">2000 m \u00b2 Lager mit sofort lieferbaren Materialien<\/span>\n\t\t\t\t\t\t\t\t\t<\/li>\n\t\t\t\t\t\t<\/ul>\n\t\t\t\t\t\t<\/div>\n\t\t\t\t<\/div>\n\t\t\t\t<div class=\"elementor-element elementor-element-7e84090 elementor-mobile-align-center elementor-icon-list--layout-traditional elementor-list-item-link-full_width elementor-widget elementor-widget-icon-list\" data-id=\"7e84090\" data-element_type=\"widget\" data-e-type=\"widget\" data-widget_type=\"icon-list.default\">\n\t\t\t\t<div class=\"elementor-widget-container\">\n\t\t\t\t\t\t\t<ul class=\"elementor-icon-list-items\">\n\t\t\t\t\t\t\t<li class=\"elementor-icon-list-item\">\n\t\t\t\t\t\t\t\t\t\t\t<span class=\"elementor-icon-list-icon\">\n\t\t\t\t\t\t\t<i aria-hidden=\"true\" class=\"far fa-dot-circle\"><\/i>\t\t\t\t\t\t<\/span>\n\t\t\t\t\t\t\t\t\t\t<span class=\"elementor-icon-list-text\">Versand in 24\/48 Stunden<\/span>\n\t\t\t\t\t\t\t\t\t<\/li>\n\t\t\t\t\t\t\t\t<li class=\"elementor-icon-list-item\">\n\t\t\t\t\t\t\t\t\t\t\t<span class=\"elementor-icon-list-icon\">\n\t\t\t\t\t\t\t<i aria-hidden=\"true\" class=\"far fa-dot-circle\"><\/i>\t\t\t\t\t\t<\/span>\n\t\t\t\t\t\t\t\t\t\t<span class=\"elementor-icon-list-text\">Das technische B\u00fcro f\u00fcr kundenspezifische L\u00f6sungen<\/span>\n\t\t\t\t\t\t\t\t\t<\/li>\n\t\t\t\t\t\t<\/ul>\n\t\t\t\t\t\t<\/div>\n\t\t\t\t<\/div>\n\t\t\t\t\t<\/div>\n\t\t<\/div>\n\t\t\t\t\t<\/div>\n\t\t<\/section>\n\t\t\t\t<section class=\"elementor-section elementor-top-section elementor-element elementor-element-943bbdd elementor-section-content-middle xts-section-stretch-content elementor-reverse-mobile elementor-section-boxed elementor-section-height-default elementor-section-height-default\" data-id=\"943bbdd\" data-element_type=\"section\" data-e-type=\"section\" data-settings=\"{&quot;background_background&quot;:&quot;classic&quot;}\">\n\t\t\t\t\t\t\t<div class=\"elementor-background-overlay\"><\/div>\n\t\t\t\t\t\t\t<div class=\"elementor-container elementor-column-gap-default\">\n\t\t\t\t\t<div class=\"elementor-column elementor-col-100 elementor-top-column elementor-element elementor-element-53a4e2c\" data-id=\"53a4e2c\" data-element_type=\"column\" data-e-type=\"column\">\n\t\t\t<div class=\"elementor-widget-wrap elementor-element-populated\">\n\t\t\t\t\t\t<div class=\"elementor-element elementor-element-932524b elementor-widget elementor-widget-heading\" data-id=\"932524b\" data-element_type=\"widget\" data-e-type=\"widget\" data-widget_type=\"heading.default\">\n\t\t\t\t<div class=\"elementor-widget-container\">\n\t\t\t\t\t<h2 class=\"elementor-heading-title elementor-size-default\">Unsere Geschichte<\/h2>\t\t\t\t<\/div>\n\t\t\t\t<\/div>\n\t\t\t\t<div class=\"elementor-element elementor-element-278a1db elementor-widget elementor-widget-xts_timeline\" data-id=\"278a1db\" data-element_type=\"widget\" data-e-type=\"widget\" data-widget_type=\"xts_timeline.default\">\n\t\t\t\t<div class=\"elementor-widget-container\">\n\t\t\t\t\t\t\t\t<div class=\"xts-timeline\">\n\t\t\t\t<div class=\"xts-timeline-line xts-fill\">\n\t\t\t\t\t<span class=\"xts-timeline-dot xts-dot-start\"><\/span>\n\t\t\t\t\t<span class=\"xts-timeline-dot xts-dot-end\"><\/span>\n\t\t\t\t<\/div>\n\n\t\t\t\t\t\t\t\t\t\n\t\t\t\t\t<div class=\" xts-timeline-items\">\n\n\t\t\t\t\t\t\t\t\t\t\t\t\t<div class=\"xts-timeline-dot\"><\/div>\n\t\t\t\t\t\t\t\t\t\t\t\t\t\t\t<div class=\"xts-timeline-item xts-timeline-item-first xts-reset-all-last xts-reset-mb-10 xts-textalign-right\">\n\t\t\t\t\t\t\t\t\t\n\t\t\t\t\t\n\t\t\t\t\t\t\t<div class=\"xts-timeline-subtitle xts-textcolor-white xts-fontsize-s\" data-elementor-setting-key=\"timeline_items.0.first_subtitle\">\n\t\t\t\t\tGr\u00fcndung von RTE\t\t\t\t<\/div>\n\t\t\t\n\t\t\t\t\t\t\t<h4 class=\"xts-timeline-title title xts-textcolor-white xts-fontsize-l\" data-elementor-setting-key=\"timeline_items.0.first_title\">\n\t\t\t\t\t1958\t\t\t\t<\/h4>\n\t\t\t\n\t\t\t\t\t\t\t<div class=\"xts-timeline-desc xts-textcolor-white\" data-elementor-setting-key=\"timeline_items.0.first_description\">\n\t\t\t\t\tGiovanni Brambilla gr\u00fcndet RTE: Er entwirft und baut ISA-Sequenzalarmger\u00e4te, die haupts\u00e4chlich an Bord von elektrischen Steuer- und Kontrollschaltern f\u00fcr den Energie-, Elektromechanik-, Transport-, Chemie-, Petrochemie- und Ingenieursektor bestimmt sind.\t\t\t\t<\/div>\n\t\t\t\t\t\n\t\t\t\t\t\t\t\t\t\t<\/div>\n\t\t\t\t\t\t\t\n\t\t\t\t\t\t\t\t\t\t\t\t\t\n\t\t\t\t\t<\/div>\n\t\t\t\t\t\t\t\t\t\n\t\t\t\t\t<div class=\" xts-timeline-items\">\n\n\t\t\t\t\t\t\t\t\t\t\t\t\t<div class=\"xts-timeline-dot\"><\/div>\n\t\t\t\t\t\t\t\n\t\t\t\t\t\t\t\t\t\t\t\t\t\t\t<div class=\"xts-timeline-item xts-timeline-item-second xts-reset-all-last xts-reset-mb-10 xts-textalign-left\">\n\t\t\t\t\t\t\t\t\t\n\t\t\t\t\t\n\t\t\t\t\t\t\t<div class=\"xts-timeline-subtitle xts-textcolor-white xts-fontsize-s\" data-elementor-setting-key=\"timeline_items.1.second_subtitle\">\n\t\t\t\t\tKatalogerweiterung\t\t\t\t<\/div>\n\t\t\t\n\t\t\t\t\t\t\t<h4 class=\"xts-timeline-title title xts-textcolor-white xts-fontsize-l\" data-elementor-setting-key=\"timeline_items.1.second_title\">\n\t\t\t\t\t1996\t\t\t\t<\/h4>\n\t\t\t\n\t\t\t\t\t\t\t<div class=\"xts-timeline-desc xts-textcolor-white\" data-elementor-setting-key=\"timeline_items.1.second_description\">\n\t\t\t\t\tIn Zusammenarbeit mit seinen drei S\u00f6hnen Luisa, Massimo und Giorgio, die bereits seit langem im Unternehmen t\u00e4tig sind, beschlie\u00dft Giovanni, noch h\u00f6her zu streben: RTE beginnt mit der Vermarktung von Isolierschl\u00e4uchen, die f\u00fcr Bereiche wie Automobil, Haushaltsger\u00e4te, Eisenbahn, Schiffbau, Luftfahrt, elektrische Verkabelung und Schaltschrankbau bestimmt sind <span style=\"color: rgb(110, 108, 110); font-family: \"open sans\", Helvetica, Arial, sans-serif; font-size: 13px; font-style: normal; font-variant-ligatures: normal; font-variant-caps: normal; font-weight: 400; white-space-collapse: collapse;\">.<\/span>\t\t\t\t<\/div>\n\t\t\t\t\t\n\t\t\t\t\t\t\t\t\t\t<\/div>\n\t\t\t\t\t\t\t\t\t\t\t\t\t\n\t\t\t\t\t<\/div>\n\t\t\t\t\t\t\t\t\t\n\t\t\t\t\t<div class=\" xts-timeline-items\">\n\n\t\t\t\t\t\t\t\t\t\t\t\t\t<div class=\"xts-timeline-dot\"><\/div>\n\t\t\t\t\t\t\t\t\t\t\t\t\t\t\t<div class=\"xts-timeline-item xts-timeline-item-first xts-reset-all-last xts-reset-mb-10 xts-textalign-right\">\n\t\t\t\t\t\t\t\t\t\n\t\t\t\t\t\n\t\t\t\t\t\t\t<div class=\"xts-timeline-subtitle xts-textcolor-white xts-fontsize-s\" data-elementor-setting-key=\"timeline_items.2.first_subtitle\">\n\t\t\t\t\tExporte in die ganze Welt\t\t\t\t<\/div>\n\t\t\t\n\t\t\t\t\t\t\t<h4 class=\"xts-timeline-title title xts-textcolor-white xts-fontsize-l\" data-elementor-setting-key=\"timeline_items.2.first_title\">\n\t\t\t\t\t2001\t\t\t\t<\/h4>\n\t\t\t\n\t\t\t\t\t\t\t<div class=\"xts-timeline-desc xts-textcolor-white\" data-elementor-setting-key=\"timeline_items.2.first_description\">\n\t\t\t\t\tEngagement, Engagement und Qualit\u00e4t belohnen die harte Teamarbeit: RTE beginnt, seine Produkte auf den ausl\u00e4ndischen Markt zu exportieren und Kunden auf der ganzen Welt zu binden. \t\t\t\t<\/div>\n\t\t\t\t\t\n\t\t\t\t\t\t\t\t\t\t<\/div>\n\t\t\t\t\t\t\t\n\t\t\t\t\t\t\t\t\t\t\t\t\t\n\t\t\t\t\t<\/div>\n\t\t\t\t\t\t\t\t\t\n\t\t\t\t\t<div class=\" xts-timeline-items\">\n\n\t\t\t\t\t\t\t\t\t\t\t\t\t<div class=\"xts-timeline-dot\"><\/div>\n\t\t\t\t\t\t\t\n\t\t\t\t\t\t\t\t\t\t\t\t\t\t\t<div class=\"xts-timeline-item xts-timeline-item-second xts-reset-all-last xts-reset-mb-10 xts-textalign-left\">\n\t\t\t\t\t\t\t\t\t\n\t\t\t\t\t\n\t\t\t\t\t\t\t<div class=\"xts-timeline-subtitle xts-textcolor-white xts-fontsize-s\" data-elementor-setting-key=\"timeline_items.3.second_subtitle\">\n\t\t\t\t\tAuf der Suche nach Exzellenz\t\t\t\t<\/div>\n\t\t\t\n\t\t\t\t\t\t\t<h4 class=\"xts-timeline-title title xts-textcolor-white xts-fontsize-l\" data-elementor-setting-key=\"timeline_items.3.second_title\">\n\t\t\t\t\tHeute wie damals\t\t\t\t<\/h4>\n\t\t\t\n\t\t\t\t\t\t\t<div class=\"xts-timeline-desc xts-textcolor-white\" data-elementor-setting-key=\"timeline_items.3.second_description\">\n\t\t\t\t\tRTE beh\u00e4lt den gleichen Geist wie vor <span style=\"font-family: Poppins, Arial, Helvetica, sans-serif; font-size: 16px; font-style: normal; font-variant-ligatures: normal; font-variant-caps: normal; font-weight: 400;\">sechzigJahren<\/span> bei: den <span style=\"font-family: Poppins, Arial, Helvetica, sans-serif; font-size: 16px; font-style: normal; font-variant-ligatures: normal; font-variant-caps: normal; font-weight: 400;\">leidenschaftlichen und aufmerksamen <\/span>Geist von Giovanni und seiner Familie, die st\u00e4ndig nach innovativen L\u00f6sungen sucht, um einen auf Exzellenz ausgerichteten Markt zu befriedigen.\t\t\t\t<\/div>\n\t\t\t\t\t\n\t\t\t\t\t\t\t\t\t\t<\/div>\n\t\t\t\t\t\t\t\t\t\t\t\t\t\n\t\t\t\t\t<\/div>\n\t\t\t\t\t\t\t<\/div>\n\t\t\t\t\t\t<\/div>\n\t\t\t\t<\/div>\n\t\t\t\t\t<\/div>\n\t\t<\/div>\n\t\t\t\t\t<\/div>\n\t\t<\/section>\n\t\t\t\t<section class=\"xts-negative-gap elementor-section elementor-top-section elementor-element elementor-element-6abfa35 elementor-section-boxed elementor-section-height-default elementor-section-height-default xts-section-disabled\" data-id=\"6abfa35\" data-element_type=\"section\" data-e-type=\"section\">\n\t\t\t\t\t\t<div class=\"elementor-container elementor-column-gap-default\">\n\t\t\t\t\t<div class=\"elementor-column elementor-col-100 elementor-top-column elementor-element elementor-element-66537ab\" data-id=\"66537ab\" data-element_type=\"column\" data-e-type=\"column\">\n\t\t\t<div class=\"elementor-widget-wrap elementor-element-populated\">\n\t\t\t\t\t\t<div class=\"elementor-element elementor-element-e8225eb elementor-widget elementor-widget-heading\" data-id=\"e8225eb\" data-element_type=\"widget\" data-e-type=\"widget\" data-widget_type=\"heading.default\">\n\t\t\t\t<div class=\"elementor-widget-container\">\n\t\t\t\t\t<h2 class=\"elementor-heading-title elementor-size-default\">In welchen Bereichen wenden wir uns<\/h2>\t\t\t\t<\/div>\n\t\t\t\t<\/div>\n\t\t\t\t<section class=\"xts-negative-gap elementor-section elementor-inner-section elementor-element elementor-element-15ec556 elementor-section-boxed elementor-section-height-default elementor-section-height-default xts-section-disabled\" data-id=\"15ec556\" data-element_type=\"section\" data-e-type=\"section\">\n\t\t\t\t\t\t<div class=\"elementor-container elementor-column-gap-default\">\n\t\t\t\t\t<div class=\"elementor-column elementor-col-20 elementor-inner-column elementor-element elementor-element-51661be\" data-id=\"51661be\" data-element_type=\"column\" data-e-type=\"column\">\n\t\t\t<div class=\"elementor-widget-wrap elementor-element-populated\">\n\t\t\t\t\t\t<div class=\"elementor-element elementor-element-e426010 elementor-position-top elementor-position-top elementor-widget elementor-widget-image-box\" data-id=\"e426010\" data-element_type=\"widget\" data-e-type=\"widget\" data-widget_type=\"image-box.default\">\n\t\t\t\t<div class=\"elementor-widget-container\">\n\t\t\t\t\t<div class=\"elementor-image-box-wrapper\"><figure class=\"elementor-image-box-img\"><img decoding=\"async\" width=\"512\" height=\"512\" src=\"https:\/\/www.rtecomponenti.it\/wp-content\/uploads\/2024\/02\/electric-panel.png\" class=\"attachment-full size-full wp-image-29227\" alt=\"\" srcset=\"https:\/\/www.rtecomponenti.it\/wp-content\/uploads\/2024\/02\/electric-panel.png 512w, https:\/\/www.rtecomponenti.it\/wp-content\/uploads\/2024\/02\/electric-panel-300x300.png 300w, https:\/\/www.rtecomponenti.it\/wp-content\/uploads\/2024\/02\/electric-panel-150x150.png 150w, https:\/\/www.rtecomponenti.it\/wp-content\/uploads\/2024\/02\/electric-panel-460x460.png 460w\" sizes=\"(max-width: 512px) 100vw, 512px\" \/><\/figure><div class=\"elementor-image-box-content\"><h3 class=\"elementor-image-box-title\">Elektrische Verkabelungen<\/h3><\/div><\/div>\t\t\t\t<\/div>\n\t\t\t\t<\/div>\n\t\t\t\t\t<\/div>\n\t\t<\/div>\n\t\t\t\t<div class=\"elementor-column elementor-col-20 elementor-inner-column elementor-element elementor-element-b12686a\" data-id=\"b12686a\" data-element_type=\"column\" data-e-type=\"column\">\n\t\t\t<div class=\"elementor-widget-wrap elementor-element-populated\">\n\t\t\t\t\t\t<div class=\"elementor-element elementor-element-b1f2c07 elementor-position-top elementor-position-top elementor-widget elementor-widget-image-box\" data-id=\"b1f2c07\" data-element_type=\"widget\" data-e-type=\"widget\" data-widget_type=\"image-box.default\">\n\t\t\t\t<div class=\"elementor-widget-container\">\n\t\t\t\t\t<div class=\"elementor-image-box-wrapper\"><figure class=\"elementor-image-box-img\"><img decoding=\"async\" width=\"512\" height=\"512\" src=\"https:\/\/www.rtecomponenti.it\/wp-content\/uploads\/2024\/02\/automotive.png\" class=\"attachment-full size-full wp-image-29061\" alt=\"\" srcset=\"https:\/\/www.rtecomponenti.it\/wp-content\/uploads\/2024\/02\/automotive.png 512w, https:\/\/www.rtecomponenti.it\/wp-content\/uploads\/2024\/02\/automotive-300x300.png 300w, https:\/\/www.rtecomponenti.it\/wp-content\/uploads\/2024\/02\/automotive-150x150.png 150w, https:\/\/www.rtecomponenti.it\/wp-content\/uploads\/2024\/02\/automotive-460x460.png 460w\" sizes=\"(max-width: 512px) 100vw, 512px\" \/><\/figure><div class=\"elementor-image-box-content\"><h3 class=\"elementor-image-box-title\">Automobilindustrie<\/h3><\/div><\/div>\t\t\t\t<\/div>\n\t\t\t\t<\/div>\n\t\t\t\t\t<\/div>\n\t\t<\/div>\n\t\t\t\t<div class=\"elementor-column elementor-col-20 elementor-inner-column elementor-element elementor-element-692d5b5\" data-id=\"692d5b5\" data-element_type=\"column\" data-e-type=\"column\">\n\t\t\t<div class=\"elementor-widget-wrap elementor-element-populated\">\n\t\t\t\t\t\t<div class=\"elementor-element elementor-element-4b3f51b elementor-position-top elementor-position-top elementor-widget elementor-widget-image-box\" data-id=\"4b3f51b\" data-element_type=\"widget\" data-e-type=\"widget\" data-widget_type=\"image-box.default\">\n\t\t\t\t<div class=\"elementor-widget-container\">\n\t\t\t\t\t<div class=\"elementor-image-box-wrapper\"><figure class=\"elementor-image-box-img\"><img loading=\"lazy\" decoding=\"async\" width=\"512\" height=\"512\" src=\"https:\/\/www.rtecomponenti.it\/wp-content\/uploads\/2024\/02\/tranviario.png\" class=\"attachment-full size-full wp-image-29062\" alt=\"\" srcset=\"https:\/\/www.rtecomponenti.it\/wp-content\/uploads\/2024\/02\/tranviario.png 512w, https:\/\/www.rtecomponenti.it\/wp-content\/uploads\/2024\/02\/tranviario-300x300.png 300w, https:\/\/www.rtecomponenti.it\/wp-content\/uploads\/2024\/02\/tranviario-150x150.png 150w, https:\/\/www.rtecomponenti.it\/wp-content\/uploads\/2024\/02\/tranviario-460x460.png 460w\" sizes=\"(max-width: 512px) 100vw, 512px\" \/><\/figure><div class=\"elementor-image-box-content\"><h3 class=\"elementor-image-box-title\">Schienenverkehr<\/h3><\/div><\/div>\t\t\t\t<\/div>\n\t\t\t\t<\/div>\n\t\t\t\t\t<\/div>\n\t\t<\/div>\n\t\t\t\t<div class=\"elementor-column elementor-col-20 elementor-inner-column elementor-element elementor-element-fb88e7f\" data-id=\"fb88e7f\" data-element_type=\"column\" data-e-type=\"column\">\n\t\t\t<div class=\"elementor-widget-wrap elementor-element-populated\">\n\t\t\t\t\t\t<div class=\"elementor-element elementor-element-211484f elementor-position-top elementor-position-top elementor-widget elementor-widget-image-box\" data-id=\"211484f\" data-element_type=\"widget\" data-e-type=\"widget\" data-widget_type=\"image-box.default\">\n\t\t\t\t<div class=\"elementor-widget-container\">\n\t\t\t\t\t<div class=\"elementor-image-box-wrapper\"><figure class=\"elementor-image-box-img\"><img loading=\"lazy\" decoding=\"async\" width=\"512\" height=\"512\" src=\"https:\/\/www.rtecomponenti.it\/wp-content\/uploads\/2024\/02\/navale.png\" class=\"attachment-full size-full wp-image-29063\" alt=\"\" srcset=\"https:\/\/www.rtecomponenti.it\/wp-content\/uploads\/2024\/02\/navale.png 512w, https:\/\/www.rtecomponenti.it\/wp-content\/uploads\/2024\/02\/navale-300x300.png 300w, https:\/\/www.rtecomponenti.it\/wp-content\/uploads\/2024\/02\/navale-150x150.png 150w, https:\/\/www.rtecomponenti.it\/wp-content\/uploads\/2024\/02\/navale-460x460.png 460w\" sizes=\"(max-width: 512px) 100vw, 512px\" \/><\/figure><div class=\"elementor-image-box-content\"><h3 class=\"elementor-image-box-title\">Schifffahrt<\/h3><\/div><\/div>\t\t\t\t<\/div>\n\t\t\t\t<\/div>\n\t\t\t\t\t<\/div>\n\t\t<\/div>\n\t\t\t\t<div class=\"elementor-column elementor-col-20 elementor-inner-column elementor-element elementor-element-bf4aa15\" data-id=\"bf4aa15\" data-element_type=\"column\" data-e-type=\"column\">\n\t\t\t<div class=\"elementor-widget-wrap elementor-element-populated\">\n\t\t\t\t\t\t<div class=\"elementor-element elementor-element-42d066a elementor-position-top elementor-position-top elementor-widget elementor-widget-image-box\" data-id=\"42d066a\" data-element_type=\"widget\" data-e-type=\"widget\" data-widget_type=\"image-box.default\">\n\t\t\t\t<div class=\"elementor-widget-container\">\n\t\t\t\t\t<div class=\"elementor-image-box-wrapper\"><figure class=\"elementor-image-box-img\"><img loading=\"lazy\" decoding=\"async\" width=\"512\" height=\"512\" src=\"https:\/\/www.rtecomponenti.it\/wp-content\/uploads\/2023\/12\/p-consegna.png\" class=\"attachment-full size-full wp-image-28258\" alt=\"\" srcset=\"https:\/\/www.rtecomponenti.it\/wp-content\/uploads\/2023\/12\/p-consegna.png 512w, https:\/\/www.rtecomponenti.it\/wp-content\/uploads\/2023\/12\/p-consegna-300x300.png 300w, https:\/\/www.rtecomponenti.it\/wp-content\/uploads\/2023\/12\/p-consegna-150x150.png 150w, https:\/\/www.rtecomponenti.it\/wp-content\/uploads\/2023\/12\/p-consegna-460x460.png 460w\" sizes=\"(max-width: 512px) 100vw, 512px\" \/><\/figure><div class=\"elementor-image-box-content\"><h3 class=\"elementor-image-box-title\">Luftfahrt<\/h3><\/div><\/div>\t\t\t\t<\/div>\n\t\t\t\t<\/div>\n\t\t\t\t\t<\/div>\n\t\t<\/div>\n\t\t\t\t\t<\/div>\n\t\t<\/section>\n\t\t\t\t\t<\/div>\n\t\t<\/div>\n\t\t\t\t\t<\/div>\n\t\t<\/section>\n\t\t\t\t<\/div>\n\t\t","protected":false},"excerpt":{"rendered":"<p>\u00dcBER UNS RTE Industriekomponenten Seit \u00fcber 60 Jahren ist RTE ein Bezugspunkt f\u00fcr Unternehmen in der Lieferung von Isolierschl\u00e4uchen f\u00fcr den industriellen Bereich.\u00a0 In all diesen Jahren konzentrierte sich das Ziel unseres Unternehmens auf die Konsolidierung der Gesch\u00e4ftsbeziehungen, die auf die Kundenbindung abzielten, und bot ihnen neben einem guten Preis-Leistungs-Verh\u00e4ltnis auch eine Reihe von Dienstleistungen\u00a0 [&hellip;]<\/p>\n","protected":false},"author":1,"featured_media":0,"parent":0,"menu_order":5,"comment_status":"closed","ping_status":"closed","template":"","meta":{"_monsterinsights_skip_tracking":false,"_monsterinsights_sitenote_active":false,"_monsterinsights_sitenote_note":"","_monsterinsights_sitenote_category":0,"footnotes":""},"class_list":["post-32199","page","type-page","status-publish","hentry"],"_links":{"self":[{"href":"https:\/\/www.rtecomponenti.it\/de\/wp-json\/wp\/v2\/pages\/32199","targetHints":{"allow":["GET"]}}],"collection":[{"href":"https:\/\/www.rtecomponenti.it\/de\/wp-json\/wp\/v2\/pages"}],"about":[{"href":"https:\/\/www.rtecomponenti.it\/de\/wp-json\/wp\/v2\/types\/page"}],"author":[{"embeddable":true,"href":"https:\/\/www.rtecomponenti.it\/de\/wp-json\/wp\/v2\/users\/1"}],"replies":[{"embeddable":true,"href":"https:\/\/www.rtecomponenti.it\/de\/wp-json\/wp\/v2\/comments?post=32199"}],"version-history":[{"count":0,"href":"https:\/\/www.rtecomponenti.it\/de\/wp-json\/wp\/v2\/pages\/32199\/revisions"}],"wp:attachment":[{"href":"https:\/\/www.rtecomponenti.it\/de\/wp-json\/wp\/v2\/media?parent=32199"}],"curies":[{"name":"wp","href":"https:\/\/api.w.org\/{rel}","templated":true}]}}