{"id":32209,"date":"2019-12-18T10:04:45","date_gmt":"2019-12-18T10:04:45","guid":{"rendered":"https:\/\/www.rtecomponenti.it\/privacy-policy\/"},"modified":"2024-05-17T14:42:11","modified_gmt":"2024-05-17T14:42:11","slug":"privacy-policy","status":"publish","type":"page","link":"https:\/\/www.rtecomponenti.it\/de\/privacy-policy\/","title":{"rendered":"Privacy Policy"},"content":{"rendered":"\t\t<div data-elementor-type=\"wp-page\" data-elementor-id=\"32209\" class=\"elementor elementor-32209 elementor-1285\" data-elementor-post-type=\"page\">\n\t\t\t\t\t\t<section class=\"xts-negative-gap elementor-section elementor-top-section elementor-element elementor-element-a2fb44b elementor-section-boxed elementor-section-height-default elementor-section-height-default xts-section-disabled\" data-id=\"a2fb44b\" data-element_type=\"section\" data-e-type=\"section\">\n\t\t\t\t\t\t<div class=\"elementor-container elementor-column-gap-default\">\n\t\t\t\t\t<div class=\"elementor-column elementor-col-100 elementor-top-column elementor-element elementor-element-439e118\" data-id=\"439e118\" data-element_type=\"column\" data-e-type=\"column\">\n\t\t\t<div class=\"elementor-widget-wrap elementor-element-populated\">\n\t\t\t\t\t\t<div class=\"elementor-element elementor-element-2915b16 xts-scheme-inherit xts-textalign-inherit elementor-widget elementor-widget-text-editor\" data-id=\"2915b16\" data-element_type=\"widget\" data-e-type=\"widget\" data-widget_type=\"text-editor.default\">\n\t\t\t\t<div class=\"elementor-widget-container\">\n\t\t\t\t\t\t\t\t\t<p><main class=\"template-page content av-content-full alpha units av-enable-shadow\" role=\"main\"><\/p>\n<div class=\"post-entry post-entry-type-page post-entry-3\">\n<div class=\"entry-content-wrapper clearfix\">\n<section class=\"av_textblock_section av-ldcxtb1y-b80fec74c43371d5c200697dda909883 \">\n<div class=\"avia_textblock \">\n<h3>Informationen \u00fcber die Verarbeitung personenbezogener Daten der Nutzer der Website Art. 13 und 14 der Verordnung 2016\/679\/EU (im Folgenden auch \u201eDSGVO\u201c)<\/h3>\n<p><strong>Weil diese Mitteilung<\/strong><\/p>\n<p> von<\/p>\n<p> RTE DI BRAMBILLA MASSIMO, GIORGIO E C. S.N.C. (im Folgenden auch \u201eUnternehmen\u201c oder \u201eInhaber\u201c) der Achtung und dem Schutz Ihrer Privatsph\u00e4re verpflichtet ist und m\u00f6chte, dass Sie sich sowohl beim einfachen Surfen auf der Website als auch bei der Registrierung sicher f\u00fchlen, indem Sie uns Ihre personenbezogenen Daten zur Verf\u00fcgung stellen, um die Dienstleistungen zu nutzen, die Ihren Benutzern und\/oder Kunden zur Verf\u00fcgung gestellt werden. Auf dieser Seite m\u00f6chte das Unternehmen einige Informationen \u00fcber die Verarbeitung personenbezogener Daten von Benutzern bereitstellen, die die Website besuchen oder konsultieren, auf die \u00fcber die Adresse www.rtecomponenti.it (die \u201eWebsite\u201c) zugegriffen werden kann. Die Informationen gelten nur f\u00fcr die Website des Unternehmens und nicht f\u00fcr andere Websites, die der Benutzer m\u00f6glicherweise \u00fcber Links aufruft (f\u00fcr die auf die jeweiligen Datenschutzerkl\u00e4rungen\/-richtlinien verwiesen wird). Die Vervielf\u00e4ltigung oder Verwendung von Seiten, Materialien und Informationen, die auf der Website enthalten sind, mit allen Mitteln und auf allen Medien, ist ohne die vorherige schriftliche Zustimmung des Unternehmens nicht gestattet. Das Kopieren und\/oder Drucken ist nur f\u00fcr den pers\u00f6nlichen und nicht kommerziellen Gebrauch gestattet (f\u00fcr Anfragen und Erl\u00e4uterungen wenden Sie sich bitte an das Unternehmen unter den unten angegebenen Adressen). Eine anderweitige Nutzung der Inhalte, Dienste und Informationen dieser Website ist nicht gestattet.<\/p>\n<p>In Bezug auf die angebotenen Inhalte und bereitgestellten Informationen stellt das Unternehmen sicher, dass die Inhalte der Website angemessen aktualisiert und \u00fcberarbeitet werden, ohne eine Garantie f\u00fcr die Angemessenheit, Richtigkeit oder Vollst\u00e4ndigkeit der bereitgestellten Informationen zu geben, und lehnt ausdr\u00fccklich jede Verantwortung f\u00fcr Fehler in den auf der Website bereitgestellten Informationen ab.<\/p>\n<p><strong>Herkunft \u2013 Navigationsdaten<\/strong><\/p>\n<p>RTE DI BRAMBILLA MASSIMO, GIORGIO E C. S.N.C. informiert Sie dar\u00fcber, dass die von Ihnen zur Verf\u00fcgung gestellten und im Zusammenhang mit der Informations- und\/oder Kontaktanfrage, der Registrierung auf der Website und der Nutzung der Dienste \u00fcber das Smartphone oder ein anderes Instrument, das f\u00fcr den Zugriff auf das Internet verwendet wird, erfassten personenbezogenen Daten sowie die Daten, die f\u00fcr die Erbringung dieser Dienste erforderlich sind, einschlie\u00dflich der Navigationsdaten und der Daten, die f\u00fcr den eventuellen Kauf der vom Unternehmen angebotenen Produkte und Dienstleistungen verwendet werden, aber auch nur die sogenannten \u201eNavigationsdaten\u201c der Website durch die Nutzer, in \u00dcbereinstimmung mit den geltenden Vorschriften verarbeitet werden. Die f\u00fcr den Betrieb dieser Website verwendeten Computersysteme und Softwareprozeduren erfassen w\u00e4hrend ihres normalen Betriebs einige personenbezogene Daten, deren \u00dcbertragung bei der Nutzung des Internets implizit ist. Es handelt sich um Informationen, die nicht gesammelt werden, um mit identifizierten Betroffenen in Verbindung gebracht zu werden, die aber aufgrund ihrer Beschaffenheit durch Verarbeitung und Verkn\u00fcpfung mit Daten im Besitz von Dritten die Identifizierung der Navigationsbenutzer erm\u00f6glichen k\u00f6nnten. Zu dieser Datenkategorie geh\u00f6ren die &#8222;IP-Adressen&#8220; oder die Dom\u00e4nennamen der Computer, die von den Benutzern verwendet werden, die sich mit der Website verbinden, die URI-Adressen (Uniform Resource Identifier) der angeforderten Ressourcen, die Uhrzeit der Anfrage, die Methode, mit der die Anfrage an den Webserver gesendet wird, die Gr\u00f6\u00dfe der als Antwort erhaltenen Datei, der numerische Code, der den Status der vom Webserver gegebenen Antwort angibt (erfolgreich, Fehler usw.) und andere Parameter, die sich auf das Betriebssystem und die Computerumgebung des Benutzers beziehen. Diese Daten werden nur verwendet, um anonyme statistische Informationen \u00fcber die Nutzung der Website zu erhalten und das ordnungsgem\u00e4\u00dfe Funktionieren der Website des Unternehmens zu \u00fcberpr\u00fcfen. Es wird darauf hingewiesen, dass die vorgenannten Daten zur Feststellung der Haftung im Falle von Computerdelikten zum Nachteil der Website des Unternehmens oder anderer damit verbundener oder verbundener Websites verwendet werden k\u00f6nnten: Abgesehen von diesem Fall bleiben die Daten \u00fcber die Webkontakte nicht l\u00e4nger als einige Tage bestehen.<\/p>\n<p><strong>Herkunft \u2013 Vom Benutzer bereitgestellte Daten<\/strong><\/p>\n<p> Das Unternehmen erhebt, speichert und verarbeitet Ihre personenbezogenen Daten zum Zwecke der Bereitstellung der auf der Website angebotenen Produkte und Dienstleistungen oder aufgrund gesetzlicher Verpflichtungen. In Bezug auf bestimmte Dienstleistungen, Produkte, Werbeaktionen usw. kann das Unternehmen Ihre Daten auch f\u00fcr kommerzielle Zwecke verarbeiten. In diesen F\u00e4llen wird eine spezifische, gesonderte, fakultative und jederzeit widerrufliche Einwilligung mit den unten angegebenen Methoden und an die unten angegebenen Adressen eingeholt.<\/p>\n<p>Das fakultative, ausdr\u00fcckliche und freiwillige Versenden von E-Mails an die im entsprechenden Abschnitt der Website angegebenen Adressen sowie das Ausf\u00fcllen von Frageb\u00f6gen (z. B. Formulare), die Kommunikation \u00fcber Chat, Push-Benachrichtigungen \u00fcber APPS, soziale Netzwerke, Callcenter usw. f\u00fchrt zur anschlie\u00dfenden Erfassung einiger Ihrer personenbezogenen Daten, einschlie\u00dflich der durch die Nutzung der Apps und der damit verbundenen Dienste gesammelten Daten, die zur Beantwortung von Anfragen erforderlich sind. Wir weisen Sie auch darauf hin, dass es bei der Nutzung der mobilen Verbindung zum Zugriff auf digitale Inhalte und Dienste, die direkt vom Unternehmen oder von unseren Partnern angeboten werden, erforderlich sein kann, Ihre personenbezogenen Daten an diese Dritten zu \u00fcbermitteln. Wir weisen Sie darauf hin, dass Sie auf die Website zugreifen oder sich mit Bereichen verbinden k\u00f6nnen, in denen Sie m\u00f6glicherweise Informationen \u00fcber Blogs oder Pinnw\u00e4nde ver\u00f6ffentlichen, mit anderen kommunizieren k\u00f6nnen, z. B. von der Unternehmensseite auf Facebook\u00ae, LinkedIn \u00ae, YouTube\u00ae und anderen Websites sozialer Netzwerke, Produkte und Angebote \u00fcberpr\u00fcfen und Kommentare oder Inhalte ver\u00f6ffentlichen k\u00f6nnen. Bevor Sie mit diesen Bereichen interagieren, bitten wir Sie, die Allgemeinen Nutzungsbedingungen sorgf\u00e4ltig zu lesen, wobei zu ber\u00fccksichtigen ist, dass die ver\u00f6ffentlichten Informationen unter bestimmten Umst\u00e4nden von jedem mit Zugang zum Internet eingesehen werden k\u00f6nnen und alle Informationen, die Sie in Ihre Ver\u00f6ffentlichungen aufnehmen, von Dritten gelesen, gesammelt und verwendet werden k\u00f6nnen.<\/p>\n<p><strong>Zwecke der Verarbeitung und Rechtsgrundlage<\/strong><\/p>\n<p>Die Daten werden zu folgenden Zwecken verarbeitet:<\/p>\n<p> in<\/p>\n<ul>\n<li> engem Zusammenhang mit der Registrierung auf der Website www.rtecomponenti.it, den vom Unternehmen entwickelten oder zur Verf\u00fcgung gestellten Diensten und\/oder Apps, der Nutzung der entsprechenden Informationsdienste, der Verwaltung von Kontakt- oder Informationsanfragen, der Durchf\u00fchrung von K\u00e4ufen von Produkten und Dienstleistungen, die \u00fcber die Website des Unternehmens angeboten werden;<\/li>\n<li>f\u00fcr die damit verbundenen Aktivit\u00e4ten im Zusammenhang mit der Verwaltung der Anfragen des Benutzers\/Kunden und dem Senden der R\u00fcckmeldung, die die \u00dcbermittlung von Material umfassen kann Werbematerial;<\/li>\n<li> im Zusammenhang mit der Erf\u00fcllung von Verpflichtungen aus gemeinschaftlichen und nationalen Rechtsvorschriften, dem Schutz der \u00f6ffentlichen Ordnung, der Aufdeckung und Verfolgung von Straftaten;<\/li>\n<li>Direktmarketing, d.h. Versand von Werbematerial, Direktverkauf, Durchf\u00fchrung von Marktforschungen oder kommerzielle Kommunikation von Produkten und\/oder Dienstleistungen, die vom Unternehmen angeboten werden; Diese T\u00e4tigkeit kann auch Produkte und Dienstleistungen von Unternehmen der Unternehmensgruppe betreffen und durch das Versenden von Werbe-\/Informations-\/Werbematerial und\/oder Einladungen zur Teilnahme an Initiativen, Veranstaltungen und Angebote zur Belohnung von Benutzern\/Kunden, die auf \u201etraditionelle\u201c Weise (z. B. auf dem Postweg und\/oder durch Anrufe von Betreibern) oder \u00fcber \u201eautomatisierte\u201c Kontaktsysteme (z. B. SMS und\/oder MMS, Telefonanrufe ohne Eingreifen des Betreibers, E-Mail, Fax, interaktive Anwendungen) gem\u00e4\u00df Art. 130 Abs. 1 und 2 des Gesetzesdekrets 196\/03 i.g.F.;<\/li>\n<\/ul>\n<p>Die Bereitstellung von Daten f\u00fcr die in den Punkten 1), 2) und 3) genannten Zwecke, Im Zusammenhang mit einer vorvertraglichen und\/oder vertraglichen Phase oder einer funktionalen Anforderung des Benutzers oder einer spezifischen gesetzlichen Bestimmung ist es obligatorisch und andernfalls ist es nicht m\u00f6glich, die Informationen zu erhalten und auf die m\u00f6glicherweise angeforderten Dienste zuzugreifen. In Bezug auf Punkt 4) dieser Richtlinie ist die Zustimmung zur Datenverarbeitung durch den Benutzer\/Kunden frei und freiwillig und kann immer widerrufen werden, ohne dass sich dies auf die Verwendbarkeit der Produkte und Dienstleistungen auswirkt, es sei denn, das Unternehmen ist nicht in der Lage, die Benutzer\/Kunden \u00fcber neue Initiativen oder bestimmte Aktionen oder Vorteile auf dem Laufenden zu halten.<\/p>\n<p>Das Unternehmen kann kommerzielle Mitteilungen zu Produkten und\/oder Dienstleistungen senden, die denen \u00e4hneln, die bereits gem\u00e4\u00df der Richtlinie 2002\/58\/EU bereitgestellt wurden, indem es die von Ihnen bei diesen Gelegenheiten angegebenen E-Mail-Koordinaten oder Papierkoordinaten verwendet, denen Sie mit den unten angegebenen Methoden und Adressen widersprechen k\u00f6nnen.<\/p>\n<p><strong>\u00a0<\/strong><\/p>\n<p><strong>Modalit\u00e4ten, Logik der Verarbeitung, Aufbewahrungsfristen und Sicherheitsma\u00dfnahmen<\/strong><\/p>\n<p>Die Verarbeitung erfolgt auch mit Hilfe elektronischer oder in jedem Fall automatisierter Mittel und wird vom Unternehmen und\/oder von Dritten durchgef\u00fchrt, die das Unternehmen zur Speicherung, Verwaltung und \u00dcbermittlung der Daten verwenden kann. Die Verarbeitung der Daten erfolgt mit der Logik der Organisation und Verarbeitung Ihrer personenbezogenen Daten, einschlie\u00dflich der Protokolle, die sich aus dem Zugriff auf und der Nutzung der \u00fcber das Internet zur Verf\u00fcgung gestellten Dienste, der genutzten Produkte und Dienstleistungen im Zusammenhang mit den oben genannten Zwecken ergeben, und in jedem Fall in einer Weise, die die Sicherheit und Vertraulichkeit der Daten gew\u00e4hrleistet. Die verarbeiteten personenbezogenen Daten werden so lange aufbewahrt, wie es die geltenden Rechtsvorschriften vorsehen.<\/p>\n<p>In Bezug auf die Datensicherheit werden die Daten in den f\u00fcr bestimmte Dienste vorbereiteten Bereichen der Website, in denen personenbezogene Daten vom Benutzer des Browsers angefordert werden, mit einer Sicherheitstechnologie namens Secure Sockets Layer, abgek\u00fcrzt SSL, verschl\u00fcsselt. Die SSL-Technologie verschl\u00fcsselt die Informationen, bevor sie \u00fcber das Internet zwischen dem Computer des Benutzers und den zentralen Systemen des Unternehmens ausgetauscht werden, wodurch sie f\u00fcr Unbefugte unverst\u00e4ndlich werden und die Vertraulichkeit der \u00fcbermittelten Informationen gew\u00e4hrleistet wird. Gerade in Bezug auf die Aspekte des Schutzes personenbezogener Daten wird der Nutzer\/Kunde gem\u00e4\u00df Art. 33 der DSGVO aufgefordert, dem Unternehmen alle Umst\u00e4nde oder Ereignisse mitzuteilen, aus denen sich eine m\u00f6gliche \u201eVerletzung personenbezogener Daten (Datenverletzung)\u201c ergeben kann, um eine sofortige Bewertung und die Ergreifung von Ma\u00dfnahmen zur Bek\u00e4mpfung dieses Ereignisses zu erm\u00f6glichen, indem er eine Mitteilung an commerciale@rtecomponenti.it sendet oder sich an den Kundendienst wendet. Die vom Unternehmen ergriffenen Ma\u00dfnahmen entbinden den Kunden nicht davon, bei Bedarf auf die Verwendung von Passw\u00f6rtern\/PINs von angemessener Komplexit\u00e4t zu achten, die er regelm\u00e4\u00dfig aktualisieren muss, insbesondere wenn er bef\u00fcrchtet, dass sie von Dritten verletzt\/bekannt werden, und sie sorgf\u00e4ltig aufzubewahren und Dritten unzug\u00e4nglich zu machen, um Missbrauch und unbefugte Nutzung zu vermeiden.<\/p>\n<p><strong>Cookies<\/strong><\/p>\n<p>Ein Cookie ist eine kurze Textdatei, die an Ihren Browser gesendet und m\u00f6glicherweise auf Ihrem Computer gespeichert wird (alternativ auf Ihrem Smartphone\/Tablet oder einem anderen Tool, das f\u00fcr den Zugriff auf das Internet verwendet wird). Diese \u00dcbermittlung erfolgt in der Regel jedes Mal, wenn Sie eine Website besuchen. Das Unternehmen verwendet Cookies f\u00fcr verschiedene Zwecke, um Ihnen ein schnelles und sicheres digitales Erlebnis zu bieten, indem es Ihnen beispielsweise erm\u00f6glicht, die Verbindung zum gesch\u00fctzten Bereich w\u00e4hrend der Navigation durch die Seiten der Website aktiv zu halten.<\/p>\n<p>Die auf Ihrem Endger\u00e4t gespeicherten Cookies k\u00f6nnen nicht dazu verwendet werden, Daten von Ihrer Festplatte abzurufen, Computerviren zu \u00fcbertragen oder Ihre E-Mail-Adresse zu identifizieren und zu verwenden. Jedes Cookie ist einzigartig in Bezug auf den Browser und das Ger\u00e4t, das Sie f\u00fcr den Zugriff auf die Website oder die Nutzung der Unternehmens-App verwenden. Im Allgemeinen besteht der Zweck von Cookies darin, die Funktionsweise der Website und die Benutzererfahrung bei der Nutzung der Website zu verbessern, obwohl Cookies verwendet werden k\u00f6nnen, um Werbebotschaften zu senden (wie unten angegeben). Weitere Informationen dar\u00fcber, was Cookies sind und wie sie funktionieren, finden Sie auf der Website \u201eAll about cookies\u201c http:\/\/www.allaboutcookies.org .<\/p>\n<p><strong>Detaillierte Informationen zu Cookies finden Sie im entsprechenden Abschnitt am Ende der Seite!<\/strong><\/p>\n<p><strong> Kommunikations- und Daten\u00fcbertragungsbereiche.<\/strong><\/p>\n<p>Zur Verfolgung der oben genannten Zwecke kann das Unternehmen die personenbezogenen Daten der Nutzer\/Kunden in Italien und im Ausland an Dritte weitergeben und verarbeiten lassen, mit denen wir Beziehungen haben, wenn diese Dritten auf unsere Anfrage hin Dienstleistungen erbringen. Wir werden diesen Dritten nur die Informationen zur Verf\u00fcgung stellen, die f\u00fcr die Erbringung der angeforderten Dienstleistungen erforderlich sind, und alle Ma\u00dfnahmen zum Schutz Ihrer personenbezogenen Daten ergreifen. Die Daten k\u00f6nnen au\u00dferhalb des Europ\u00e4ischen Wirtschaftsraums \u00fcbertragen werden, wenn dies f\u00fcr die Verwaltung Ihres Vertragsverh\u00e4ltnisses erforderlich ist. In diesem Fall werden den Empf\u00e4ngern der Daten Schutz- und Sicherheitsanforderungen auferlegt, die denen des Inhabers gleichwertig sind. Im Falle der Nutzung von Dienstleistungen, die direkt von Partnern angeboten werden, stellen wir nur die Daten zur Verf\u00fcgung, die f\u00fcr ihre Durchf\u00fchrung unbedingt erforderlich sind. In jedem Fall werden nur die Daten \u00fcbermittelt, die f\u00fcr die Verfolgung der vorgesehenen Zwecke erforderlich sind, und es werden, falls erforderlich, die Garantien f\u00fcr die \u00dcbermittlung von Daten in Drittl\u00e4nder angewendet. Wir k\u00f6nnen Ihre personenbezogenen Daten auch zu Marketingzwecken an unsere kommerziellen Dienstleister weitergeben, die zu diesem Zweck zu externen Auftragsverarbeitern ernannt wurden. Dar\u00fcber hinaus k\u00f6nnen personenbezogene Daten an die zust\u00e4ndigen \u00f6ffentlichen Stellen und Beh\u00f6rden zur Erf\u00fcllung regulatorischer Verpflichtungen oder zur Feststellung der Verantwortung im Falle von Computerstraftaten zum Schaden der Website sowie an Dritte (als Verantwortliche oder, wenn es sich um Anbieter elektronischer Kommunikationsdienste handelt, als autonome Eigent\u00fcmer) weitergegeben werden, die IT- und Telematikdienste erbringen (z. B. Hosting-Dienste, Verwaltung und Entwicklung von Websites) und von denen das Unternehmen Gebrauch macht, um Aufgaben und Aktivit\u00e4ten durchzuf\u00fchren, die auch technischer und organisatorischer Art sind und f\u00fcr den Betrieb der Website von Bedeutung sind. Die zu den oben genannten Kategorien geh\u00f6renden Personen fungieren als separate Datenverantwortliche oder als zu diesem Zweck vom Unternehmen ernannte Verantwortliche.<\/p>\n<p>Die personenbezogenen Daten k\u00f6nnen auch den Mitarbeitern\/Beratern des Unternehmens bekannt sein, die speziell geschult und zu Beauftragten f\u00fcr die Verarbeitung ernannt wurden.<\/p>\n<p>Die Kategorien von Empf\u00e4ngern, denen die Daten mitgeteilt werden k\u00f6nnen, sind erh\u00e4ltlich, indem Sie sich an das Unternehmen unter den unten angegebenen Adressen wenden.<\/p>\n<p><strong>Rechte der Betroffenen<\/strong><\/p>\n<p>Sie k\u00f6nnen jederzeit die Rechte aus\u00fcben, die Ihnen gesetzlich zustehen, darunter:<\/p>\n<ol>\n<li> Zugang zu Ihren personenbezogenen Daten zu erhalten, indem Sie Nachweise \u00fcber die vom Datenverantwortlichen verfolgten Zwecke, die Kategorien der betroffenen Daten, die Empf\u00e4nger, denen sie mitgeteilt werden k\u00f6nnen, die geltende Aufbewahrungsfrist, das Bestehen automatisierter Entscheidungsprozesse erhalten;<\/li>\n<li> unverz\u00fcglich die Berichtigung unrichtiger personenbezogener Daten, die Sie betreffen, zu erhalten<\/li>\n<p>; in den<\/p>\n<li> vorgesehenen F\u00e4llen die L\u00f6schung Ihrer Daten zu erhalten; die Einschr\u00e4nkung der<\/li>\n<li> Verarbeitung zu erhalten oder sich ihr zu widersetzen, wann immer dies m\u00f6glich ist; die \u00dcbertragbarkeit der Daten, die Sie dem<\/li>\n<li> Unternehmen zur Verf\u00fcgung gestellt haben, zu verlangen, das hei\u00dft, sie in einem strukturierten Format zu erhalten, das h\u00e4ufig verwendet wird und von einem automatischen Ger\u00e4t gelesen<\/li>\n<\/ol>\n<p> werden<\/p>\n<p> kann, auch um diese Daten innerhalb der Grenzen und mit den Einschr\u00e4nkungen des Art. 20 der DSGVO an einen anderen Datenverantwortlichen zu \u00fcbermitteln; Dar\u00fcber hinaus k\u00f6nnen Sie eine Beschwerde bei der Datenschutzbeh\u00f6rde gem\u00e4\u00df Art. 77 der DSGVO einreichen.<\/p>\n<p>F\u00fcr die unter Punkt 4) der Zwecke genannten Verarbeitungen kann der Kunde jederzeit die Einwilligung widerrufen und das Recht auf Widerspruch gegen Direktmarketing (in \u201etraditioneller\u201c und \u201eautomatisierter\u201c Form) aus\u00fcben. Der Widerspruch bezieht sich in Ermangelung einer gegenteiligen Angabe sowohl auf traditionelle als auch auf automatisierte Mitteilungen.<\/p>\n<p><strong>Inhaber der Datenverarbeitung<\/strong><\/p>\n<p>Inhaber der Datenverarbeitung im Sinne des Art. 4 der DSGVO ist RTE DI BRAMBILLA MASSIMO, GIORGIO E C. S.N.C., Via Borgo Roldi, 49 \u2013 26025 Pandino (CR), USt-IdNr.: 00930720198 \u2013 Steuernr.:<\/p>\n<p> 00930720198<\/p>\n<p> Die oben genannten Rechte k\u00f6nnen auf Antrag des Betroffenen in der vom Kundendienst oder auf der WEBSITE des Unternehmens oder unter Verwendung der folgenden Referenzen bekannt gegebenen Weise ausge\u00fcbt werden: Giorgio Brambilla (g.brambilla@rtecomponenti.it).<\/p>\n<p>Die Nutzung der Website, einschlie\u00dflich derjenigen, die f\u00fcr Tablets und\/oder Smartphones bestimmt sind, durch den Kunden und\/oder den Benutzer setzt die vollst\u00e4ndige Kenntnis und Akzeptanz des Inhalts und der Angaben voraus, die in dieser Version der vom Unternehmen zum Zeitpunkt des Zugriffs auf die Website ver\u00f6ffentlichten Informationen enthalten sind. Das Unternehmen teilt mit, dass diese Informationen ohne Vorank\u00fcndigung ge\u00e4ndert werden k\u00f6nnen und empfiehlt daher eine regelm\u00e4\u00dfige Lekt\u00fcre.<\/p>\n<p><strong>Der Inhaber der Datenverarbeitung<\/strong><\/p>\n<p>RTE DI BRAMBILLA MASSIMO, GIORGIO E C. S.N.C.<\/p>\n<p> Diese Datenschutzerkl\u00e4rung wurde am 18.10.2018 aktualisiert<\/p>\n<p>.<\/p>\n<h2>\u00a0<\/h2>\n<h2>Cookies<\/h2>\n<p>Damit diese Website gut funktioniert, installieren wir manchmal kleine Datendateien auf Ihrem Ger\u00e4t, die als \u201eCookies\u201c bezeichnet werden. Auch die meisten gro\u00dfen Websites machen das Gleiche.<\/p>\n<h3>Was sind Cookies?<\/h3>\n<p>Ein Cookie ist eine kleine Textdatei, die Websites auf Ihrem Computer oder Mobilger\u00e4t speichern, w\u00e4hrend Sie sie besuchen. Dank der Cookies merkt sich die Website Ihre Aktionen und Pr\u00e4ferenzen (z. B. Login, Sprache, Schriftgr\u00f6\u00dfe und andere Anzeigeeinstellungen), so dass Sie sie nicht erneut eingeben m\u00fcssen, wenn Sie auf die Website zur\u00fcckkehren oder von Seite zu Seite navigieren.<\/p>\n<h3>Wie verwenden wir Cookies?<\/h3>\n<div class=\"alert\">\n<div class=\"alert alert-info\">\n<p>Auf einigen Seiten verwenden wir Cookies, um uns Folgendes zu merken:<\/p>\n<ul>\n<li> Ihre Anzeigepr\u00e4ferenzen, z. B. die Einstellungen f\u00fcr den Kontrast oder die Schriftgr\u00f6\u00dfe<\/li>\n<p>,<\/p>\n<li> wenn Sie bereits an einer Popup-Umfrage \u00fcber die N\u00fctzlichkeit der gefundenen Inhalte teilgenommen haben, um zu vermeiden, dass Sie diese erneut<\/li>\n<p> aufrufen,<\/p>\n<li> wenn Sie der Verwendung von Cookies auf der Website zugestimmt haben.<\/li>\n<\/ul>\n<p>Dar\u00fcber hinaus verwenden einige auf unseren Seiten eingebettete Videos ein Cookie, um anonym Statistiken dar\u00fcber zu erstellen, wie Sie auf die Seite gelangt sind und welche Videos Sie angesehen haben.<\/p>\n<p>Es ist nicht notwendig, Cookies zu aktivieren, damit die Website funktioniert, aber dies verbessert die Navigation. Es ist m\u00f6glich, Cookies zu l\u00f6schen oder zu blockieren, aber in diesem Fall k\u00f6nnen einige Funktionen der Website nicht richtig funktionieren.<\/p>\n<p>Informationen \u00fcber Cookies werden nicht verwendet, um Benutzer zu identifizieren, und die Navigationsdaten bleiben immer unter unserer Kontrolle. Diese Cookies dienen ausschlie\u00dflich den hier beschriebenen Zwecken.<\/p>\n<\/div>\n<\/div>\n<h3>Wie kann man Cookies kontrollieren?<\/h3>\n<p>Sie k\u00f6nnen Cookies nach Belieben steuern und\/oder \u00fcberpr\u00fcfen \u2013 weitere Informationen finden Sie\u00a0<a href=\"https:\/\/web.archive.org\/web\/20200809144156\/http:\/\/www.aboutcookies.org\/\" target=\"_blank\" rel=\"noopener\">unter aboutcookies.org<\/a>. Sie k\u00f6nnen bereits auf Ihrem Computer vorhandene Cookies l\u00f6schen und fast alle Browser so einstellen, dass die Installation blockiert wird. Wenn Sie diese Option w\u00e4hlen, m\u00fcssen Sie jedoch bei jedem Besuch der Website einige Einstellungen manuell \u00e4ndern, und es ist m\u00f6glich, dass einige Dienste oder bestimmte Funktionen nicht verf\u00fcgbar sind.<\/p>\n<\/div>\n<\/section>\n<\/div>\n<\/div>\n<p><\/main><\/p>\n\t\t\t\t\t\t\t\t<\/div>\n\t\t\t\t<\/div>\n\t\t\t\t\t<\/div>\n\t\t<\/div>\n\t\t\t\t\t<\/div>\n\t\t<\/section>\n\t\t\t\t<\/div>\n\t\t","protected":false},"excerpt":{"rendered":"<p>Informationen \u00fcber die Verarbeitung personenbezogener Daten der Nutzer der Website Art. 13 und 14 der Verordnung 2016\/679\/EU (im Folgenden auch \u201eDSGVO\u201c) Weil diese Mitteilung von RTE DI BRAMBILLA MASSIMO, GIORGIO E C. S.N.C. (im Folgenden auch \u201eUnternehmen\u201c oder \u201eInhaber\u201c) der Achtung und dem Schutz Ihrer Privatsph\u00e4re verpflichtet ist und m\u00f6chte, dass Sie sich sowohl beim [&hellip;]<\/p>\n","protected":false},"author":1,"featured_media":0,"parent":0,"menu_order":3,"comment_status":"closed","ping_status":"closed","template":"","meta":{"_monsterinsights_skip_tracking":false,"_monsterinsights_sitenote_active":false,"_monsterinsights_sitenote_note":"","_monsterinsights_sitenote_category":0,"footnotes":""},"class_list":["post-32209","page","type-page","status-publish","hentry"],"_links":{"self":[{"href":"https:\/\/www.rtecomponenti.it\/de\/wp-json\/wp\/v2\/pages\/32209","targetHints":{"allow":["GET"]}}],"collection":[{"href":"https:\/\/www.rtecomponenti.it\/de\/wp-json\/wp\/v2\/pages"}],"about":[{"href":"https:\/\/www.rtecomponenti.it\/de\/wp-json\/wp\/v2\/types\/page"}],"author":[{"embeddable":true,"href":"https:\/\/www.rtecomponenti.it\/de\/wp-json\/wp\/v2\/users\/1"}],"replies":[{"embeddable":true,"href":"https:\/\/www.rtecomponenti.it\/de\/wp-json\/wp\/v2\/comments?post=32209"}],"version-history":[{"count":0,"href":"https:\/\/www.rtecomponenti.it\/de\/wp-json\/wp\/v2\/pages\/32209\/revisions"}],"wp:attachment":[{"href":"https:\/\/www.rtecomponenti.it\/de\/wp-json\/wp\/v2\/media?parent=32209"}],"curies":[{"name":"wp","href":"https:\/\/api.w.org\/{rel}","templated":true}]}}