{"id":32243,"date":"2024-01-05T14:15:53","date_gmt":"2024-01-05T14:15:53","guid":{"rendered":"https:\/\/www.rtecomponenti.it\/erklaerungen\/"},"modified":"2026-03-23T07:46:31","modified_gmt":"2026-03-23T07:46:31","slug":"erklaerungen","status":"publish","type":"page","link":"https:\/\/www.rtecomponenti.it\/de\/erklaerungen\/","title":{"rendered":"Erkl\u00e4rungen"},"content":{"rendered":"\t\t<div data-elementor-type=\"wp-page\" data-elementor-id=\"32243\" class=\"elementor elementor-32243 elementor-27658\" data-elementor-post-type=\"page\">\n\t\t\t\t\t\t<section class=\"xts-negative-gap elementor-section elementor-top-section elementor-element elementor-element-466b2d3 xts-section-stretch elementor-section-boxed elementor-section-height-default elementor-section-height-default\" data-id=\"466b2d3\" data-element_type=\"section\" data-e-type=\"section\" data-settings=\"{&quot;background_background&quot;:&quot;classic&quot;}\">\n\t\t\t\t\t\t\t<div class=\"elementor-background-overlay\"><\/div>\n\t\t\t\t\t\t\t<div class=\"elementor-container elementor-column-gap-default\">\n\t\t\t\t\t<div class=\"elementor-column elementor-col-100 elementor-top-column elementor-element elementor-element-6b5163e\" data-id=\"6b5163e\" data-element_type=\"column\" data-e-type=\"column\">\n\t\t\t<div class=\"elementor-widget-wrap elementor-element-populated\">\n\t\t\t\t\t\t<div class=\"elementor-element elementor-element-a14a311 elementor-widget elementor-widget-heading\" data-id=\"a14a311\" data-element_type=\"widget\" data-e-type=\"widget\" data-widget_type=\"heading.default\">\n\t\t\t\t<div class=\"elementor-widget-container\">\n\t\t\t\t\t<h2 class=\"elementor-heading-title elementor-size-default\">ERKL\u00c4RUNGEN<\/h2>\t\t\t\t<\/div>\n\t\t\t\t<\/div>\n\t\t\t\t\t<\/div>\n\t\t<\/div>\n\t\t\t\t\t<\/div>\n\t\t<\/section>\n\t\t\t\t<section class=\"xts-negative-gap elementor-section elementor-top-section elementor-element elementor-element-84d9ff2 elementor-section-full_width elementor-section-height-default elementor-section-height-default xts-section-disabled\" data-id=\"84d9ff2\" data-element_type=\"section\" data-e-type=\"section\">\n\t\t\t\t\t\t<div class=\"elementor-container elementor-column-gap-default\">\n\t\t\t\t\t<div class=\"elementor-column elementor-col-100 elementor-top-column elementor-element elementor-element-b542492\" data-id=\"b542492\" data-element_type=\"column\" data-e-type=\"column\">\n\t\t\t<div class=\"elementor-widget-wrap elementor-element-populated\">\n\t\t\t\t\t\t<div class=\"elementor-element elementor-element-1f525da elementor-widget elementor-widget-heading\" data-id=\"1f525da\" data-element_type=\"widget\" data-e-type=\"widget\" data-widget_type=\"heading.default\">\n\t\t\t\t<div class=\"elementor-widget-container\">\n\t\t\t\t\t<h2 class=\"elementor-heading-title elementor-size-default\">KONFORMIT\u00c4TSERKL\u00c4RUNG PRODUKTE\n<\/h2>\t\t\t\t<\/div>\n\t\t\t\t<\/div>\n\t\t\t\t<div class=\"elementor-element elementor-element-9b82d17 xts-scheme-inherit xts-textalign-inherit elementor-widget elementor-widget-text-editor\" data-id=\"9b82d17\" data-element_type=\"widget\" data-e-type=\"widget\" data-widget_type=\"text-editor.default\">\n\t\t\t\t<div class=\"elementor-widget-container\">\n\t\t\t\t\t\t\t\t\t<p><span style=\"font-weight: 400;\">Die Konformit\u00e4tserkl\u00e4rung bescheinigt, dass das Produkt den einschl\u00e4gigen grundlegenden Anforderungen der einschl\u00e4gigen Richtlinien und Normen entspricht.<\/span><\/p>\n<p><span style=\"font-weight: 400;\">Fordern Sie die <\/span><b>Konformit\u00e4tserkl\u00e4rung an,\u00a0<\/b><span style=\"font-weight: 400;\">indem Sie die Telefonnummer 0373\/920659 kontaktieren oder die Anfrage an commerciale@rtecomponenti.it senden.<\/span><\/p>\n\t\t\t\t\t\t\t\t<\/div>\n\t\t\t\t<\/div>\n\t\t\t\t<div class=\"elementor-element elementor-element-44b2637 elementor-widget elementor-widget-heading\" data-id=\"44b2637\" data-element_type=\"widget\" data-e-type=\"widget\" data-widget_type=\"heading.default\">\n\t\t\t\t<div class=\"elementor-widget-container\">\n\t\t\t\t\t<h2 class=\"elementor-heading-title elementor-size-default\">ERKL\u00c4RUNG RoHS - RoHS 2 - RoHS 3\n<\/h2>\t\t\t\t<\/div>\n\t\t\t\t<\/div>\n\t\t\t\t<div class=\"elementor-element elementor-element-a4b655d xts-scheme-inherit xts-textalign-inherit elementor-widget elementor-widget-text-editor\" data-id=\"a4b655d\" data-element_type=\"widget\" data-e-type=\"widget\" data-widget_type=\"text-editor.default\">\n\t\t\t\t<div class=\"elementor-widget-container\">\n\t\t\t\t\t\t\t\t\t<p><span style=\"font-weight: 400;\">Die<\/span> <b>RoHS-Richtlinie<\/b><span style=\"font-weight: 400;\">\u00a0ist die Gesetzgebung, die Beschr\u00e4nkungen f\u00fcr die Verwendung bestimmter gef\u00e4hrlicher Stoffe bei der Herstellung verschiedener Arten von elektrischen und elektronischen Ger\u00e4ten auferlegt, die in der Europ\u00e4ischen Union verkauft werden.<\/span><\/p>\n<p><span style=\"font-weight: 400;\">Fordern Sie das <\/span><b>Sicherheitsdatenblatt\u00a0<\/b>an,<span style=\"font-weight: 400;\"> indem Sie die Telefonnummer 0373\/920659 kontaktieren oder die Anfrage an commerciale@rtecomponenti.it senden.<\/span><\/p>\n\t\t\t\t\t\t\t\t<\/div>\n\t\t\t\t<\/div>\n\t\t\t\t<div class=\"elementor-element elementor-element-bd3aaff elementor-widget elementor-widget-heading\" data-id=\"bd3aaff\" data-element_type=\"widget\" data-e-type=\"widget\" data-widget_type=\"heading.default\">\n\t\t\t\t<div class=\"elementor-widget-container\">\n\t\t\t\t\t<h2 class=\"elementor-heading-title elementor-size-default\">REACH-ERKL\u00c4RUNG<\/h2>\t\t\t\t<\/div>\n\t\t\t\t<\/div>\n\t\t\t\t<div class=\"elementor-element elementor-element-cb3cce0 xts-scheme-inherit xts-textalign-inherit elementor-widget elementor-widget-text-editor\" data-id=\"cb3cce0\" data-element_type=\"widget\" data-e-type=\"widget\" data-widget_type=\"text-editor.default\">\n\t\t\t\t<div class=\"elementor-widget-container\">\n\t\t\t\t\t\t\t\t\t<p><span style=\"font-weight: 400;\">REACH ist eine Verordnung der Europ\u00e4ischen Union, die erlassen wurde, um den Schutz der menschlichen Gesundheit und der Umwelt vor den Risiken zu verbessern, die sich aus der Verwendung bestimmter Chemikalien ergeben k\u00f6nnen.<\/span><\/p>\n<p><span style=\"font-weight: 400;\">Fordern Sie das <\/span><b>Sicherheitsdatenblatt\u00a0\u00a0<\/b>an,<span style=\"font-weight: 400;\"> indem Sie die Telefonnummer 0373\/920659 kontaktieren oder die Anfrage an commerciale@rtecomponenti.it senden.<\/span><\/p>\n\t\t\t\t\t\t\t\t<\/div>\n\t\t\t\t<\/div>\n\t\t\t\t<div class=\"elementor-element elementor-element-781f3bf elementor-widget elementor-widget-heading\" data-id=\"781f3bf\" data-element_type=\"widget\" data-e-type=\"widget\" data-widget_type=\"heading.default\">\n\t\t\t\t<div class=\"elementor-widget-container\">\n\t\t\t\t\t<h2 class=\"elementor-heading-title elementor-size-default\">ERKL\u00c4RUNG KONFLIKTMINERALIEN<\/h2>\t\t\t\t<\/div>\n\t\t\t\t<\/div>\n\t\t\t\t<div class=\"elementor-element elementor-element-387fc14 xts-scheme-inherit xts-textalign-inherit elementor-widget elementor-widget-text-editor\" data-id=\"387fc14\" data-element_type=\"widget\" data-e-type=\"widget\" data-widget_type=\"text-editor.default\">\n\t\t\t\t<div class=\"elementor-widget-container\">\n\t\t\t\t\t\t\t\t\t<p><span style=\"font-weight: 400;\">Die Gesetzgebung zu <\/span><b>Konfliktmineralien<\/b><span style=\"font-weight: 400;\">\u00a0sieht die F\u00f6rderung verantwortungsbewusster Praktiken in Bezug auf die Beschaffung von Mineralien aus Hochrisikogebieten oder von bewaffneten Konflikten betroffenen Gebieten durch Unternehmen vor.<\/span><\/p>\n<p><span style=\"font-weight: 400;\">Fordern Sie die<\/span><b>\u00a0Erkl\u00e4rung zu Konfliktmineralien\u00a0\u00a0<\/b><span style=\"font-weight: 400;\">an, indem Sie die Telefonnummer 0373\/920659 kontaktieren oder die Anfrage an commerciale@rtecomponenti.it senden.<\/span><\/p>\n\t\t\t\t\t\t\t\t<\/div>\n\t\t\t\t<\/div>\n\t\t\t\t<div class=\"elementor-element elementor-element-1808dcb elementor-widget elementor-widget-heading\" data-id=\"1808dcb\" data-element_type=\"widget\" data-e-type=\"widget\" data-widget_type=\"heading.default\">\n\t\t\t\t<div class=\"elementor-widget-container\">\n\t\t\t\t\t<h2 class=\"elementor-heading-title elementor-size-default\">SDS-PRODUKTSICHERHEITSDATENBLATT\n<\/h2>\t\t\t\t<\/div>\n\t\t\t\t<\/div>\n\t\t\t\t<div class=\"elementor-element elementor-element-1e0fdda xts-scheme-inherit xts-textalign-inherit elementor-widget elementor-widget-text-editor\" data-id=\"1e0fdda\" data-element_type=\"widget\" data-e-type=\"widget\" data-widget_type=\"text-editor.default\">\n\t\t\t\t<div class=\"elementor-widget-container\">\n\t\t\t\t\t\t\t\t\t<p><span style=\"font-weight: 400;\">Das <\/span><b>Sicherheitsdatenblatt<\/b><span style=\"font-weight: 400;\">\u00a0(SDB) ist ein Dokument, das n\u00fctzliche Informationen zum Schutz der Gesundheit und Sicherheit von Personen und der Umwelt im Zusammenhang mit einem chemischen Produkt enth\u00e4lt.<u> Diese Informationen umfassen die Zusammensetzung, die mit dem Transport verbundenen Risiken f\u00fcr Personen und die Umwelt, die Hinweise zur Entsorgung, die Gefahrenhinweise und die Schutzvorrichtungen (pers\u00f6nliche Schutzausr\u00fcstung),<\/u> die vom Arbeitnehmer, Verbraucher oder anderen Personen getragen werden m\u00fcssen, die versehentlich mit dem chemischen Produkt in Ber\u00fchrung kommen k\u00f6nnen, auf das sich das Sicherheitsdatenblatt bezieht.<\/span><\/p>\n<p><span style=\"font-weight: 400;\">Fordern Sie das <\/span><b>Sicherheitsdatenblatt <\/b>an,<span style=\"font-weight: 400;\"> indem Sie die Telefonnummer 0373\/920659 kontaktieren oder die Anfrage an commerciale@rtecomponenti.it senden.<\/span><\/p>\t\t\t\t\t\t\t\t<\/div>\n\t\t\t\t<\/div>\n\t\t\t\t\t<\/div>\n\t\t<\/div>\n\t\t\t\t\t<\/div>\n\t\t<\/section>\n\t\t\t\t<section class=\"xts-negative-gap elementor-section elementor-top-section elementor-element elementor-element-dc1f423 elementor-section-content-middle elementor-section-boxed elementor-section-height-default elementor-section-height-default xts-section-disabled\" data-id=\"dc1f423\" data-element_type=\"section\" data-e-type=\"section\">\n\t\t\t\t\t\t<div class=\"elementor-container elementor-column-gap-default\">\n\t\t\t\t\t<div class=\"elementor-column elementor-col-50 elementor-top-column elementor-element elementor-element-595af0a\" data-id=\"595af0a\" data-element_type=\"column\" data-e-type=\"column\">\n\t\t\t<div class=\"elementor-widget-wrap elementor-element-populated\">\n\t\t\t\t\t\t<div class=\"elementor-element elementor-element-9a3ddc2 elementor-widget elementor-widget-heading\" data-id=\"9a3ddc2\" data-element_type=\"widget\" data-e-type=\"widget\" data-widget_type=\"heading.default\">\n\t\t\t\t<div class=\"elementor-widget-container\">\n\t\t\t\t\t<h2 class=\"elementor-heading-title elementor-size-default\">ESG-NACHHALTIGKEITSBERICHT \u2013 UMWELTMANAGEMENT<\/h2>\t\t\t\t<\/div>\n\t\t\t\t<\/div>\n\t\t\t\t<div class=\"elementor-element elementor-element-ff65cee xts-scheme-inherit xts-textalign-inherit elementor-widget elementor-widget-text-editor\" data-id=\"ff65cee\" data-element_type=\"widget\" data-e-type=\"widget\" data-widget_type=\"text-editor.default\">\n\t\t\t\t<div class=\"elementor-widget-container\">\n\t\t\t\t\t\t\t\t\t<p>Der <strong>ESG-Nachhaltigkeitsbericht<\/strong> ist ein Dokument, das das Engagement des Unternehmens f\u00fcr ein verantwortungsbewusstes Management von Umwelt-, Sozial- und Governance-Aspekten beschreibt. <span style=\"text-decoration: underline;\">Im Umweltbereich setzt das Unternehmen Ma\u00dfnahmen zur Reduzierung der Energieauswirkungen um und verwendet ausschlie\u00dflich Strom aus erneuerbaren Energiequellen<\/span>. Sie k\u00f6nnen ihn <a href=\"https:\/\/www.rtecomponenti.it\/wp-content\/uploads\/2026\/03\/Report-di-Sostenibilita-ESG-x-Clienti-Inglese.pdf\" target=\"_blank\" rel=\"noopener\">hier<\/a> einsehen.<\/p>\t\t\t\t\t\t\t\t<\/div>\n\t\t\t\t<\/div>\n\t\t\t\t\t<\/div>\n\t\t<\/div>\n\t\t\t\t<div class=\"elementor-column elementor-col-50 elementor-top-column elementor-element elementor-element-2e8ac29\" data-id=\"2e8ac29\" data-element_type=\"column\" data-e-type=\"column\">\n\t\t\t<div class=\"elementor-widget-wrap elementor-element-populated\">\n\t\t\t\t\t\t<div class=\"elementor-element elementor-element-9eb288d elementor-widget elementor-widget-image\" data-id=\"9eb288d\" data-element_type=\"widget\" data-e-type=\"widget\" data-widget_type=\"image.default\">\n\t\t\t\t<div class=\"elementor-widget-container\">\n\t\t\t\t\t\t\t\t\t\t\t\t\t\t\t<img fetchpriority=\"high\" decoding=\"async\" width=\"1075\" height=\"800\" src=\"https:\/\/www.rtecomponenti.it\/wp-content\/uploads\/2026\/03\/Logo_ufficiale_Scelgo_Pulito_HR-1075x800.webp\" class=\"attachment-large size-large wp-image-36183\" alt=\"\" srcset=\"https:\/\/www.rtecomponenti.it\/wp-content\/uploads\/2026\/03\/Logo_ufficiale_Scelgo_Pulito_HR-1075x800.webp 1075w, https:\/\/www.rtecomponenti.it\/wp-content\/uploads\/2026\/03\/Logo_ufficiale_Scelgo_Pulito_HR-400x298.webp 400w, https:\/\/www.rtecomponenti.it\/wp-content\/uploads\/2026\/03\/Logo_ufficiale_Scelgo_Pulito_HR-768x572.webp 768w, https:\/\/www.rtecomponenti.it\/wp-content\/uploads\/2026\/03\/Logo_ufficiale_Scelgo_Pulito_HR-1536x1143.webp 1536w, https:\/\/www.rtecomponenti.it\/wp-content\/uploads\/2026\/03\/Logo_ufficiale_Scelgo_Pulito_HR-460x342.webp 460w, https:\/\/www.rtecomponenti.it\/wp-content\/uploads\/2026\/03\/Logo_ufficiale_Scelgo_Pulito_HR-1000x744.webp 1000w, https:\/\/www.rtecomponenti.it\/wp-content\/uploads\/2026\/03\/Logo_ufficiale_Scelgo_Pulito_HR-300x223.webp 300w, https:\/\/www.rtecomponenti.it\/wp-content\/uploads\/2026\/03\/Logo_ufficiale_Scelgo_Pulito_HR.webp 1654w\" sizes=\"(max-width: 1075px) 100vw, 1075px\" \/>\t\t\t\t\t\t\t\t\t\t\t\t\t\t\t<\/div>\n\t\t\t\t<\/div>\n\t\t\t\t\t<\/div>\n\t\t<\/div>\n\t\t\t\t\t<\/div>\n\t\t<\/section>\n\t\t\t\t<\/div>\n\t\t","protected":false},"excerpt":{"rendered":"<p>ERKL\u00c4RUNGEN KONFORMIT\u00c4TSERKL\u00c4RUNG PRODUKTE Die Konformit\u00e4tserkl\u00e4rung bescheinigt, dass das Produkt den einschl\u00e4gigen grundlegenden Anforderungen der einschl\u00e4gigen Richtlinien und Normen entspricht. Fordern Sie die Konformit\u00e4tserkl\u00e4rung an,\u00a0indem Sie die Telefonnummer 0373\/920659 kontaktieren oder die Anfrage an commerciale@rtecomponenti.it senden. ERKL\u00c4RUNG RoHS &#8211; RoHS 2 &#8211; RoHS 3 Die RoHS-Richtlinie\u00a0ist die Gesetzgebung, die Beschr\u00e4nkungen f\u00fcr die Verwendung bestimmter gef\u00e4hrlicher Stoffe [&hellip;]<\/p>\n","protected":false},"author":1,"featured_media":0,"parent":0,"menu_order":0,"comment_status":"closed","ping_status":"closed","template":"","meta":{"_monsterinsights_skip_tracking":false,"_monsterinsights_sitenote_active":false,"_monsterinsights_sitenote_note":"","_monsterinsights_sitenote_category":0,"footnotes":""},"class_list":["post-32243","page","type-page","status-publish","hentry"],"_links":{"self":[{"href":"https:\/\/www.rtecomponenti.it\/de\/wp-json\/wp\/v2\/pages\/32243","targetHints":{"allow":["GET"]}}],"collection":[{"href":"https:\/\/www.rtecomponenti.it\/de\/wp-json\/wp\/v2\/pages"}],"about":[{"href":"https:\/\/www.rtecomponenti.it\/de\/wp-json\/wp\/v2\/types\/page"}],"author":[{"embeddable":true,"href":"https:\/\/www.rtecomponenti.it\/de\/wp-json\/wp\/v2\/users\/1"}],"replies":[{"embeddable":true,"href":"https:\/\/www.rtecomponenti.it\/de\/wp-json\/wp\/v2\/comments?post=32243"}],"version-history":[{"count":13,"href":"https:\/\/www.rtecomponenti.it\/de\/wp-json\/wp\/v2\/pages\/32243\/revisions"}],"predecessor-version":[{"id":36275,"href":"https:\/\/www.rtecomponenti.it\/de\/wp-json\/wp\/v2\/pages\/32243\/revisions\/36275"}],"wp:attachment":[{"href":"https:\/\/www.rtecomponenti.it\/de\/wp-json\/wp\/v2\/media?parent=32243"}],"curies":[{"name":"wp","href":"https:\/\/api.w.org\/{rel}","templated":true}]}}