{"id":34102,"date":"2023-12-11T11:55:07","date_gmt":"2023-12-11T11:55:07","guid":{"rendered":"https:\/\/www.rtecomponenti.it\/prodotto\/schrumpfschlauch-stp125\/"},"modified":"2026-02-12T15:43:55","modified_gmt":"2026-02-12T15:43:55","slug":"schrumpfschlauch-stp125","status":"publish","type":"product","link":"https:\/\/www.rtecomponenti.it\/de\/prodikt\/schrumpfschlaeuche\/schrumpfschlauche-mit-schrumpfung-2%c3%b71\/schrumpfschlauch-stp125\/","title":{"rendered":"Schrumpfschlauch STP125"},"content":{"rendered":"\t\t<div data-elementor-type=\"product-post\" data-elementor-id=\"34102\" class=\"elementor elementor-34102 elementor-27244\" data-elementor-post-type=\"product\">\n\t\t\t\t\t\t<section class=\"xts-negative-gap elementor-section elementor-top-section elementor-element elementor-element-61296764 elementor-section-boxed elementor-section-height-default elementor-section-height-default xts-section-disabled\" data-id=\"61296764\" data-element_type=\"section\" data-e-type=\"section\">\n\t\t\t\t\t\t<div class=\"elementor-container elementor-column-gap-default\">\n\t\t\t\t\t<div class=\"elementor-column elementor-col-100 elementor-top-column elementor-element elementor-element-16276c69\" data-id=\"16276c69\" data-element_type=\"column\" data-e-type=\"column\">\n\t\t\t<div class=\"elementor-widget-wrap elementor-element-populated\">\n\t\t\t\t\t\t<div class=\"elementor-element elementor-element-2d65cb70 xts-scheme-inherit xts-textalign-inherit elementor-widget elementor-widget-text-editor\" data-id=\"2d65cb70\" data-element_type=\"widget\" data-e-type=\"widget\" data-widget_type=\"text-editor.default\">\n\t\t\t\t<div class=\"elementor-widget-container\">\n\t\t\t\t\t\t\t\t\t<h2>Schrumpfschlauch STP125<\/h2>\n<ul>\n \t<li><b>Material: <\/b><span style=\"font-weight: 400;\">Polyolefin<\/span><\/li>\n \t<li><b>Verengung: <\/b><span style=\"font-weight: 400;\">2:1<\/span><\/li>\n \t<li><b>Anwendungsbereich:<\/b><span style=\"font-weight: 400;\"> Elektrische Isolierung, Feuchtigkeitsschutz, mechanischer Schutz und Kabelkennzeichnung.<\/span><\/li>\n \t<li><b>Minimale Schrumpftemperatur: <\/b><span style=\"font-weight: 400;\">&gt; +90 \u00b0C<\/span><\/li>\n \t<li><b>Betriebstemperatur min\/max: <\/b><span style=\"font-weight: 400;\">-55 \u00b0C bis +125 \u00b0C<\/span><\/li>\n \t<li><b>Selbstl\u00f6schung (ausgenommen transparente Ummantelung):<\/b><span style=\"font-weight: 400;\"> nach UL 224 VW-1<\/span><\/li>\n \t<li><b>Farben: <\/b><span style=\"font-weight: 400;\">Schwarz &#8211; Wei\u00df &#8211; Rot &#8211; Gelb Blau &#8211; Gr\u00fcn &#8211; Transparent<\/span><\/li>\n \t<li><b>Selbstl\u00f6schung<\/b><span style=\"font-weight: 400;\">: nach UL 224 VW-1<\/span><\/li>\n \t<li><b>Zugfestigkeit:<\/b><span style=\"font-weight: 400;\"> 15 MPA nach ISO37<\/span><\/li>\n \t<li><b>Zugfestigkeit nach Alterung (7 Tage)<\/b><span style=\"font-weight: 400;\">: 12 MPA<\/span><\/li>\n \t<li><b>Bruchdehnung:<\/b><span style=\"font-weight: 400;\"> 450% nach ISO37<\/span><\/li>\n \t<li><b>Dehnung nach W\u00e4rmealterungstest:<\/b><span style=\"font-weight: 400;\"> 400 % (168 Stunden bei 158 \u00b0C)<\/span><\/li>\n \t<li><b>Hitzeschock:<\/b><span style=\"font-weight: 400;\"> Kein Abtropfen, Verrutschen oder Rei\u00dfen (4 Stunden bei 250 \u00b0C)\u00a0<\/span><\/li>\n \t<li><b>Wasseraufnahme:<\/b><span style=\"font-weight: 400;\"> 0,2% nach ASTMD570<\/span><\/li>\n \t<li><b>Fl\u00fcssigkeitsbest\u00e4ndigkeit:<\/b><span style=\"font-weight: 400;\"> nach ISO1817, ISO37 MIL-1-23053<\/span><\/li>\n \t<li><b>Spannungsfestigkeit:<\/b><span style=\"font-weight: 400;\"> \u2265 15 KV\/mm<\/span><\/li>\n \t<li><b>L\u00e4ngs\u00e4nderung:<\/b><span style=\"font-weight: 400;\"> \u00b15%<\/span><\/li>\n<\/ul>\n<h3>Hinweis zur W\u00e4rmeschrumpfung<\/h3>\n<ol>\n \t<li aria-level=\"1\">Verwenden Sie zum Schrumpfen des Schrumpfschlauchs Ger\u00e4te, die f\u00fcr diesen speziellen Vorgang hergestellt wurden, wie z. B. Pistolen oder Hei\u00dflufttunnel.<\/li>\n \t<li aria-level=\"1\">Schrumpfen Sie die Ummantelung, indem Sie nur an einem Ende beginnen, dem kritischsten, und gehen Sie dann langsam zum gegen\u00fcberliegenden Ende. Diese Methode verhindert die Bildung von Luftblasen zwischen der Innenwand des Schrumpfschlauchs und dem Objekt, das er bedeckt.<\/li>\n \t<li aria-level=\"1\">F\u00fcr den Fall, dass das abzudeckende Objekt aus Metall oder einem guten W\u00e4rmeleiter besteht, wird empfohlen, das Objekt vorzuheizen, um &#8222;kalte Bereiche&#8220; zu vermeiden, um eine perfekte und weiche Anpassung des Schrumpfschlauchs zu erm\u00f6glichen.<\/li>\n \t<li aria-level=\"1\">Um eine \u00dcberhitzung des Schrumpfschlauchs zu vermeiden, sorgen Sie f\u00fcr eine gleichm\u00e4\u00dfige W\u00e4rmeverteilung. Eine \u00fcberm\u00e4\u00dfige Erw\u00e4rmung des Materials w\u00e4hrend des Schrumpfvorgangs kann zu Blasenbildung, Verf\u00e4rbungen und in einigen F\u00e4llen sogar zum Bruch des Schrumpfschlauchs f\u00fchren.<\/li>\n<\/ol>\t\t\t\t\t\t\t\t<\/div>\n\t\t\t\t<\/div>\n\t\t\t\t\t<\/div>\n\t\t<\/div>\n\t\t\t\t\t<\/div>\n\t\t<\/section>\n\t\t\t\t<\/div>\n\t\t","protected":false},"excerpt":{"rendered":"<p><strong>SCHRUMPFSCHLAUCH SELBSTVERL\u00d6SCHEND AUS POLYOLEFIN SCHRUMPFUNG 2:1<\/strong><\/p>\n<p><span style=\"font-weight: 400;\">Der Polyolefin-Schrumpfschlauch der Serie STP125 ist ein selbstverl\u00f6schender Schlauch mit <strong>hervorragenden physikalischen und elektrischen Eigenschaften<\/strong>. Ideal f\u00fcr allgemeine <strong>Verkleidungs-<\/strong>, <strong>Verkabelungs-<\/strong> und Isolationsanwendungen, passt sich dieser Schrumpfschlauch dank der Einfachheit, mit der er sich verengt, sehr leicht an das zu verkleidende Teil an. Verpackung in Spulen.\u00a0<\/span><\/p>\n<ul>\n<li><b>Schrumpfungsverh\u00e4ltnis 2:1<\/b><span style=\"font-weight: 400;\">\u00a0Die Ummantelung schrumpft um das 2-fache des Anfangsdurchmessers.\u00a0<\/span><\/li>\n<li><span style=\"font-weight: 400;\"><strong>Verf\u00fcgbare Durchmesser: <\/strong>von 1,2 mm bis 180,0 mm.\u00a0<\/span><\/li>\n<li><b>Betriebstemperatur:<\/b><span style=\"font-weight: 400;\"> -55\u00b0C bis +125\u00b0C.\u00a0<\/span><\/li>\n<li><b>Entspricht den Normen:<\/b><span style=\"font-weight: 400;\"><em> UL 224 VW-1<\/em>, <em>ISO37<\/em>, <em>ASTMD570<\/em>, <em>ISO1817<\/em> und <em>ISO37 MIL-1-23053<\/em>.<\/span><\/li>\n<\/ul>\n<p><span style=\"font-weight: 400;\">Zulassung: <\/span><img decoding=\"async\" src=\"\/staging\/wp-content\/uploads\/2023\/12\/CRUUS.webp\" \/><a href=\"https:\/\/drive.google.com\/file\/d\/1--W6OD0Z9YvPB9PApjKX_vHkH0CZiHPT\/view?usp=sharing\"><span style=\"font-weight: 400;\"> File 305771<\/span><span style=\"font-weight: 400;\"><br \/>\n<\/span><\/a><\/p>\n[elementor-template id=\"27015\"]\n","protected":false},"featured_media":31647,"comment_status":"closed","ping_status":"closed","template":"","meta":{"_monsterinsights_skip_tracking":false,"_monsterinsights_sitenote_active":false,"_monsterinsights_sitenote_note":"","_monsterinsights_sitenote_category":0},"product_brand":[],"product_cat":[1017,1018],"product_tag":[1019],"class_list":{"0":"post-34102","1":"product","2":"type-product","3":"status-publish","4":"has-post-thumbnail","6":"product_cat-schrumpfschlaeuche","7":"product_cat-schrumpfschlauche-mit-schrumpfung-21","8":"product_tag-125g-de","10":"first","11":"instock","12":"virtual","13":"product-type-simple"},"_links":{"self":[{"href":"https:\/\/www.rtecomponenti.it\/de\/wp-json\/wp\/v2\/product\/34102","targetHints":{"allow":["GET"]}}],"collection":[{"href":"https:\/\/www.rtecomponenti.it\/de\/wp-json\/wp\/v2\/product"}],"about":[{"href":"https:\/\/www.rtecomponenti.it\/de\/wp-json\/wp\/v2\/types\/product"}],"replies":[{"embeddable":true,"href":"https:\/\/www.rtecomponenti.it\/de\/wp-json\/wp\/v2\/comments?post=34102"}],"version-history":[{"count":4,"href":"https:\/\/www.rtecomponenti.it\/de\/wp-json\/wp\/v2\/product\/34102\/revisions"}],"predecessor-version":[{"id":36130,"href":"https:\/\/www.rtecomponenti.it\/de\/wp-json\/wp\/v2\/product\/34102\/revisions\/36130"}],"wp:featuredmedia":[{"embeddable":true,"href":"https:\/\/www.rtecomponenti.it\/de\/wp-json\/wp\/v2\/media\/31647"}],"wp:attachment":[{"href":"https:\/\/www.rtecomponenti.it\/de\/wp-json\/wp\/v2\/media?parent=34102"}],"wp:term":[{"taxonomy":"product_brand","embeddable":true,"href":"https:\/\/www.rtecomponenti.it\/de\/wp-json\/wp\/v2\/product_brand?post=34102"},{"taxonomy":"product_cat","embeddable":true,"href":"https:\/\/www.rtecomponenti.it\/de\/wp-json\/wp\/v2\/product_cat?post=34102"},{"taxonomy":"product_tag","embeddable":true,"href":"https:\/\/www.rtecomponenti.it\/de\/wp-json\/wp\/v2\/product_tag?post=34102"}],"curies":[{"name":"wp","href":"https:\/\/api.w.org\/{rel}","templated":true}]}}