{"id":34103,"date":"2023-12-11T11:55:09","date_gmt":"2023-12-11T11:55:09","guid":{"rendered":"https:\/\/www.rtecomponenti.it\/prodotto\/hl-trockner-fuer-schrumpfschlaeuche\/"},"modified":"2024-06-11T06:41:23","modified_gmt":"2024-06-11T06:41:23","slug":"hl-trockner-fuer-schrumpfschlaeuche","status":"publish","type":"product","link":"https:\/\/www.rtecomponenti.it\/de\/prodikt\/zubehor-fur-die-verlegung\/zubehor-fur-schrumpfschlauche\/hl-trockner-fuer-schrumpfschlaeuche\/","title":{"rendered":"HL-Trockner f\u00fcr Schrumpfschl\u00e4uche"},"content":{"rendered":"<h2>Trockner f\u00fcr Schrumpfschl\u00e4uche &#8222;Serie HL&#8220;, 2000 Watt<\/h2>\n<ul>\n<li><strong>Versorgungsspannung:<\/strong> 230\/240 V 50 Hz<\/li>\n<li><strong>Leistung:<\/strong> 2000 W<\/li>\n<li><strong>Temperatur:<\/strong> 80 \u00b0C bis 600 \u00b0C<\/li>\n<li><strong>Temperaturregelung: <\/strong>stufenlos, \u00fcber Drehknopf<\/li>\n<li><strong>Luftvolumen:<\/strong> Schalter Pos. 1\\150 Liter\/MIN; Schalter Pos. 2\\300 Liter\/MIN; Schalter Pos. 3\\500 Liter\/MIN.<\/li>\n<li><strong>Abmessungen: <\/strong>253 mm x 84,5 mm x 200 mm (L\u00e4nge x Breite x H\u00f6he)<\/li>\n<li><strong>Gewicht:<\/strong> 850 g<\/li>\n<\/ul>\n","protected":false},"excerpt":{"rendered":"<p><strong>TROCKNER F\u00dcR SCHRUMPFSCHL\u00c4UCHE \u201eSERIE HL\u201c<\/strong><\/p>\n<p>Die Trockner zum Schrumpfen der Schrumpfschl\u00e4uche \u201eSerie HL\u201c eignen sich aufgrund ihrer Leichtigkeit und Handlichkeit besonders f\u00fcr den Einsatz in Produktionslinien. Sie sind auch in der digitalen Version \u201eHL 2020E\u201c erh\u00e4ltlich und erm\u00f6glichen die st\u00e4ndige Anzeige der Austrittstemperatur der Hei\u00dfluft.<\/p>\n<ul>\n<li><strong>Versorgungsspannung:<\/strong> 230\\240V &#8211; 50Hz<\/li>\n<li><strong>L\u00e4nge des Versorgungskabels:<\/strong> 1,5 m<\/li>\n<li><strong>Temperaturregelung des Diffusors:<\/strong> 80\u00b0C bis 600\u00b0C<\/li>\n<li><strong>Leistung:<\/strong> 2000 W<\/li>\n<li><strong>Luftvolumen:<\/strong> 150 l\/min bis 500 l\/min<\/li>\n<li><strong>Verwendung:<\/strong> Schrumpfschl\u00e4uche<\/li>\n<\/ul>\n[elementor-template id=\"28629\"]\n","protected":false},"featured_media":31775,"comment_status":"closed","ping_status":"closed","template":"","meta":{"_monsterinsights_skip_tracking":false,"_monsterinsights_sitenote_active":false,"_monsterinsights_sitenote_note":"","_monsterinsights_sitenote_category":0},"product_brand":[],"product_cat":[1020,1021],"product_tag":[],"class_list":{"0":"post-34103","1":"product","2":"type-product","3":"status-publish","4":"has-post-thumbnail","6":"product_cat-zubehor-fur-die-verlegung","7":"product_cat-zubehor-fur-schrumpfschlauche","9":"first","10":"instock","11":"shipping-taxable","12":"product-type-simple"},"_links":{"self":[{"href":"https:\/\/www.rtecomponenti.it\/de\/wp-json\/wp\/v2\/product\/34103","targetHints":{"allow":["GET"]}}],"collection":[{"href":"https:\/\/www.rtecomponenti.it\/de\/wp-json\/wp\/v2\/product"}],"about":[{"href":"https:\/\/www.rtecomponenti.it\/de\/wp-json\/wp\/v2\/types\/product"}],"replies":[{"embeddable":true,"href":"https:\/\/www.rtecomponenti.it\/de\/wp-json\/wp\/v2\/comments?post=34103"}],"version-history":[{"count":0,"href":"https:\/\/www.rtecomponenti.it\/de\/wp-json\/wp\/v2\/product\/34103\/revisions"}],"wp:featuredmedia":[{"embeddable":true,"href":"https:\/\/www.rtecomponenti.it\/de\/wp-json\/wp\/v2\/media\/31775"}],"wp:attachment":[{"href":"https:\/\/www.rtecomponenti.it\/de\/wp-json\/wp\/v2\/media?parent=34103"}],"wp:term":[{"taxonomy":"product_brand","embeddable":true,"href":"https:\/\/www.rtecomponenti.it\/de\/wp-json\/wp\/v2\/product_brand?post=34103"},{"taxonomy":"product_cat","embeddable":true,"href":"https:\/\/www.rtecomponenti.it\/de\/wp-json\/wp\/v2\/product_cat?post=34103"},{"taxonomy":"product_tag","embeddable":true,"href":"https:\/\/www.rtecomponenti.it\/de\/wp-json\/wp\/v2\/product_tag?post=34103"}],"curies":[{"name":"wp","href":"https:\/\/api.w.org\/{rel}","templated":true}]}}