{"id":34104,"date":"2023-12-11T11:55:09","date_gmt":"2023-12-11T11:55:09","guid":{"rendered":"https:\/\/www.rtecomponenti.it\/prodotto\/schrumpfschlauch-stp-125-bs-niedrige-dicke\/"},"modified":"2026-02-04T08:56:52","modified_gmt":"2026-02-04T08:56:52","slug":"schrumpfschlauch-stp-125-bs-niedrige-dicke","status":"publish","type":"product","link":"https:\/\/www.rtecomponenti.it\/de\/prodikt\/schrumpfschlaeuche\/schrumpfschlauche-mit-schrumpfung-2%c3%b71\/schrumpfschlauch-stp-125-bs-niedrige-dicke\/","title":{"rendered":"Schrumpfschlauch STP 125 BS &#8211; Niedrige Dicke"},"content":{"rendered":"<h2>Schrumpfschlauch STP 125 Niedrig Dicke<\/h2>\n<ul>\n<li><strong>Material<\/strong>: Polyolefin<\/li>\n<li><strong>Schrumpfung<\/strong> 2:1<\/li>\n<li><strong>Anwendungsbereich<\/strong>: Ideal f\u00fcr allgemeine Verkleidungs-, Verkabelungs- und Isolationsanwendungen, passt sich aufgrund seiner einfachen Schrumpfung sehr leicht an das zu verkleidende Teil an<\/li>\n<li><strong>Minimale Schrumpftemperatur<\/strong>: &gt; +90 \u00b0C<\/li>\n<li><strong>Betriebstemperatur min\/max<\/strong>: -55 \u00b0C bis +125 \u00b0C<\/li>\n<li><strong>Selbstl\u00f6schung<\/strong>: nach UL 224 VW-1<\/li>\n<li><strong>Verf\u00fcgbare Farben<\/strong>: Schwarz und andere Farben auf Anfrage<\/li>\n<li><strong>Zugfestigkeit<\/strong>: 14 MPA<\/li>\n<li><strong>Zugfestigkeit nach Alterung (7 Tage)<\/strong>: 10 MPA<\/li>\n<li><strong>Bruchdehnung<\/strong>: 400%<\/li>\n<li><strong>Dehnung nach W\u00e4rmealterungstest<\/strong>: 300 % (168 Stunden bei 158 \u00b0C)<\/li>\n<li><strong>Hitzeschock<\/strong>: Kein Abtropfen, Verrutschen oder Rei\u00dfen (4 Stunden bei 250 \u00b0C)<\/li>\n<li><strong>Wasseraufnahme<\/strong>: 0,2%<\/li>\n<li><strong>L\u00e4ngs\u00e4nderung<\/strong>: \u00b15%<\/li>\n<\/ul>\n<h3>Hinweis zur W\u00e4rmeschrumpfung<\/h3>\n<ol>\n<li aria-level=\"1\">Verwenden Sie zum Schrumpfen des Schrumpfschlauchs Ger\u00e4te, die f\u00fcr diesen speziellen Vorgang hergestellt wurden, wie z. B. Pistolen oder Hei\u00dflufttunnel.<\/li>\n<li aria-level=\"1\">Schrumpfen Sie die Ummantelung, indem Sie nur an einem Ende beginnen, dem kritischsten, und gehen Sie dann langsam zum gegen\u00fcberliegenden Ende. Diese Methode verhindert die Bildung von Luftblasen zwischen der Innenwand des Schrumpfschlauchs und dem Objekt, das er bedeckt.<\/li>\n<li aria-level=\"1\">F\u00fcr den Fall, dass das abzudeckende Objekt aus Metall oder einem guten W\u00e4rmeleiter besteht, wird empfohlen, das Objekt vorzuheizen, um &#8222;kalte Bereiche&#8220; zu vermeiden, um eine perfekte und weiche Anpassung des Schrumpfschlauchs zu erm\u00f6glichen.<\/li>\n<li aria-level=\"1\">Um eine \u00dcberhitzung des Schrumpfschlauchs zu vermeiden, sorgen Sie f\u00fcr eine gleichm\u00e4\u00dfige W\u00e4rmeverteilung. Eine \u00fcberm\u00e4\u00dfige Erw\u00e4rmung des Materials w\u00e4hrend des Schrumpfvorgangs kann zu Blasenbildung, Verf\u00e4rbungen und in einigen F\u00e4llen sogar zum Bruch des Schrumpfschlauchs f\u00fchren.<\/li>\n<\/ol>\n","protected":false},"excerpt":{"rendered":"<p><strong>SELBSTVERL\u00d6SCHENDER SCHRUMPFSCHLAUCH AUS POLYOLEFIN &#8222;STP-BS-SERIE&#8220; MIT GERINGER SCHRUMPFDICKE 2:1<\/strong><\/p>\n<p>Die Polyolefinh\u00fclle der Serie STP125-BS ist eine selbstverl\u00f6schende Schrumpfh\u00fclle mit <strong>hervorragenden physikalischen und elektrischen Eigenschaften<\/strong>. Ideal f\u00fcr allgemeine Verkleidungs-, Verkabelungs- und Isolationsanwendungen, <strong>passt es sich dank der Einfachheit, mit der es sich verengt, sehr leicht an das zu verkleidende<\/strong> Teil an. Dar\u00fcber hinaus wird sie aufgrund ihrer schnellen Schrumpfung <strong>besonders bei Anwendungen eingesetzt<\/strong>, bei denen eine <strong>Verk\u00fcrzung der Schrumpf- und\/oder Verarbeitungszeiten<\/strong> erforderlich ist.<\/p>\n<p>\u2022 <strong>Schrumpfungsverh\u00e4ltnis 2:1<\/strong>\u00a0Die Ummantelung schrumpft doppelt so stark wie der Anfangsdurchmesser<br \/>\n\u2022 <strong>Verf\u00fcgbare Durchmesser: <\/strong>von 1.2mm bis 25.4mm<br \/>\n\u2022 <strong>Betriebstemperatur:<\/strong> -55\u00b0C bis +125\u00b0C<br \/>\n\u2022 <strong>Entspricht den Normen:<\/strong> <em>UL 224 VW-1<\/em>, <em>ISO37<\/em>, <em>ASTMD570<\/em>, <em>ISO1817<\/em> und <em>ISO37 MIL-1-23053<\/em><\/p>\n<p><span style=\"font-weight: 400;\">Zulassung: <\/span><img decoding=\"async\" src=\"\/staging\/wp-content\/uploads\/2023\/12\/CRUUS.webp\" \/><a href=\"https:\/\/drive.google.com\/file\/d\/1--W6OD0Z9YvPB9PApjKX_vHkH0CZiHPT\/view?usp=sharing\"><span style=\"font-weight: 400;\"> File 305771<\/span><span style=\"font-weight: 400;\"><br \/>\n<\/span><\/a><br \/>\n[elementor-template id=\"28634\"]<\/p>\n","protected":false},"featured_media":31777,"comment_status":"closed","ping_status":"closed","template":"","meta":{"_monsterinsights_skip_tracking":false,"_monsterinsights_sitenote_active":false,"_monsterinsights_sitenote_note":"","_monsterinsights_sitenote_category":0},"product_brand":[],"product_cat":[1017,1018],"product_tag":[],"class_list":{"0":"post-34104","1":"product","2":"type-product","3":"status-publish","4":"has-post-thumbnail","6":"product_cat-schrumpfschlaeuche","7":"product_cat-schrumpfschlauche-mit-schrumpfung-21","9":"first","10":"instock","11":"shipping-taxable","12":"product-type-simple"},"_links":{"self":[{"href":"https:\/\/www.rtecomponenti.it\/de\/wp-json\/wp\/v2\/product\/34104","targetHints":{"allow":["GET"]}}],"collection":[{"href":"https:\/\/www.rtecomponenti.it\/de\/wp-json\/wp\/v2\/product"}],"about":[{"href":"https:\/\/www.rtecomponenti.it\/de\/wp-json\/wp\/v2\/types\/product"}],"replies":[{"embeddable":true,"href":"https:\/\/www.rtecomponenti.it\/de\/wp-json\/wp\/v2\/comments?post=34104"}],"version-history":[{"count":1,"href":"https:\/\/www.rtecomponenti.it\/de\/wp-json\/wp\/v2\/product\/34104\/revisions"}],"predecessor-version":[{"id":35960,"href":"https:\/\/www.rtecomponenti.it\/de\/wp-json\/wp\/v2\/product\/34104\/revisions\/35960"}],"wp:featuredmedia":[{"embeddable":true,"href":"https:\/\/www.rtecomponenti.it\/de\/wp-json\/wp\/v2\/media\/31777"}],"wp:attachment":[{"href":"https:\/\/www.rtecomponenti.it\/de\/wp-json\/wp\/v2\/media?parent=34104"}],"wp:term":[{"taxonomy":"product_brand","embeddable":true,"href":"https:\/\/www.rtecomponenti.it\/de\/wp-json\/wp\/v2\/product_brand?post=34104"},{"taxonomy":"product_cat","embeddable":true,"href":"https:\/\/www.rtecomponenti.it\/de\/wp-json\/wp\/v2\/product_cat?post=34104"},{"taxonomy":"product_tag","embeddable":true,"href":"https:\/\/www.rtecomponenti.it\/de\/wp-json\/wp\/v2\/product_tag?post=34104"}],"curies":[{"name":"wp","href":"https:\/\/api.w.org\/{rel}","templated":true}]}}