{"id":34106,"date":"2023-12-11T11:55:10","date_gmt":"2023-12-11T11:55:10","guid":{"rendered":"https:\/\/www.rtecomponenti.it\/prodotto\/schrumpfschlauch-hff-105-halogen-free\/"},"modified":"2025-06-16T06:13:26","modified_gmt":"2025-06-16T06:13:26","slug":"schrumpfschlauch-hff-105-halogen-free","status":"publish","type":"product","link":"https:\/\/www.rtecomponenti.it\/de\/prodikt\/schrumpfschlaeuche\/schrumpfschlauche-mit-schrumpfung-2%c3%b71\/schrumpfschlauch-hff-105-halogen-free\/","title":{"rendered":"Schrumpfschlauch HFF-105 Halogen Free"},"content":{"rendered":"<h3>Technische Daten<\/h3>\n<ul>\n<li>Material: Polyolefin<\/li>\n<li>Schrumpfung: 2:1<\/li>\n<li>Betriebstemperatur: -55 \u00b0C bis +105 \u00b0C<\/li>\n<li>Minimale Schrumpftemperatur: &gt; 90 \u00b0C<\/li>\n<li>Max. Temperatur f\u00fcr kurze Dauer: +125 \u00b0C<\/li>\n<li>Spezifisches Gewicht: 1,40 g\/cm\u00b3<\/li>\n<li>Volumenwiderstand: 10\u00b9\u00b9 Ohm.cm<\/li>\n<li>Spannungsfestigkeit: 20 KV\/mm<\/li>\n<li>Kennzeichnungsf\u00e4higkeit: Ausgezeichnet, W\u00e4rme\u00fcbertragung<\/li>\n<\/ul>\n<h3>Verf\u00fcgbare Farben:<\/h3>\n<ul>\n<li>Wei\u00df, Gelb, Schwarz (Durchmesser 1,2 mm nur in Schwarz erh\u00e4ltlich)<\/li>\n<li>Auf Anfrage lieferbare Durchmesser: 2,4 mm, 3,2 mm, 4,8 mm, 6,4 mm (flach)<\/li>\n<\/ul>\n<h3>Thermische und mechanische Leistung<\/h3>\n<ul>\n<li>Zugfestigkeit: 10 N\/mm\u00b2 (nach ASTM D 638)<\/li>\n<li>Bruchdehnung: 200%<\/li>\n<li>L\u00e4ngs\u00e4nderung: -10% \/ +5%<\/li>\n<li>Hitzeschock: kein Schaden (4 Stunden bei 175 \u00b0C)<\/li>\n<li>Dehnung nach Hitzebest\u00e4ndigkeitstest: \u2265100% (168 Std. bei 150\u00b0C)<\/li>\n<li>Niedrige Flexibilit\u00e4tstemperatur: keine Risse bei -55 \u00b0C<\/li>\n<li>Wasseraufnahme: \u22640,15%<\/li>\n<li>Fl\u00fcssigkeitsbest\u00e4ndigkeit: Gut<\/li>\n<li>Kupferkorrosion: Keine<\/li>\n<\/ul>\n<p>Sicherheit und Einhaltung gesetzlicher Vorschriften<\/p>\n<p>Die HFF-105-H\u00fclle entspricht den internationalen Sicherheitsvorschriften und garantiert eine hohe Brandschutzleistung und reduzierte giftige Rauchemissionen. Entspricht:<\/p>\n<ul>\n<li>Entflammbarkeit: FMVSS-Vorschrift 302<\/li>\n<li>Brandverhalten und Bestimmung von Rauch und Gasen:\n<ul>\n<li>BS6853 (1999) Fahrzeuge Kategorie 1<\/li>\n<li>HL3 gem\u00e4\u00df den Anforderungen R22 \u2013 R23 der Bahnnorm EN 45545-2:2013+A1:2015<\/li>\n<li>LVL1-085 Anforderung A3 Boeing BS7239<\/li>\n<\/ul>\n<\/li>\n<li>Sauerstoffindex: 35%<\/li>\n<\/ul>\n<h3>Anwendungen<\/h3>\n<ul>\n<li>Elektrische Anlagen und Verkabelungen in Schienenfahrzeugen, bei denen die Gefahr von Br\u00e4nden und Rauchsch\u00e4den reduziert werden muss<\/li>\n<li>Anwendungen, die Feuerbest\u00e4ndigkeit und geringe Emissionen giftiger D\u00e4mpfe erfordern, wie in der Bahn- und Luft- und Raumfahrtindustrie<\/li>\n<li>Kabelkennzeichnung durch W\u00e4rme\u00fcbertragungssysteme dank hervorragender Mantelkennzeichnungsf\u00e4higkeit<\/li>\n<\/ul>\n","protected":false},"excerpt":{"rendered":"<div class=\"woocommerce-product-details__short-description\">\n<h2><span style=\"font-weight: 400; font-size: 18px;\">Ummantelung f\u00fcr den Eisenbahnsektor mit EN45545-Konformit\u00e4t<\/span><\/h2>\n<p>Der Schrumpfschlauch HFF-105 Halogen Free, der den internationalen Normen wie EN 45545-2 und BS7239 entspricht, ist eine fortschrittliche L\u00f6sung zum Schutz von elektrischen Kabeln in Eisenbahn- und Industrieumgebungen. Es besteht aus Polyolefin und bietet hervorragende physikalische und elektrische Eigenschaften, darunter eine hohe Feuerbest\u00e4ndigkeit und <strong>sehr geringe Emissionen giftiger D\u00e4mpfe im Brandfall<\/strong>, die die grundlegenden Anforderungen f\u00fcr Bahnanwendungen erf\u00fcllen.<\/p>\n<ul>\n<li>Schrumpfverh\u00e4ltnis 2:1: Die H\u00fclle schrumpft doppelt so stark wie der Anfangsdurchmesser<\/li>\n<li>Verf\u00fcgbare Durchmesser: von 1.2mm bis 25.4mm<\/li>\n<li>Betriebstemperatur: -55\u00b0C bis +105\u00b0C<\/li>\n<li>In \u00dcbereinstimmung mit den Vorschriften: <em>FMVSS 302<\/em>, BS6853(1999) Fahrzeuge der Kategorie 1a HL3 gem\u00e4\u00df Anforderung R22 \u2013 R23 der Eisenbahnnorm <em>EN 45545-2:2013+A1:2015 LVL1-085<\/em> Anforderung A3 Boeing BS7239, <em>EN ISO 4589-2<\/em>, <em>ASTMD638<\/em>, <em>ASTMD2671<\/em>, <em>ASTMD570<\/em>, <em>ASTMD792<\/em>, <em>IEC 60684-2<\/em>, <em>AMS-DTL-23053\/5<\/em>, <em>ASTMD2671B<\/em>, <em>ASTMD257<\/em><\/li>\n<\/ul>\n<p><span style=\"font-weight: 400;\">Zulassung: <\/span><a href=\"https:\/\/drive.google.com\/file\/d\/116XqK1OBmAr3WwBAd_xTIxDlbkfRqKor\/view?usp=sharing\"><span style=\"font-weight: 400;\"> Nach EN 45545<\/span><span style=\"font-weight: 400;\"><br \/>\n<\/span><\/a><\/p>\n<\/div>\n[elementor-template id=\"28625\"]\n","protected":false},"featured_media":31793,"comment_status":"closed","ping_status":"closed","template":"","meta":{"_monsterinsights_skip_tracking":false,"_monsterinsights_sitenote_active":false,"_monsterinsights_sitenote_note":"","_monsterinsights_sitenote_category":0},"product_brand":[],"product_cat":[1017,1018],"product_tag":[1019],"class_list":{"0":"post-34106","1":"product","2":"type-product","3":"status-publish","4":"has-post-thumbnail","6":"product_cat-schrumpfschlaeuche","7":"product_cat-schrumpfschlauche-mit-schrumpfung-21","8":"product_tag-125g-de","10":"first","11":"instock","12":"shipping-taxable","13":"product-type-simple"},"_links":{"self":[{"href":"https:\/\/www.rtecomponenti.it\/de\/wp-json\/wp\/v2\/product\/34106","targetHints":{"allow":["GET"]}}],"collection":[{"href":"https:\/\/www.rtecomponenti.it\/de\/wp-json\/wp\/v2\/product"}],"about":[{"href":"https:\/\/www.rtecomponenti.it\/de\/wp-json\/wp\/v2\/types\/product"}],"replies":[{"embeddable":true,"href":"https:\/\/www.rtecomponenti.it\/de\/wp-json\/wp\/v2\/comments?post=34106"}],"version-history":[{"count":0,"href":"https:\/\/www.rtecomponenti.it\/de\/wp-json\/wp\/v2\/product\/34106\/revisions"}],"wp:featuredmedia":[{"embeddable":true,"href":"https:\/\/www.rtecomponenti.it\/de\/wp-json\/wp\/v2\/media\/31793"}],"wp:attachment":[{"href":"https:\/\/www.rtecomponenti.it\/de\/wp-json\/wp\/v2\/media?parent=34106"}],"wp:term":[{"taxonomy":"product_brand","embeddable":true,"href":"https:\/\/www.rtecomponenti.it\/de\/wp-json\/wp\/v2\/product_brand?post=34106"},{"taxonomy":"product_cat","embeddable":true,"href":"https:\/\/www.rtecomponenti.it\/de\/wp-json\/wp\/v2\/product_cat?post=34106"},{"taxonomy":"product_tag","embeddable":true,"href":"https:\/\/www.rtecomponenti.it\/de\/wp-json\/wp\/v2\/product_tag?post=34106"}],"curies":[{"name":"wp","href":"https:\/\/api.w.org\/{rel}","templated":true}]}}