{"id":34109,"date":"2023-12-11T11:55:10","date_gmt":"2023-12-11T11:55:10","guid":{"rendered":"https:\/\/www.rtecomponenti.it\/prodotto\/schrumpfschlauch-stp125-minibox\/"},"modified":"2026-02-12T16:02:52","modified_gmt":"2026-02-12T16:02:52","slug":"schrumpfschlauch-stp125-minibox","status":"publish","type":"product","link":"https:\/\/www.rtecomponenti.it\/de\/prodikt\/schrumpfschlaeuche\/schrumpfschlauche-mit-schrumpfung-2%c3%b71\/schrumpfschlauch-stp125-minibox\/","title":{"rendered":"Schrumpfschlauch STP125 MINIBOX"},"content":{"rendered":"\t\t<div data-elementor-type=\"product-post\" data-elementor-id=\"34109\" class=\"elementor elementor-34109 elementor-27251\" data-elementor-post-type=\"product\">\n\t\t\t\t\t\t<section class=\"xts-negative-gap elementor-section elementor-top-section elementor-element elementor-element-b806e50 elementor-section-boxed elementor-section-height-default elementor-section-height-default xts-section-disabled\" data-id=\"b806e50\" data-element_type=\"section\" data-e-type=\"section\">\n\t\t\t\t\t\t<div class=\"elementor-container elementor-column-gap-default\">\n\t\t\t\t\t<div class=\"elementor-column elementor-col-100 elementor-top-column elementor-element elementor-element-68e1a8dc\" data-id=\"68e1a8dc\" data-element_type=\"column\" data-e-type=\"column\">\n\t\t\t<div class=\"elementor-widget-wrap elementor-element-populated\">\n\t\t\t\t\t\t<div class=\"elementor-element elementor-element-16ff9a04 xts-scheme-inherit xts-textalign-inherit elementor-widget elementor-widget-text-editor\" data-id=\"16ff9a04\" data-element_type=\"widget\" data-e-type=\"widget\" data-widget_type=\"text-editor.default\">\n\t\t\t\t<div class=\"elementor-widget-container\">\n\t\t\t\t\t\t\t\t\t<h2 class=\"product_title entry-title\">Mantel STP125 MINIBOX Schrumpfung 2 : 1<\/h2>\n<ul>\n \t<li><b>Material:\u00a0<\/b>Polyolefin<\/li>\n \t<li><b>Schrumpfung:\u00a0<\/b>2:1<\/li>\n \t<li><b>Einsatzbereich:<\/b> Bereiche mit geringem Mantelverbrauch<\/li>\n \t<li><b>Minimale Schrumpftemperatur:\u00a0<\/b>&gt; +90 \u00b0C<\/li>\n \t<li><b>Betriebstemperatur min\/max:\u00a0<\/b>-55 \u00b0C bis +125 \u00b0C<\/li>\n \t<li><strong>Selbstl\u00f6schung (au\u00dfer transparent): <\/strong>nach UL224 VW-1<\/li>\n \t<li><strong>Farben:<\/strong> Schwarz &#8211; weitere Farben auf Anfrage<\/li>\n \t<li><strong>Spannungsfestigkeit: <\/strong>\u226515 KV\/mm<\/li>\n \t<li><strong>Zugfestigkeit: <\/strong>15 MPA nach ISO37<\/li>\n \t<li><strong>Zugfestigkeit nach Alterung (7 Tage): <\/strong>12 MPA<\/li>\n \t<li><strong>Bruchdehnung:<\/strong> 450%<\/li>\n \t<li><strong>Dehnung nach W\u00e4rmealterungstest: <\/strong>400 % (168 Stunden bei 158 \u00b0C)<\/li>\n \t<li><strong>Hitzeschock: <\/strong>Kein Abtropfen, Verrutschen oder Rei\u00dfen (4 Stunden bei 250 \u00b0C)<\/li>\n \t<li><strong>Wasseraufnahme:<\/strong> 0,2%<\/li>\n \t<li><strong>Fl\u00fcssigkeitsbest\u00e4ndigkeit: <\/strong>nach ISO1817, ISO 37, MIL-1-23053<\/li>\n \t<li><strong>L\u00e4ngs\u00e4nderung: <\/strong>\u00b1 5%<\/li>\n<\/ul>\n<h3>Hinweis zur W\u00e4rmeschrumpfung<\/h3>\n<ol>\n \t<li>Verwenden Sie zum Schrumpfen des Schrumpfschlauchs Ger\u00e4te, die f\u00fcr diesen speziellen Vorgang hergestellt wurden, wie z. B. Pistolen oder Hei\u00dflufttunnel.<\/li>\n \t<li>Schrumpfen Sie die Ummantelung, indem Sie nur an einem Ende beginnen, dem kritischsten, und gehen Sie dann langsam zum gegen\u00fcberliegenden Ende. Diese Methode verhindert die Bildung von Luftblasen zwischen der Innenwand des Schrumpfschlauchs und dem Objekt, das er bedeckt.<\/li>\n \t<li>F\u00fcr den Fall, dass das abzudeckende Objekt aus Metall oder einem guten W\u00e4rmeleiter besteht, wird empfohlen, das Objekt vorzuheizen, um &#8222;kalte Bereiche&#8220; zu vermeiden, um eine perfekte und weiche Anpassung des Schrumpfschlauchs zu erm\u00f6glichen.<\/li>\n \t<li>Um eine \u00dcberhitzung des Schrumpfschlauchs zu vermeiden, sorgen Sie f\u00fcr eine gleichm\u00e4\u00dfige W\u00e4rmeverteilung. Eine \u00fcberm\u00e4\u00dfige Erw\u00e4rmung des Materials w\u00e4hrend des Schrumpfvorgangs kann zu Blasenbildung, Verf\u00e4rbungen und in einigen F\u00e4llen sogar zum Bruch des Schrumpfschlauchs f\u00fchren.<\/li>\n<\/ol>\t\t\t\t\t\t\t\t<\/div>\n\t\t\t\t<\/div>\n\t\t\t\t\t<\/div>\n\t\t<\/div>\n\t\t\t\t\t<\/div>\n\t\t<\/section>\n\t\t\t\t<\/div>\n\t\t","protected":false},"excerpt":{"rendered":"<p><strong>MINIBOX SELBSTVERL\u00d6SCHENDER SCHRUMPFSCHLAUCH AUS POLYOLEFIN SCHRUMPFUNG 2:1<\/strong><\/p>\n<p>Die Miniboxen der Serie STP125-MINIBOX mit selbstverl\u00f6schendem Schrumpfschlauch eignen sich besonders f\u00fcr den Einsatz <strong>in allen Bereichen, in denen der Schlauchverbrauch nicht besonders hoch ist<\/strong>. Ausgestattet mit unserer \u201eUL\u201c &#8211; \u201eCSA\u201c -zugelassenen STP125-Ummantelung werden sie je nach Durchmesser in verschiedenen Gr\u00f6\u00dfen geliefert.<\/p>\n<ul>\n<li><b>Schrumpfungsverh\u00e4ltnis 2:1<\/b>\u00a0Die Ummantelung schrumpft doppelt so stark wie der Anfangsdurchmesser<\/li>\n<li><strong>Verf\u00fcgbare Durchmesser: <\/strong>von 1.2mm bis 25.4mm<\/li>\n<li><b>Betriebstemperatur:<\/b> -55\u00b0C bis +125\u00b0C<\/li>\n<li><b>Entspricht den Normen: <\/b><em>UL224 VW-1<\/em>, <em>ISO37<\/em>, <em>ASTMD570<\/em>, <em>ISO1817<\/em>, <em>MIL-1-23053<\/em><\/li>\n<\/ul>\n<p><span style=\"font-weight: 400;\">Zulassung: <\/span><br \/>\n<img decoding=\"async\" src=\"\/staging\/wp-content\/uploads\/2023\/12\/CRUUS.webp\" \/>[elementor-template id=\"28610\"]<\/p>\n","protected":false},"featured_media":31787,"comment_status":"closed","ping_status":"closed","template":"","meta":{"_monsterinsights_skip_tracking":false,"_monsterinsights_sitenote_active":false,"_monsterinsights_sitenote_note":"","_monsterinsights_sitenote_category":0},"product_brand":[],"product_cat":[1017,1018],"product_tag":[],"class_list":{"0":"post-34109","1":"product","2":"type-product","3":"status-publish","4":"has-post-thumbnail","6":"product_cat-schrumpfschlaeuche","7":"product_cat-schrumpfschlauche-mit-schrumpfung-21","9":"first","10":"instock","11":"shipping-taxable","12":"product-type-simple"},"_links":{"self":[{"href":"https:\/\/www.rtecomponenti.it\/de\/wp-json\/wp\/v2\/product\/34109","targetHints":{"allow":["GET"]}}],"collection":[{"href":"https:\/\/www.rtecomponenti.it\/de\/wp-json\/wp\/v2\/product"}],"about":[{"href":"https:\/\/www.rtecomponenti.it\/de\/wp-json\/wp\/v2\/types\/product"}],"replies":[{"embeddable":true,"href":"https:\/\/www.rtecomponenti.it\/de\/wp-json\/wp\/v2\/comments?post=34109"}],"version-history":[{"count":4,"href":"https:\/\/www.rtecomponenti.it\/de\/wp-json\/wp\/v2\/product\/34109\/revisions"}],"predecessor-version":[{"id":36142,"href":"https:\/\/www.rtecomponenti.it\/de\/wp-json\/wp\/v2\/product\/34109\/revisions\/36142"}],"wp:featuredmedia":[{"embeddable":true,"href":"https:\/\/www.rtecomponenti.it\/de\/wp-json\/wp\/v2\/media\/31787"}],"wp:attachment":[{"href":"https:\/\/www.rtecomponenti.it\/de\/wp-json\/wp\/v2\/media?parent=34109"}],"wp:term":[{"taxonomy":"product_brand","embeddable":true,"href":"https:\/\/www.rtecomponenti.it\/de\/wp-json\/wp\/v2\/product_brand?post=34109"},{"taxonomy":"product_cat","embeddable":true,"href":"https:\/\/www.rtecomponenti.it\/de\/wp-json\/wp\/v2\/product_cat?post=34109"},{"taxonomy":"product_tag","embeddable":true,"href":"https:\/\/www.rtecomponenti.it\/de\/wp-json\/wp\/v2\/product_tag?post=34109"}],"curies":[{"name":"wp","href":"https:\/\/api.w.org\/{rel}","templated":true}]}}