{"id":34110,"date":"2023-12-11T11:55:10","date_gmt":"2023-12-11T11:55:10","guid":{"rendered":"https:\/\/www.rtecomponenti.it\/prodotto\/schrumpfschlauch-stp135-emi\/"},"modified":"2026-02-12T16:07:47","modified_gmt":"2026-02-12T16:07:47","slug":"schrumpfschlauch-stp135-emi","status":"publish","type":"product","link":"https:\/\/www.rtecomponenti.it\/de\/prodikt\/schrumpfschlaeuche\/schrumpfschlauche-mit-schrumpfung-2%c3%b71\/schrumpfschlauch-stp135-emi\/","title":{"rendered":"Schrumpfschlauch STP135-EMI"},"content":{"rendered":"\t\t<div data-elementor-type=\"product-post\" data-elementor-id=\"34110\" class=\"elementor elementor-34110 elementor-27252\" data-elementor-post-type=\"product\">\n\t\t\t\t\t\t<section class=\"xts-negative-gap elementor-section elementor-top-section elementor-element elementor-element-1df064ad elementor-section-boxed elementor-section-height-default elementor-section-height-default xts-section-disabled\" data-id=\"1df064ad\" data-element_type=\"section\" data-e-type=\"section\">\n\t\t\t\t\t\t<div class=\"elementor-container elementor-column-gap-default\">\n\t\t\t\t\t<div class=\"elementor-column elementor-col-100 elementor-top-column elementor-element elementor-element-76db682c\" data-id=\"76db682c\" data-element_type=\"column\" data-e-type=\"column\">\n\t\t\t<div class=\"elementor-widget-wrap elementor-element-populated\">\n\t\t\t\t\t\t<div class=\"elementor-element elementor-element-fd056c7 xts-scheme-inherit xts-textalign-inherit elementor-widget elementor-widget-text-editor\" data-id=\"fd056c7\" data-element_type=\"widget\" data-e-type=\"widget\" data-widget_type=\"text-editor.default\">\n\t\t\t\t<div class=\"elementor-widget-container\">\n\t\t\t\t\t\t\t\t\t<h2>Schrumpfschlauch STP135-EMI Schrumpfung 2 : 1<\/h2>\n<ul>\n \t<li><b>Material:\u00a0<\/b>Polyolefin<\/li>\n \t<li><b>Schrumpfung:\u00a0<\/b>2:1<\/li>\n \t<li><b>Einsatzbereich:<\/b> elektrische Verbindungen<\/li>\n \t<li><b>Minimale Schrumpftemperatur: <\/b>120 \u00b0C<\/li>\n \t<li><b>Betriebstemperatur min\/max:\u00a0<\/b>-55\u00b0C bis +135\u00b0C<\/li>\n \t<li><strong>Farben:<\/strong> Schwarz &#8211; Silber<\/li>\n \t<li><strong>L\u00e4ngsvariation:<\/strong> 2%<\/li>\n \t<li><strong>Spannungsfestigkeit:<\/strong> 600 V\/mm<\/li>\n \t<li><strong>Leitf\u00e4higkeit Innenmantel:<\/strong> 1 Ohm\/2,54 cm<\/li>\n \t<li><strong>Europ\u00e4ische Richtlinien:<\/strong> 2002\/95\/EG RoHS<\/li>\n \t<li><strong>Normen:<\/strong> MIL Standard R46846, ASTM E-595<\/li>\n<\/ul>\n<h3>Hinweis zur W\u00e4rmeschrumpfung<\/h3>\n<ol>\n \t<li>Verwenden Sie zum Schrumpfen des Schrumpfschlauchs Ger\u00e4te, die f\u00fcr diesen speziellen Vorgang hergestellt wurden, wie z. B. Pistolen oder Hei\u00dflufttunnel.<\/li>\n \t<li>Schrumpfen Sie die H\u00fclle an einem Ende, dem kritischsten, und fahren Sie dann langsam zum gegen\u00fcberliegenden Ende fort. Diese Methode verhindert die Bildung von Luftblasen zwischen der Innenwand des Schrumpfschlauchs und dem Objekt, das er bedeckt.<\/li>\n \t<li>F\u00fcr den Fall, dass das abzudeckende Objekt aus Metall oder einem guten W\u00e4rmeleiter besteht, wird empfohlen, das Objekt vorzuheizen, um &#8222;kalte Bereiche&#8220; zu vermeiden, um eine perfekte und weiche Anpassung des Schrumpfschlauchs zu erm\u00f6glichen.<\/li>\n \t<li>Um eine \u00dcberhitzung des Schrumpfschlauchs zu vermeiden, ist f\u00fcr eine gleichm\u00e4\u00dfige W\u00e4rmeverteilung zu sorgen. Eine \u00fcberm\u00e4\u00dfige Erw\u00e4rmung des Materials w\u00e4hrend des Schrumpfvorgangs kann zu Blasenbildung, Verf\u00e4rbungen und in einigen F\u00e4llen sogar zum Bruch des Schrumpfschlauchs f\u00fchren.<\/li>\n<\/ol>\t\t\t\t\t\t\t\t<\/div>\n\t\t\t\t<\/div>\n\t\t\t\t\t<\/div>\n\t\t<\/div>\n\t\t\t\t\t<\/div>\n\t\t<\/section>\n\t\t\t\t<\/div>\n\t\t","protected":false},"excerpt":{"rendered":"<p><strong>W\u00c4RMESCHRUMPFSCHLAUCH AUS LEITF\u00c4HIGEM POLYOLEFIN SCHRUMPFUNG 2:1<\/strong><\/p>\n<p>Die Ummantelung der Serie STP135-EMI ist eine w\u00e4rmeschrumpfende Ummantelung aus Polyolefin <strong>mit einer hochleitf\u00e4higen Innenbeschichtung<\/strong>. Besonders <strong>f\u00fcr elektrische Verbindungen<\/strong> geeignet, <strong>kann der Mantel der Serie STP135-EMI als Ersatz f\u00fcr das herk\u00f6mmliche Schwei\u00dfen verwendet werden<\/strong>. Dar\u00fcber hinaus gew\u00e4hrleistet die Verwendung dieses Manteltyps neben der Gew\u00e4hrleistung der elektrischen Kontinuit\u00e4t zwischen den Verbindungen, beispielsweise zwischen zwei elektrischen Kabeln, auch einen EMI-Schutz (elektromagnetische Interferenzen) um die Verbindung herum.<\/p>\n<ul>\n<li><b>Schrumpfungsverh\u00e4ltnis 2:1<\/b>\u00a0Die Ummantelung schrumpft doppelt so stark wie der Anfangsdurchmesser<\/li>\n<li><strong>Verf\u00fcgbare Durchmesser:<\/strong> von 3.2mm bis 50.8mm<\/li>\n<li><b>Betriebstemperatur:<\/b> -55\u00b0C bis +135\u00b0C<\/li>\n<li><b>Entspricht den Normen: <\/b><em>MIL Standard R46846<\/em>, <em>ASTM E-595<\/em>, <em>2002\/95\/CE RoHS<\/em><\/li>\n<\/ul>\n[elementor-template id=\"28605\"]\n","protected":false},"featured_media":31785,"comment_status":"closed","ping_status":"closed","template":"","meta":{"_monsterinsights_skip_tracking":false,"_monsterinsights_sitenote_active":false,"_monsterinsights_sitenote_note":"","_monsterinsights_sitenote_category":0},"product_brand":[],"product_cat":[1017,1018],"product_tag":[],"class_list":{"0":"post-34110","1":"product","2":"type-product","3":"status-publish","4":"has-post-thumbnail","6":"product_cat-schrumpfschlaeuche","7":"product_cat-schrumpfschlauche-mit-schrumpfung-21","9":"first","10":"instock","11":"shipping-taxable","12":"product-type-simple"},"_links":{"self":[{"href":"https:\/\/www.rtecomponenti.it\/de\/wp-json\/wp\/v2\/product\/34110","targetHints":{"allow":["GET"]}}],"collection":[{"href":"https:\/\/www.rtecomponenti.it\/de\/wp-json\/wp\/v2\/product"}],"about":[{"href":"https:\/\/www.rtecomponenti.it\/de\/wp-json\/wp\/v2\/types\/product"}],"replies":[{"embeddable":true,"href":"https:\/\/www.rtecomponenti.it\/de\/wp-json\/wp\/v2\/comments?post=34110"}],"version-history":[{"count":4,"href":"https:\/\/www.rtecomponenti.it\/de\/wp-json\/wp\/v2\/product\/34110\/revisions"}],"predecessor-version":[{"id":36148,"href":"https:\/\/www.rtecomponenti.it\/de\/wp-json\/wp\/v2\/product\/34110\/revisions\/36148"}],"wp:featuredmedia":[{"embeddable":true,"href":"https:\/\/www.rtecomponenti.it\/de\/wp-json\/wp\/v2\/media\/31785"}],"wp:attachment":[{"href":"https:\/\/www.rtecomponenti.it\/de\/wp-json\/wp\/v2\/media?parent=34110"}],"wp:term":[{"taxonomy":"product_brand","embeddable":true,"href":"https:\/\/www.rtecomponenti.it\/de\/wp-json\/wp\/v2\/product_brand?post=34110"},{"taxonomy":"product_cat","embeddable":true,"href":"https:\/\/www.rtecomponenti.it\/de\/wp-json\/wp\/v2\/product_cat?post=34110"},{"taxonomy":"product_tag","embeddable":true,"href":"https:\/\/www.rtecomponenti.it\/de\/wp-json\/wp\/v2\/product_tag?post=34110"}],"curies":[{"name":"wp","href":"https:\/\/api.w.org\/{rel}","templated":true}]}}