{"id":34113,"date":"2023-12-11T11:55:10","date_gmt":"2023-12-11T11:55:10","guid":{"rendered":"https:\/\/www.rtecomponenti.it\/prodotto\/schrumpfschlauch-ste-und-ste-bs-elastomer\/"},"modified":"2026-03-27T09:34:14","modified_gmt":"2026-03-27T09:34:14","slug":"schrumpfschlauch-ste-und-ste-bs-elastomer","status":"publish","type":"product","link":"https:\/\/www.rtecomponenti.it\/de\/prodikt\/schrumpfschlaeuche\/schrumpfschlauche-mit-schrumpfung-2%c3%b71\/schrumpfschlauch-ste-und-ste-bs-elastomer\/","title":{"rendered":"Schrumpfschlauch STE Elastomer"},"content":{"rendered":"\t\t<div data-elementor-type=\"product-post\" data-elementor-id=\"34113\" class=\"elementor elementor-34113 elementor-27255\" data-elementor-post-type=\"product\">\n\t\t\t\t\t\t<section class=\"xts-negative-gap elementor-section elementor-top-section elementor-element elementor-element-66290a34 elementor-section-boxed elementor-section-height-default elementor-section-height-default xts-section-disabled\" data-id=\"66290a34\" data-element_type=\"section\" data-e-type=\"section\">\n\t\t\t\t\t\t<div class=\"elementor-container elementor-column-gap-default\">\n\t\t\t\t\t<div class=\"elementor-column elementor-col-100 elementor-top-column elementor-element elementor-element-479c56d8\" data-id=\"479c56d8\" data-element_type=\"column\" data-e-type=\"column\">\n\t\t\t<div class=\"elementor-widget-wrap elementor-element-populated\">\n\t\t\t\t\t\t<div class=\"elementor-element elementor-element-a99689b xts-scheme-inherit xts-textalign-inherit elementor-widget elementor-widget-text-editor\" data-id=\"a99689b\" data-element_type=\"widget\" data-e-type=\"widget\" data-widget_type=\"text-editor.default\">\n\t\t\t\t<div class=\"elementor-widget-container\">\n\t\t\t\t\t\t\t\t\t<h2>Elastomerer Schrumpfschlauch Serie STE<\/h2><ul><li style=\"list-style-type: none;\"><ul><li style=\"font-weight: 400;\" aria-level=\"1\"><span style=\"font-weight: 400;\"><strong>Schrumpfverh\u00e4ltnis<\/strong>: 2:1<\/span><\/li><li style=\"font-weight: 400;\" aria-level=\"1\"><span style=\"font-weight: 400;\"><strong>Anwendungsbereich<\/strong>: Ummantelung, Kabelkonfektionierung und Isolierung<\/span><\/li><li style=\"font-weight: 400;\" aria-level=\"1\"><span style=\"font-weight: 400;\"><strong>Mindestschrumpftemperatur<\/strong>: +175 \u00b0C<\/span><\/li><li style=\"font-weight: 400;\" aria-level=\"1\"><span style=\"font-weight: 400;\"><strong>Betriebstemperaturbereich<\/strong>: -65 \u00b0C bis +150 \u00b0C<\/span><\/li><li style=\"font-weight: 400;\" aria-level=\"1\"><span style=\"font-weight: 400;\"><strong>Farbe<\/strong>: Schwarz<\/span><\/li><li style=\"font-weight: 400;\" aria-level=\"1\"><span style=\"font-weight: 400;\"><strong>Zugfestigkeit<\/strong>: \u2265 13 MPa<\/span><\/li><li style=\"font-weight: 400;\" aria-level=\"1\"><span style=\"font-weight: 400;\"><strong>Bruchdehnung<\/strong>: \u2265 250 %<\/span><\/li><li style=\"font-weight: 400;\" aria-level=\"1\"><span style=\"font-weight: 400;\"><strong>W\u00e4rmealterung (Bruchdehnung)<\/strong>: &gt; 200 %<\/span><\/li><li style=\"font-weight: 400;\" aria-level=\"1\"><span style=\"font-weight: 400;\"><strong>Thermoschock<\/strong>: keine Rissbildung (4 Stunden bei 200 \u00b0C)<\/span><\/li><li style=\"font-weight: 400;\" aria-level=\"1\"><span style=\"font-weight: 400;\"><strong>Flexibilit\u00e4t (2 %-Sekantenmodul)<\/strong>: \u2264 50 MPa<\/span><\/li><li style=\"font-weight: 400;\" aria-level=\"1\"><span style=\"font-weight: 400;\"><strong>Brennbarkeit:<\/strong> selbstverl\u00f6schend innerhalb von 15 s gem\u00e4\u00df ASTM D2671<\/span><\/li><li style=\"font-weight: 400;\" aria-level=\"1\"><span style=\"font-weight: 400;\"><strong>Volumenwiderstand:<\/strong> \u2265 10\u2079 \u03a9\u00b7cm<\/span><\/li><li style=\"font-weight: 400;\" aria-level=\"1\"><span style=\"font-weight: 400;\"><strong>Best\u00e4ndigkeit gegen\u00fcber Fl\u00fcssigkeiten (Zugfestigkeit und Bruchdehnung)<\/strong>: \u2265 10 MPa und \u2265 200 % (24 Stunden in Diesel bei 70 \u00b0C, Hydraulik\u00f6l bei 70 \u00b0C, Schmier\u00f6l bei 100 \u00b0C).<\/span><\/li><\/ul><h2><b>Hinweise zur Schrumpfung<\/b><\/h2><p><span style=\"font-weight: 400;\">1.F\u00fcr das Schrumpfen des Schrumpfschlauchs sind Ger\u00e4te zu verwenden, die speziell f\u00fcr diesen Zweck ausgelegt sind, wie z. B. Hei\u00dfluftpistolen oder Hei\u00dflufttunnel.<\/span><\/p><p><span style=\"font-weight: 400;\">2.Mit dem Schrumpfen an einem Ende beginnen \u2013 vorzugsweise am kritischsten Punkt &#8211; und anschlie\u00dfend gleichm\u00e4\u00dfig in Richtung des gegen\u00fcberliegenden Endes fortfahren. Dieses Verfahren verhindert die Bildung von Lufteinschl\u00fcssen zwischen der Innenwand des Schrumpfschlauchs und dem zu ummantelnden Objekt.<\/span><\/p><p><span style=\"font-weight: 400;\">3.Bei metallischen oder gut w\u00e4rmeleitenden Substraten wird ein Vorw\u00e4rmen empfohlen, um \u201eKaltstellen\u201c zu vermeiden und eine gleichm\u00e4\u00dfige, passgenaue Anpassung des Schrumpfschlauchs zu gew\u00e4hrleisten.<\/span><\/p><p><span style=\"font-weight: 400;\">4.Um eine \u00dcberhitzung zu vermeiden, ist auf eine gleichm\u00e4\u00dfige W\u00e4rmeverteilung zu achten. \u00dcberm\u00e4\u00dfige Erw\u00e4rmung w\u00e4hrend des Schrumpfvorgangs kann zur Blasenbildung, Verf\u00e4rbung oder im Extremfall zur Besch\u00e4digung bzw. zum Rei\u00dfen des Schrumpfschlauchs f\u00fchren.<\/span><\/p><\/li><\/ul>\t\t\t\t\t\t\t\t<\/div>\n\t\t\t\t<\/div>\n\t\t\t\t\t<\/div>\n\t\t<\/div>\n\t\t\t\t\t<\/div>\n\t\t<\/section>\n\t\t\t\t<\/div>\n\t\t","protected":false},"excerpt":{"rendered":"<p><strong>SCHRUMPFSCHLAUCH SELBSTVERL\u00d6SCHEND ELASTOMER SCHRUMPFUNG 2:1<\/strong><\/p>\n<p>Der Elastomer-Schrumpfschlauch der Serien STE ist ein Schlauch, der <strong>hervorragende physikalische und elektrische Eigenschaften<\/strong> aufweist. Ideal f\u00fcr <strong>allgemeine<\/strong> <strong>Verkleidungs-<\/strong>, <strong>Verkabelungs- und Isolationsanwendungen<\/strong>, besonders geeignet f\u00fcr den Schutz gegen Abrieb, hohe Temperaturen, \u00d6le und Schmierstoffe.<\/p>\n<ul>\n<li><b>Schrumpfungsverh\u00e4ltnis 2:1<\/b> die H\u00fclle schrumpft um das 2-fache des Anfangsdurchmessers<\/li>\n<li><strong>Verf\u00fcgbare Durchmesser:<\/strong> von 3.2mm bis 63.4mm<\/li>\n<li><b>Betriebstemperatur:<\/b> von -65\u00b0C bis+150\u00b0C<\/li>\n<li><b>Konform mit den Normen<\/b><em>: ASTMD2671<\/em>, <em>ASTMD882<\/em>,<em> ASTMD876<\/em>, <em>ISO37<\/em><\/li>\n<\/ul>\n[elementor-template id=\"28592\"]\n","protected":false},"featured_media":31781,"comment_status":"closed","ping_status":"closed","template":"","meta":{"_monsterinsights_skip_tracking":false,"_monsterinsights_sitenote_active":false,"_monsterinsights_sitenote_note":"","_monsterinsights_sitenote_category":0},"product_brand":[],"product_cat":[1017,1018],"product_tag":[1025],"class_list":{"0":"post-34113","1":"product","2":"type-product","3":"status-publish","4":"has-post-thumbnail","6":"product_cat-schrumpfschlaeuche","7":"product_cat-schrumpfschlauche-mit-schrumpfung-21","8":"product_tag-elast-de","10":"first","11":"instock","12":"shipping-taxable","13":"product-type-simple"},"_links":{"self":[{"href":"https:\/\/www.rtecomponenti.it\/de\/wp-json\/wp\/v2\/product\/34113","targetHints":{"allow":["GET"]}}],"collection":[{"href":"https:\/\/www.rtecomponenti.it\/de\/wp-json\/wp\/v2\/product"}],"about":[{"href":"https:\/\/www.rtecomponenti.it\/de\/wp-json\/wp\/v2\/types\/product"}],"replies":[{"embeddable":true,"href":"https:\/\/www.rtecomponenti.it\/de\/wp-json\/wp\/v2\/comments?post=34113"}],"version-history":[{"count":8,"href":"https:\/\/www.rtecomponenti.it\/de\/wp-json\/wp\/v2\/product\/34113\/revisions"}],"predecessor-version":[{"id":36337,"href":"https:\/\/www.rtecomponenti.it\/de\/wp-json\/wp\/v2\/product\/34113\/revisions\/36337"}],"wp:featuredmedia":[{"embeddable":true,"href":"https:\/\/www.rtecomponenti.it\/de\/wp-json\/wp\/v2\/media\/31781"}],"wp:attachment":[{"href":"https:\/\/www.rtecomponenti.it\/de\/wp-json\/wp\/v2\/media?parent=34113"}],"wp:term":[{"taxonomy":"product_brand","embeddable":true,"href":"https:\/\/www.rtecomponenti.it\/de\/wp-json\/wp\/v2\/product_brand?post=34113"},{"taxonomy":"product_cat","embeddable":true,"href":"https:\/\/www.rtecomponenti.it\/de\/wp-json\/wp\/v2\/product_cat?post=34113"},{"taxonomy":"product_tag","embeddable":true,"href":"https:\/\/www.rtecomponenti.it\/de\/wp-json\/wp\/v2\/product_tag?post=34113"}],"curies":[{"name":"wp","href":"https:\/\/api.w.org\/{rel}","templated":true}]}}