{"id":34115,"date":"2023-12-11T11:55:10","date_gmt":"2023-12-11T11:55:10","guid":{"rendered":"https:\/\/www.rtecomponenti.it\/prodotto\/schrumpfschlauch-ttp135\/"},"modified":"2026-02-12T16:20:05","modified_gmt":"2026-02-12T16:20:05","slug":"schrumpfschlauch-ttp135","status":"publish","type":"product","link":"https:\/\/www.rtecomponenti.it\/de\/prodikt\/schrumpfschlaeuche\/schrumpfschlauche-mit-schrumpfung-2%c3%b71\/schrumpfschlauch-ttp135\/","title":{"rendered":"Schrumpfschlauch TTP135"},"content":{"rendered":"\t\t<div data-elementor-type=\"product-post\" data-elementor-id=\"34115\" class=\"elementor elementor-34115 elementor-27257\" data-elementor-post-type=\"product\">\n\t\t\t\t\t\t<section class=\"xts-negative-gap elementor-section elementor-top-section elementor-element elementor-element-58a7bff elementor-section-boxed elementor-section-height-default elementor-section-height-default xts-section-disabled\" data-id=\"58a7bff\" data-element_type=\"section\" data-e-type=\"section\">\n\t\t\t\t\t\t<div class=\"elementor-container elementor-column-gap-default\">\n\t\t\t\t\t<div class=\"elementor-column elementor-col-100 elementor-top-column elementor-element elementor-element-2ab89106\" data-id=\"2ab89106\" data-element_type=\"column\" data-e-type=\"column\">\n\t\t\t<div class=\"elementor-widget-wrap elementor-element-populated\">\n\t\t\t\t\t\t<div class=\"elementor-element elementor-element-662aad49 xts-scheme-inherit xts-textalign-inherit elementor-widget elementor-widget-text-editor\" data-id=\"662aad49\" data-element_type=\"widget\" data-e-type=\"widget\" data-widget_type=\"text-editor.default\">\n\t\t\t\t<div class=\"elementor-widget-container\">\n\t\t\t\t\t\t\t\t\t<h3>Selbstverl\u00f6schender Schrumpfschlauch aus Polyolefin &#8222;Serie TTP135&#8220; mit Schrumpfung <strong>2 : 1<\/strong><\/h3>\n<ul>\n \t<li><strong>Material<\/strong>: Polyolefin<\/li>\n \t<li><strong>Schrumpfung<\/strong>: 2:1<\/li>\n \t<li><strong>Anwendungsbereich<\/strong>: Beschichtung, Verkabelung und Isolierung<\/li>\n \t<li><strong>Dauerbetriebstemperatur<\/strong>: -55 \u00b0C \u00f7 +135 \u00b0C<\/li>\n \t<li><strong>Selbstl\u00f6schung<\/strong>: nach UL224<\/li>\n \t<li><strong>Standardfarben<\/strong>: Schwarz, Wei\u00df, Rot, Blau, Gelb<\/li>\n \t<li><strong>Zugfestigkeit<\/strong>: 13 N\/mm2 nach\u00a0ASTM D 638<\/li>\n \t<li><strong>Bruchdehnung<\/strong>: 300%\u00a0nach\u00a0ASTM D 638<\/li>\n \t<li><strong>L\u00e4ngs\u00e4nderung<\/strong>: \u00b1 5% nach\u00a0ASTM D 2671<\/li>\n \t<li><strong>Wasseraufnahme<\/strong>: 0,15 % nach ASTM D 570<\/li>\n \t<li><strong>Spezifisches Gewicht<\/strong>: 1,45 gem\u00e4\u00df\u00a0ASTM D 792<\/li>\n \t<li><strong>Minimale Schrumpftemperatur<\/strong>: &gt; +90 \u00b0C<\/li>\n \t<li><strong>Hitzeschock (4 Stunden bei 250 \u00b0C)<\/strong>: kein Schaden, gem\u00e4\u00df ASTM D 2671<\/li>\n \t<li><strong>Dehnung nach W\u00e4rmealterungstest (168 Stunden bei 150 \u00b0C)<\/strong>: 250 % nach\u00a0ASTM D 638<\/li>\n \t<li><strong>Niedrige Flexibilit\u00e4tstemperatur (\u201355 \u00b0C)<\/strong>: keine Risse gem\u00e4\u00df\u00a0ASTM D 2671 C<\/li>\n \t<li><strong>Schimmelresistenz<\/strong>: gut, gem\u00e4\u00df MIL-DTL-7444<\/li>\n \t<li><strong>Fl\u00fcssigkeitsbest\u00e4ndigkeit<\/strong>: gut, gem\u00e4\u00df MIL-DTL-23053\/5<\/li>\n \t<li><strong>Kupferkorrosion<\/strong>: keine, nach ASTM D 2671B<\/li>\n \t<li><strong>Volumenwiderstand<\/strong>: 10<sup> 14<\/sup>ohm.cm, gem\u00e4\u00df ASTM D 257<\/li>\n \t<li><strong>Spannungsfestigkeit<\/strong>: 20 kV\/mm, nach ASTM D 2671<\/li>\n<\/ul>\n<h3>Hinweis zur W\u00e4rmeschrumpfung<\/h3>\n<ol>\n \t<li>Verwenden Sie zum Schrumpfen des Schrumpfschlauchs Ger\u00e4te, die f\u00fcr diesen speziellen Vorgang hergestellt wurden, z. B. Pistolen oder Hei\u00dflufttunnel.<\/li>\n \t<li>Schrumpfen Sie die H\u00fclle, indem Sie nur an einem Ende beginnen, dem kritischsten, und gehen Sie dann langsam zum gegen\u00fcberliegenden Ende. Diese Methode verhindert die Bildung von Luftblasen zwischen der Innenwand des Schrumpfschlauchs und dem Objekt, das er bedeckt.<\/li>\n \t<li>F\u00fcr den Fall, dass das abzudeckende Objekt aus Metall oder einem guten W\u00e4rmeleiter besteht, wird empfohlen, das Objekt vorzuheizen, um &#8222;kalte Bereiche&#8220; zu vermeiden, um eine perfekte und weiche Anpassung des Schrumpfschlauchs zu erm\u00f6glichen.<\/li>\n \t<li>Um eine \u00dcberhitzung des Schrumpfschlauchs zu vermeiden, sorgen Sie f\u00fcr eine gleichm\u00e4\u00dfige W\u00e4rmeverteilung. Eine \u00fcberm\u00e4\u00dfige Erw\u00e4rmung des Materials w\u00e4hrend des Schrumpfvorgangs kann zu Blasenbildung, Verf\u00e4rbung und in einigen F\u00e4llen sogar zum Bruch des Schrumpfschlauchs f\u00fchren.<\/li>\n<\/ol>\t\t\t\t\t\t\t\t<\/div>\n\t\t\t\t<\/div>\n\t\t\t\t\t<\/div>\n\t\t<\/div>\n\t\t\t\t\t<\/div>\n\t\t<\/section>\n\t\t\t\t<\/div>\n\t\t","protected":false},"excerpt":{"rendered":"<p><strong>SCHRUMPFSCHLAUCH SELBSTVERL\u00d6SCHEND AUS POLYOLEFIN SCHRUMPFUNG 2:1<\/strong><\/p>\n<p>Die Polyolefinh\u00fclle der Serie TTP135 ist eine selbstverl\u00f6schende Schrumpfh\u00fclle mit <strong>hervorragenden physikalischen und elektrischen Eigenschaften<\/strong>. Ideal f\u00fcr allgemeine <strong>Verkleidungs-<\/strong>, <strong>Verkabelungs-<\/strong> und <strong>Isolationsanwendungen<\/strong>, dank der Einfachheit, mit der es sich verengt, passt es sich sehr leicht an das zu verkleidende Teil an. Verpackung in Rollen.<\/p>\n<ul>\n<li><strong>Schrumpfungsverh\u00e4ltnis 2:1<\/strong> die H\u00fclle schrumpft um das 2-fache des Anfangsdurchmessers<\/li>\n<li><strong>Verf\u00fcgbare Durchmesser:<\/strong> von 1,6 mm bis 101,6 mm<\/li>\n<li><strong>Betriebstemperatur:<\/strong> 55\u00b0C bis +135\u00b0C<\/li>\n<li><strong>Entspricht den Normen:<\/strong> <em>UL224<\/em>, <em>ASTM D 638<\/em>, <em>ASTM D 2671<\/em>, <em>ASTM D 570<\/em>, <em>ASTM D 792<\/em>, <em>ASTM D 2671 C<\/em>, <em>MIL-DTL-7444<\/em>, <em>MIL-DTL-23053\/5<\/em>, <em>ASTM D 2671B<\/em>, <em>ASTM D 257<\/em><\/li>\n<\/ul>\n[elementor-template id=\"28583\"]\n","protected":false},"featured_media":31847,"comment_status":"closed","ping_status":"closed","template":"","meta":{"_monsterinsights_skip_tracking":false,"_monsterinsights_sitenote_active":false,"_monsterinsights_sitenote_note":"","_monsterinsights_sitenote_category":0},"product_brand":[],"product_cat":[1017,1018],"product_tag":[],"class_list":{"0":"post-34115","1":"product","2":"type-product","3":"status-publish","4":"has-post-thumbnail","6":"product_cat-schrumpfschlaeuche","7":"product_cat-schrumpfschlauche-mit-schrumpfung-21","9":"first","10":"instock","11":"shipping-taxable","12":"product-type-simple"},"_links":{"self":[{"href":"https:\/\/www.rtecomponenti.it\/de\/wp-json\/wp\/v2\/product\/34115","targetHints":{"allow":["GET"]}}],"collection":[{"href":"https:\/\/www.rtecomponenti.it\/de\/wp-json\/wp\/v2\/product"}],"about":[{"href":"https:\/\/www.rtecomponenti.it\/de\/wp-json\/wp\/v2\/types\/product"}],"replies":[{"embeddable":true,"href":"https:\/\/www.rtecomponenti.it\/de\/wp-json\/wp\/v2\/comments?post=34115"}],"version-history":[{"count":4,"href":"https:\/\/www.rtecomponenti.it\/de\/wp-json\/wp\/v2\/product\/34115\/revisions"}],"predecessor-version":[{"id":36163,"href":"https:\/\/www.rtecomponenti.it\/de\/wp-json\/wp\/v2\/product\/34115\/revisions\/36163"}],"wp:featuredmedia":[{"embeddable":true,"href":"https:\/\/www.rtecomponenti.it\/de\/wp-json\/wp\/v2\/media\/31847"}],"wp:attachment":[{"href":"https:\/\/www.rtecomponenti.it\/de\/wp-json\/wp\/v2\/media?parent=34115"}],"wp:term":[{"taxonomy":"product_brand","embeddable":true,"href":"https:\/\/www.rtecomponenti.it\/de\/wp-json\/wp\/v2\/product_brand?post=34115"},{"taxonomy":"product_cat","embeddable":true,"href":"https:\/\/www.rtecomponenti.it\/de\/wp-json\/wp\/v2\/product_cat?post=34115"},{"taxonomy":"product_tag","embeddable":true,"href":"https:\/\/www.rtecomponenti.it\/de\/wp-json\/wp\/v2\/product_tag?post=34115"}],"curies":[{"name":"wp","href":"https:\/\/api.w.org\/{rel}","templated":true}]}}