{"id":34118,"date":"2023-12-11T11:55:11","date_gmt":"2023-12-11T11:55:11","guid":{"rendered":"https:\/\/www.rtecomponenti.it\/prodotto\/schrumpfschlauch-ttpa31\/"},"modified":"2026-02-04T09:44:58","modified_gmt":"2026-02-04T09:44:58","slug":"schrumpfschlauch-ttpa31","status":"publish","type":"product","link":"https:\/\/www.rtecomponenti.it\/de\/prodikt\/schrumpfschlaeuche\/schrumpfschlauche-3%c3%b71-mit-innenklebstoff\/schrumpfschlauch-ttpa31\/","title":{"rendered":"Schrumpfschlauch TTPA31"},"content":{"rendered":"\t\t<div data-elementor-type=\"product-post\" data-elementor-id=\"34118\" class=\"elementor elementor-34118 elementor-27260\" data-elementor-post-type=\"product\">\n\t\t\t\t\t\t<section class=\"xts-negative-gap elementor-section elementor-top-section elementor-element elementor-element-1a96e8f elementor-section-boxed elementor-section-height-default elementor-section-height-default xts-section-disabled\" data-id=\"1a96e8f\" data-element_type=\"section\" data-e-type=\"section\">\n\t\t\t\t\t\t<div class=\"elementor-container elementor-column-gap-default\">\n\t\t\t\t\t<div class=\"elementor-column elementor-col-100 elementor-top-column elementor-element elementor-element-2859c803\" data-id=\"2859c803\" data-element_type=\"column\" data-e-type=\"column\">\n\t\t\t<div class=\"elementor-widget-wrap elementor-element-populated\">\n\t\t\t\t\t\t<div class=\"elementor-element elementor-element-7c10ca0a xts-scheme-inherit xts-textalign-inherit elementor-widget elementor-widget-text-editor\" data-id=\"7c10ca0a\" data-element_type=\"widget\" data-e-type=\"widget\" data-widget_type=\"text-editor.default\">\n\t\t\t\t<div class=\"elementor-widget-container\">\n\t\t\t\t\t\t\t\t\t<h2>Schrumpfschlauch aus Polyolefin &#8222;Serie TTPA31&#8220; Schrumpfung 3:1 mit Innenklebstoff<\/h2><ul><li><b>Material:\u00a0<\/b>Polyolefin<\/li><li><b>Schrumpfung: <\/b>3:1 mit Innenklebstoff<\/li><li><b>Anwendungsbereich:<\/b> wo ein hohes Ma\u00df an Schutz erforderlich ist<\/li><li><b>Minimale Schrumpftemperatur:\u00a0<\/b>&gt; +110 \u00b0C<\/li><li><b>Betriebstemperatur min\/max (nur Au\u00dfenwand): <\/b>-55\u00b0C bis +110\u00b0C<\/li><li><strong>Niedrige Flexibilit\u00e4tstemperatur:<\/strong> keine Spaltung (-55 \u00b0C)<\/li><li><b>Selbstl\u00f6schung (nur Au\u00dfenwand):<\/b> nach ASTMD2671B<\/li><li><b>Farben:\u00a0<\/b>Schwarz &#8211; weitere Farben auf Anfrage<\/li><li><b>Zugfestigkeit:<\/b> 11 N\/mm<sup>2 <\/sup>nach ASTMD638<\/li><li><b>Bruchdehnung:<\/b> 300% nach ASTMD638<\/li><li><b>Dehnung nach W\u00e4rmealterungstest:<\/b> 250 % (168 Stunden bei 175 \u00b0C)<\/li><li><b>Hitzeschock:<\/b> kein Schaden (4 Stunden bei 250 \u00b0C)<\/li><li><b>Spannungsfestigkeit:<\/b> \u2265 15 KV\/mm<\/li><li><b>L\u00e4ngs\u00e4nderung:<\/b> \u2264+1% \u2264-15% maximal<\/li><li><strong>Wasseraufnahme:<\/strong> \u2264 0,5% gem\u00e4\u00df ASTMD570<\/li><li><strong>Spezifisches Gewicht:<\/strong> 1,45 g\/cm<sup>3<\/sup><\/li><li><strong>Schimmelresistenz:<\/strong> gut<\/li><li><strong>Fl\u00fcssigkeitsbest\u00e4ndigkeit:<\/strong> gut<\/li><li><strong>Kupferkorrosion:<\/strong> keine<\/li><li><strong>Volumenwiderstand:<\/strong> 10<sup>14 <\/sup>ohm.cm<\/li><\/ul><h3>Hinweis zur W\u00e4rmeschrumpfung<\/h3><ol><li>Verwenden Sie zum Schrumpfen des Schrumpfschlauchs Ger\u00e4te, die f\u00fcr diesen speziellen Vorgang hergestellt wurden, wie z. B. Pistolen oder Hei\u00dflufttunnel.<\/li><li>Schrumpfen Sie die H\u00fclle, indem Sie nur an einem Ende beginnen, dem kritischsten, und gehen Sie dann langsam zum gegen\u00fcberliegenden Ende. Diese Methode verhindert die Bildung von Luftblasen zwischen der Innenwand des Schrumpfschlauchs und dem Objekt, das er bedeckt.<\/li><li>F\u00fcr den Fall, dass das abzudeckende Objekt aus Metall oder einem guten W\u00e4rmeleiter besteht, wird empfohlen, das Objekt vorzuheizen, um &#8222;kalte Bereiche&#8220; zu vermeiden, um eine perfekte und weiche Anpassung des Schrumpfschlauchs zu erm\u00f6glichen.<\/li><li>Um eine \u00dcberhitzung des Schrumpfschlauchs zu vermeiden, sorgen Sie f\u00fcr eine gleichm\u00e4\u00dfige W\u00e4rmeverteilung. Eine \u00fcberm\u00e4\u00dfige Erw\u00e4rmung des Materials w\u00e4hrend des Schrumpfvorgangs kann zu Blasenbildung, Verf\u00e4rbungen und in einigen F\u00e4llen sogar zum Bruch des Schrumpfschlauchs f\u00fchren.<\/li><\/ol>\t\t\t\t\t\t\t\t<\/div>\n\t\t\t\t<\/div>\n\t\t\t\t\t<\/div>\n\t\t<\/div>\n\t\t\t\t\t<\/div>\n\t\t<\/section>\n\t\t\t\t<section class=\"xts-negative-gap elementor-section elementor-top-section elementor-element elementor-element-651b755 elementor-section-full_width elementor-section-stretched elementor-section-height-default elementor-section-height-default xts-section-disabled\" data-id=\"651b755\" data-element_type=\"section\" data-e-type=\"section\" data-settings=\"{&quot;stretch_section&quot;:&quot;section-stretched&quot;,&quot;background_background&quot;:&quot;classic&quot;}\">\n\t\t\t\t\t\t\t<div class=\"elementor-background-overlay\"><\/div>\n\t\t\t\t\t\t\t<div class=\"elementor-container elementor-column-gap-default\">\n\t\t\t\t\t<div class=\"elementor-column elementor-col-100 elementor-top-column elementor-element elementor-element-19af69d\" data-id=\"19af69d\" data-element_type=\"column\" data-e-type=\"column\">\n\t\t\t<div class=\"elementor-widget-wrap elementor-element-populated\">\n\t\t\t\t\t\t<div class=\"elementor-element elementor-element-1a3a6ac elementor-widget elementor-widget-heading\" data-id=\"1a3a6ac\" data-element_type=\"widget\" data-e-type=\"widget\" data-widget_type=\"heading.default\">\n\t\t\t\t<div class=\"elementor-widget-container\">\n\t\t\t\t\t<h2 class=\"elementor-heading-title elementor-size-default\">Schrumpfschl\u00e4uche<\/h2>\t\t\t\t<\/div>\n\t\t\t\t<\/div>\n\t\t\t\t<div class=\"elementor-element elementor-element-b8728d7 elementor-widget elementor-widget-heading\" data-id=\"b8728d7\" data-element_type=\"widget\" data-e-type=\"widget\" data-widget_type=\"heading.default\">\n\t\t\t\t<div class=\"elementor-widget-container\">\n\t\t\t\t\t<h3 class=\"elementor-heading-title elementor-size-default\">H\u00e4ufig Gestellte Fragen<\/h3>\t\t\t\t<\/div>\n\t\t\t\t<\/div>\n\t\t\t\t<section class=\"elementor-section elementor-inner-section elementor-element elementor-element-e33d4c8 elementor-section-boxed elementor-section-height-default elementor-section-height-default xts-section-disabled\" data-id=\"e33d4c8\" data-element_type=\"section\" data-e-type=\"section\">\n\t\t\t\t\t\t<div class=\"elementor-container elementor-column-gap-default\">\n\t\t\t\t\t<div class=\"elementor-column elementor-col-50 elementor-inner-column elementor-element elementor-element-2b2deae\" data-id=\"2b2deae\" data-element_type=\"column\" data-e-type=\"column\">\n\t\t\t<div class=\"elementor-widget-wrap elementor-element-populated\">\n\t\t\t\t\t\t<div class=\"elementor-element elementor-element-1abb1ba elementor-widget elementor-widget-xts_accordion\" data-id=\"1abb1ba\" data-element_type=\"widget\" data-e-type=\"widget\" data-widget_type=\"xts_accordion.default\">\n\t\t\t\t<div class=\"elementor-widget-container\">\n\t\t\t\t\t\t\t<div class=\"xts-accordion xts-style-bordered\" data-toggle-self=\"yes\" data-state=\"first\">\n\t\t\t\t\t\t\t<div class=\"xts-accordion-item\">\n\t\t\t\t\t\n\t\t\t\t\t<div class=\"xts-accordion-title xts-textalign-left xts-icon-right xts-active\"\n\t\t\t\t\t\tdata-accordion-index=\"0\">\n\t\t\t\t\t\t<span class=\"xts-accordion-title-text\">Wann empfiehlt sich die Verwendung von Schrumpfschl\u00e4uchen mit innenliegendem Schmelzkleber?<\/span>\n\t\t\t\t\t\t<span class=\"xts-accordion-icon xts-style-arrow\"><\/span>\n\t\t\t\t\t<\/div>\n\n\t\t\t\t\t<div class=\"xts-accordion-content xts-active elementor-repeater-item-370835f xts-textalign-left xts-textcolor-white\"\n\t\t\t\t\t\tdata-accordion-index=\"0\">\n\t\t\t\t\t\t\t\t\t\t\t\t\t<div class=\"xts-accordion-desc\"\n\t\t\t\t\t\t\t\tdata-elementor-setting-key=\"accordion_items.0.item_desc\">\n\t\t\t\t\t\t\t\tDer Einsatz von Schrumpfschl\u00e4uchen mit <b>innenliegendem Schmelzkleber<\/b> empfiehlt sich vor allem bei folgenden Anwendungen: \n<ol>\n<li>Wenn sich das zu sch\u00fctzende Teil aufgrund von Wasser , Schnee oder anderen besonders schweren Witterungseinfl\u00fcssen in einer sehr feuchten Umgebung befindet. Der innenliegende Schmelzkleber, der w\u00e4hrend der Erw\u00e4rmungs- und Schrumpfphase schmilzt, umh\u00fcllt das zu sch\u00fctzende Objekt vollst\u00e4ndig und wasserdicht.<\/li>\n<li>Wenn es notwendig ist, die Klemmung zwischen dem elektrischen Kabel und seinem Stecker oder zwischen mehreren elektrischen Kabeln und dem fliegenden mehrpoligen Stecker zu verbessern. Die Verwendung von Schrumpfschl\u00e4uchen mit <b>innenliegendem Schmelzkleber<\/b> erweist sich als sehr n\u00fctzlich, um Unterbrechungen der elektrischen Verbindungen zwischen Ger\u00e4ten zu minimieren, die in manchen F\u00e4llen und insbesondere in bestimmten Sektoren besonders sch\u00e4dlich sein k\u00f6nnen.<\/li>\n<\/ol>\n\t\t\t\t\t\t\t<\/div>\n\t\t\t\t\t\t\t\t\t\t\t<\/div>\n\t\t\t\t<\/div>\n\t\t\t\t\t\t\t<div class=\"xts-accordion-item\">\n\t\t\t\t\t\n\t\t\t\t\t<div class=\"xts-accordion-title xts-textalign-left xts-icon-right\"\n\t\t\t\t\t\tdata-accordion-index=\"1\">\n\t\t\t\t\t\t<span class=\"xts-accordion-title-text\">Wie viele Arten von Schrumpfschl\u00e4uchen mit innenliegendem Schmelzkleber gibt es?<\/span>\n\t\t\t\t\t\t<span class=\"xts-accordion-icon xts-style-arrow\"><\/span>\n\t\t\t\t\t<\/div>\n\n\t\t\t\t\t<div class=\"xts-accordion-content elementor-repeater-item-1e633d8 xts-textalign-left xts-textcolor-white\"\n\t\t\t\t\t\tdata-accordion-index=\"1\">\n\t\t\t\t\t\t\t\t\t\t\t\t\t<div class=\"xts-accordion-desc\"\n\t\t\t\t\t\t\t\tdata-elementor-setting-key=\"accordion_items.1.item_desc\">\n\t\t\t\t\t\t\t\tEs gibt drei Haupttypen, die am h\u00e4ufigsten nachgefragt werden:\n<ol>\n<li><b>NORMALE<\/b> Wandst\u00e4rke, mit einem Schrumpfungsverh\u00e4ltnis von 3\u00f71, unsere Serie <b>TTPA31<\/b> \u2013 <b>TA3155<\/b>, oder 4\u00f71, unsere Serie <b>TTPA41<\/b> \u2013 <b>TA4155<\/b>, erh\u00e4ltlich mit Innendurchmessern zwischen 3 mm \u00f7 52 mm. <\/li>\n\n<li><b>MITTLERE<\/b> Wandst\u00e4rke, mit einem Schrumpfverh\u00e4ltnis von 3\u00f71, unsere <b>TTPAMS-Serie<\/b>, erh\u00e4ltlich mit Innendurchmessern zwischen 8 mm \u00f7 410 mm.<\/li>\n\n<li><b>HOHE<\/b> Wandst\u00e4rke, mit einem Schrumpfverh\u00e4ltnis von 3\u00f71, unsere Serie <b>TTPAAS<\/b>, erh\u00e4ltlich mit Innendurchmessern zwischen 9 mm \u00f7 310 mm.<\/li>\n<\/ol>\t\t\t\t\t\t\t<\/div>\n\t\t\t\t\t\t\t\t\t\t\t<\/div>\n\t\t\t\t<\/div>\n\t\t\t\t\t<\/div>\n\t\t\t\t\t\t<\/div>\n\t\t\t\t<\/div>\n\t\t\t\t\t<\/div>\n\t\t<\/div>\n\t\t\t\t<div class=\"elementor-column elementor-col-50 elementor-inner-column elementor-element elementor-element-e15537a\" data-id=\"e15537a\" data-element_type=\"column\" data-e-type=\"column\">\n\t\t\t<div class=\"elementor-widget-wrap elementor-element-populated\">\n\t\t\t\t\t\t<div class=\"elementor-element elementor-element-e79a023 elementor-widget elementor-widget-xts_accordion\" data-id=\"e79a023\" data-element_type=\"widget\" data-e-type=\"widget\" data-widget_type=\"xts_accordion.default\">\n\t\t\t\t<div class=\"elementor-widget-container\">\n\t\t\t\t\t\t\t<div class=\"xts-accordion xts-style-bordered\" data-toggle-self=\"yes\" data-state=\"first\">\n\t\t\t\t\t\t\t<div class=\"xts-accordion-item\">\n\t\t\t\t\t\n\t\t\t\t\t<div class=\"xts-accordion-title xts-textalign-left xts-icon-right xts-active\"\n\t\t\t\t\t\tdata-accordion-index=\"0\">\n\t\t\t\t\t\t<span class=\"xts-accordion-title-text\">Welcher Schmelzklebstoff wird in Schrumpfschl\u00e4uchen am h\u00e4ufigsten verwendet?<\/span>\n\t\t\t\t\t\t<span class=\"xts-accordion-icon xts-style-arrow\"><\/span>\n\t\t\t\t\t<\/div>\n\n\t\t\t\t\t<div class=\"xts-accordion-content xts-active elementor-repeater-item-d1f7a4c xts-textalign-left xts-textcolor-white\"\n\t\t\t\t\t\tdata-accordion-index=\"0\">\n\t\t\t\t\t\t\t\t\t\t\t\t\t<div class=\"xts-accordion-desc\"\n\t\t\t\t\t\t\t\tdata-elementor-setting-key=\"accordion_items.0.item_desc\">\n\t\t\t\t\t\t\t\tDer am h\u00e4ufigsten verwendete Klebstoff f\u00fcr Schrumpfschl\u00e4uche mit <b>innenliegendem Schmelzkleber<\/b> besteht aus \u201eEVA\u201c (Ethylen-Vinyl-Acetat). Dieser Klebstofftyp wird verwendet, weil er sich bei Hitzeeinwirkung sehr schnell verfl\u00fcssigt und so das zu umh\u00fcllende Objekt schnell umh\u00fcllt. Nach Abschluss der W\u00e4rmeschrumpfung verfestigt sich der EVA-Klebstoff ebenso schnell. \t\t\t\t\t\t\t<\/div>\n\t\t\t\t\t\t\t\t\t\t\t<\/div>\n\t\t\t\t<\/div>\n\t\t\t\t\t<\/div>\n\t\t\t\t\t\t<\/div>\n\t\t\t\t<\/div>\n\t\t\t\t\t<\/div>\n\t\t<\/div>\n\t\t\t\t\t<\/div>\n\t\t<\/section>\n\t\t\t\t\t<\/div>\n\t\t<\/div>\n\t\t\t\t\t<\/div>\n\t\t<\/section>\n\t\t\t\t<\/div>\n\t\t","protected":false},"excerpt":{"rendered":"<p><strong>SCHRUMPFSCHLAUCH aus POLYOLEFIN SCHRUMPFUNG 3:1 MIT INNENKLEBSTOFF<\/strong><\/p>\n<p>Der Schlauch TTPA31 ist ein flexibler Schrumpfschlauch mit Innenklebstoff. Die Innenfl\u00e4che der H\u00fclle ist mit einem <strong>Schmelzklebstoff<\/strong> beschichtet, der w\u00e4hrend der Schrumpfung um das Objekt herum schmilzt, um es vor dem <strong>Eindringen von Wasser oder Feuchtigkeit zu sch\u00fctzen<\/strong>. Das hohe Schrumpfungsverh\u00e4ltnis macht diese H\u00fclle f\u00fcr den Schutz besonders unregelm\u00e4\u00dfiger Gegenst\u00e4nde aufgrund hoher Gr\u00f6\u00dfenunterschiede geeignet. Ideal f\u00fcr alle Anwendungen, bei denen ein hohes Ma\u00df an Schutz erforderlich ist.<\/p>\n<ul>\n<li><b>Schrumpfungsverh\u00e4ltnis 3:1 <\/b>mit Innenklebstoff<\/li>\n<li><strong>Verf\u00fcgbare Durchmesser: <\/strong>von 1.6mm bis 39.0mm<\/li>\n<li><b>Betriebstemperatur:<\/b> -55\u00b0 C bis +135\u00b0 C<\/li>\n<li><b>Konform mit den Normen<\/b><em>:<\/em> ASTMD2671B<em>,<\/em> ASTMD2671<em>,<\/em> ASTMD638<em>,<\/em> ASTMD2671C, <em>ASTMD570<\/em>, <em>ASTMD792<\/em>, <em>MIL-DTL-7444<\/em>, <em>MIL-DTL-23053\/4<\/em>, <em>ASTMD2671B<\/em>, <em>ASTMD257<\/em><\/li>\n<\/ul>\n[elementor-template id=\"28562\"]\n","protected":false},"featured_media":31797,"comment_status":"closed","ping_status":"closed","template":"","meta":{"_monsterinsights_skip_tracking":false,"_monsterinsights_sitenote_active":false,"_monsterinsights_sitenote_note":"","_monsterinsights_sitenote_category":0},"product_brand":[],"product_cat":[1017,1027],"product_tag":[],"class_list":{"0":"post-34118","1":"product","2":"type-product","3":"status-publish","4":"has-post-thumbnail","6":"product_cat-schrumpfschlaeuche","7":"product_cat-schrumpfschlauche-31-mit-innenklebstoff","9":"first","10":"instock","11":"shipping-taxable","12":"product-type-simple"},"_links":{"self":[{"href":"https:\/\/www.rtecomponenti.it\/de\/wp-json\/wp\/v2\/product\/34118","targetHints":{"allow":["GET"]}}],"collection":[{"href":"https:\/\/www.rtecomponenti.it\/de\/wp-json\/wp\/v2\/product"}],"about":[{"href":"https:\/\/www.rtecomponenti.it\/de\/wp-json\/wp\/v2\/types\/product"}],"replies":[{"embeddable":true,"href":"https:\/\/www.rtecomponenti.it\/de\/wp-json\/wp\/v2\/comments?post=34118"}],"version-history":[{"count":4,"href":"https:\/\/www.rtecomponenti.it\/de\/wp-json\/wp\/v2\/product\/34118\/revisions"}],"predecessor-version":[{"id":35986,"href":"https:\/\/www.rtecomponenti.it\/de\/wp-json\/wp\/v2\/product\/34118\/revisions\/35986"}],"wp:featuredmedia":[{"embeddable":true,"href":"https:\/\/www.rtecomponenti.it\/de\/wp-json\/wp\/v2\/media\/31797"}],"wp:attachment":[{"href":"https:\/\/www.rtecomponenti.it\/de\/wp-json\/wp\/v2\/media?parent=34118"}],"wp:term":[{"taxonomy":"product_brand","embeddable":true,"href":"https:\/\/www.rtecomponenti.it\/de\/wp-json\/wp\/v2\/product_brand?post=34118"},{"taxonomy":"product_cat","embeddable":true,"href":"https:\/\/www.rtecomponenti.it\/de\/wp-json\/wp\/v2\/product_cat?post=34118"},{"taxonomy":"product_tag","embeddable":true,"href":"https:\/\/www.rtecomponenti.it\/de\/wp-json\/wp\/v2\/product_tag?post=34118"}],"curies":[{"name":"wp","href":"https:\/\/api.w.org\/{rel}","templated":true}]}}