{"id":34121,"date":"2023-12-11T11:55:12","date_gmt":"2023-12-11T11:55:12","guid":{"rendered":"https:\/\/www.rtecomponenti.it\/prodotto\/schrumpfschlauch-ta4155-automotive\/"},"modified":"2026-02-04T09:49:08","modified_gmt":"2026-02-04T09:49:08","slug":"schrumpfschlauch-ta4155-automotive","status":"publish","type":"product","link":"https:\/\/www.rtecomponenti.it\/de\/prodikt\/schrumpfschlaeuche\/schrumpfschlauche-4%c3%b71-mit-innenklebstoff\/schrumpfschlauch-ta4155-automotive\/","title":{"rendered":"Schrumpfschlauch TA4155 Automotive"},"content":{"rendered":"\t\t<div data-elementor-type=\"product-post\" data-elementor-id=\"34121\" class=\"elementor elementor-34121 elementor-27263\" data-elementor-post-type=\"product\">\n\t\t\t\t\t\t<section class=\"xts-negative-gap elementor-section elementor-top-section elementor-element elementor-element-6dad20f elementor-section-boxed elementor-section-height-default elementor-section-height-default xts-section-disabled\" data-id=\"6dad20f\" data-element_type=\"section\" data-e-type=\"section\">\n\t\t\t\t\t\t<div class=\"elementor-container elementor-column-gap-default\">\n\t\t\t\t\t<div class=\"elementor-column elementor-col-100 elementor-top-column elementor-element elementor-element-74d66377\" data-id=\"74d66377\" data-element_type=\"column\" data-e-type=\"column\">\n\t\t\t<div class=\"elementor-widget-wrap elementor-element-populated\">\n\t\t\t\t\t\t<div class=\"elementor-element elementor-element-465eb24e xts-scheme-inherit xts-textalign-inherit elementor-widget elementor-widget-text-editor\" data-id=\"465eb24e\" data-element_type=\"widget\" data-e-type=\"widget\" data-widget_type=\"text-editor.default\">\n\t\t\t\t<div class=\"elementor-widget-container\">\n\t\t\t\t\t\t\t\t\t<h2>Schrumpfschlauch aus Polyolefin mit Innenklebstoff &#8222;Serie TA4155&#8220; Automotive Schrumpfung 4:1<\/h2><ul><li><b>Material:\u00a0<\/b>Polyolefin<\/li><li><b>Schrumpfung: <\/b>4:1<\/li><li><b>Einsatzbereich:<\/b>\u00a0Automotive<\/li><li><b>Minimale Schrumpftemperatur:\u00a0<\/b>&gt; +100 \u00b0C<\/li><li><b>Betriebstemperatur min\/max:\u00a0<\/b>-55 \u00b0C bis +125 \u00b0C<\/li><li><b>Selbstl\u00f6schung (au\u00dfer transparent):<\/b> nach UL 224 VW-1<\/li><li><b>Farben:\u00a0<\/b>Schwarz \u2013 weitere Farben auf Anfrage<\/li><li><b>Bruchdehnung:<\/b> 3oo% nach ASTMD2671<\/li><li><b>Dehnung nach W\u00e4rmealterungstest:<\/b> 150 % (168 Stunden bei 158 \u00b0C)<\/li><li><b>Fl\u00fcssigkeitsbest\u00e4ndigkeit:<\/b> Bruchfestigkeit 7 MPa, Dehnung 300% (24 Stunden bei 23 \u00b0C in Diesel und Schmier\u00f6l)<\/li><li><b>Spannungsfestigkeit:<\/b> nicht entladen (AC 2500V \/ 60 Sekunden)<\/li><li><b>L\u00e4ngs\u00e4nderung:<\/b> 0% bis -10% nach UL224<\/li><li><strong>Volumenwiderstand:\u00a0<\/strong>10<sup>14\u00a0<\/sup>ohm.cm gem\u00e4\u00df ASTMD257<\/li><li><strong>Hitzeschock:<\/strong> kein Schaden (4 Stunden bei 250 \u00b0C)<\/li><li><strong>Kaltbiegetest:<\/strong> kein Riss<\/li><li><strong>Wasseraufnahme:<\/strong> \u2264 0,5%<\/li><li><strong>Aluminiumhaftung:<\/strong> 60 N\/25 mm<\/li><\/ul><h3>Hinweis zur W\u00e4rmeschrumpfung<\/h3><ol><li>Verwenden Sie zum Schrumpfen des Schrumpfschlauchs Ger\u00e4te, die f\u00fcr diesen speziellen Vorgang hergestellt wurden, wie z. B. Pistolen oder Hei\u00dflufttunnel.<\/li><li>Schrumpfen Sie die H\u00fclle, indem Sie nur an einem Ende beginnen, dem kritischsten, und gehen Sie dann langsam zum gegen\u00fcberliegenden Ende. Diese Methode verhindert die Bildung von Luftblasen zwischen der Innenwand des Schrumpfschlauchs und dem Objekt, das er bedeckt.<\/li><li>F\u00fcr den Fall, dass das abzudeckende Objekt aus Metall oder einem guten W\u00e4rmeleiter besteht, wird empfohlen, das Objekt vorzuheizen, um &#8222;kalte Bereiche&#8220; zu vermeiden, um eine perfekte und weiche Anpassung des Schrumpfschlauchs zu erm\u00f6glichen.<\/li><li>Um eine \u00dcberhitzung des Schrumpfschlauchs zu vermeiden, sorgen Sie f\u00fcr eine gleichm\u00e4\u00dfige W\u00e4rmeverteilung. Eine \u00fcberm\u00e4\u00dfige Erw\u00e4rmung des Materials w\u00e4hrend des Schrumpfvorgangs kann zu Blasenbildung, Verf\u00e4rbungen und in einigen F\u00e4llen sogar zum Bruch des Schrumpfschlauchs f\u00fchren.<\/li><\/ol>\t\t\t\t\t\t\t\t<\/div>\n\t\t\t\t<\/div>\n\t\t\t\t\t<\/div>\n\t\t<\/div>\n\t\t\t\t\t<\/div>\n\t\t<\/section>\n\t\t\t\t<section class=\"xts-negative-gap elementor-section elementor-top-section elementor-element elementor-element-cfa1546 elementor-section-full_width elementor-section-stretched elementor-section-height-default elementor-section-height-default xts-section-disabled\" data-id=\"cfa1546\" data-element_type=\"section\" data-e-type=\"section\" data-settings=\"{&quot;stretch_section&quot;:&quot;section-stretched&quot;,&quot;background_background&quot;:&quot;classic&quot;}\">\n\t\t\t\t\t\t\t<div class=\"elementor-background-overlay\"><\/div>\n\t\t\t\t\t\t\t<div class=\"elementor-container elementor-column-gap-default\">\n\t\t\t\t\t<div class=\"elementor-column elementor-col-100 elementor-top-column elementor-element elementor-element-faaefde\" data-id=\"faaefde\" data-element_type=\"column\" data-e-type=\"column\">\n\t\t\t<div class=\"elementor-widget-wrap elementor-element-populated\">\n\t\t\t\t\t\t<div class=\"elementor-element elementor-element-a80f4b3 elementor-widget elementor-widget-heading\" data-id=\"a80f4b3\" data-element_type=\"widget\" data-e-type=\"widget\" data-widget_type=\"heading.default\">\n\t\t\t\t<div class=\"elementor-widget-container\">\n\t\t\t\t\t<h2 class=\"elementor-heading-title elementor-size-default\">Schrumpfschl\u00e4uche<\/h2>\t\t\t\t<\/div>\n\t\t\t\t<\/div>\n\t\t\t\t<div class=\"elementor-element elementor-element-f0a3af4 elementor-widget elementor-widget-heading\" data-id=\"f0a3af4\" data-element_type=\"widget\" data-e-type=\"widget\" data-widget_type=\"heading.default\">\n\t\t\t\t<div class=\"elementor-widget-container\">\n\t\t\t\t\t<h3 class=\"elementor-heading-title elementor-size-default\">H\u00e4ufig Gestellte Fragen<\/h3>\t\t\t\t<\/div>\n\t\t\t\t<\/div>\n\t\t\t\t<section class=\"elementor-section elementor-inner-section elementor-element elementor-element-59a7300 elementor-section-boxed elementor-section-height-default elementor-section-height-default xts-section-disabled\" data-id=\"59a7300\" data-element_type=\"section\" data-e-type=\"section\">\n\t\t\t\t\t\t<div class=\"elementor-container elementor-column-gap-default\">\n\t\t\t\t\t<div class=\"elementor-column elementor-col-50 elementor-inner-column elementor-element elementor-element-79fd51a\" data-id=\"79fd51a\" data-element_type=\"column\" data-e-type=\"column\">\n\t\t\t<div class=\"elementor-widget-wrap elementor-element-populated\">\n\t\t\t\t\t\t<div class=\"elementor-element elementor-element-d4a6dde elementor-widget elementor-widget-xts_accordion\" data-id=\"d4a6dde\" data-element_type=\"widget\" data-e-type=\"widget\" data-widget_type=\"xts_accordion.default\">\n\t\t\t\t<div class=\"elementor-widget-container\">\n\t\t\t\t\t\t\t<div class=\"xts-accordion xts-style-bordered\" data-toggle-self=\"yes\" data-state=\"first\">\n\t\t\t\t\t\t\t<div class=\"xts-accordion-item\">\n\t\t\t\t\t\n\t\t\t\t\t<div class=\"xts-accordion-title xts-textalign-left xts-icon-right xts-active\"\n\t\t\t\t\t\tdata-accordion-index=\"0\">\n\t\t\t\t\t\t<span class=\"xts-accordion-title-text\">Wann empfiehlt sich die Verwendung von Schrumpfschl\u00e4uchen mit innenliegendem Schmelzkleber?<\/span>\n\t\t\t\t\t\t<span class=\"xts-accordion-icon xts-style-arrow\"><\/span>\n\t\t\t\t\t<\/div>\n\n\t\t\t\t\t<div class=\"xts-accordion-content xts-active elementor-repeater-item-370835f xts-textalign-left xts-textcolor-white\"\n\t\t\t\t\t\tdata-accordion-index=\"0\">\n\t\t\t\t\t\t\t\t\t\t\t\t\t<div class=\"xts-accordion-desc\"\n\t\t\t\t\t\t\t\tdata-elementor-setting-key=\"accordion_items.0.item_desc\">\n\t\t\t\t\t\t\t\tDer Einsatz von Schrumpfschl\u00e4uchen mit <b>innenliegendem Schmelzkleber<\/b> empfiehlt sich vor allem bei folgenden Anwendungen: \n<ol>\n<li>Wenn sich das zu sch\u00fctzende Teil aufgrund von Wasser , Schnee oder anderen besonders schweren Witterungseinfl\u00fcssen in einer sehr feuchten Umgebung befindet. Der innenliegende Schmelzkleber, der w\u00e4hrend der Erw\u00e4rmungs- und Schrumpfphase schmilzt, umh\u00fcllt das zu sch\u00fctzende Objekt vollst\u00e4ndig und wasserdicht.<\/li>\n<li>Wenn es notwendig ist, die Klemmung zwischen dem elektrischen Kabel und seinem Stecker oder zwischen mehreren elektrischen Kabeln und dem fliegenden mehrpoligen Stecker zu verbessern. Die Verwendung von Schrumpfschl\u00e4uchen mit <b>innenliegendem Schmelzkleber<\/b> erweist sich als sehr n\u00fctzlich, um Unterbrechungen der elektrischen Verbindungen zwischen Ger\u00e4ten zu minimieren, die in manchen F\u00e4llen und insbesondere in bestimmten Sektoren besonders sch\u00e4dlich sein k\u00f6nnen.<\/li>\n<\/ol>\n\t\t\t\t\t\t\t<\/div>\n\t\t\t\t\t\t\t\t\t\t\t<\/div>\n\t\t\t\t<\/div>\n\t\t\t\t\t\t\t<div class=\"xts-accordion-item\">\n\t\t\t\t\t\n\t\t\t\t\t<div class=\"xts-accordion-title xts-textalign-left xts-icon-right\"\n\t\t\t\t\t\tdata-accordion-index=\"1\">\n\t\t\t\t\t\t<span class=\"xts-accordion-title-text\">Wie viele Arten von Schrumpfschl\u00e4uchen mit innenliegendem Schmelzkleber gibt es?<\/span>\n\t\t\t\t\t\t<span class=\"xts-accordion-icon xts-style-arrow\"><\/span>\n\t\t\t\t\t<\/div>\n\n\t\t\t\t\t<div class=\"xts-accordion-content elementor-repeater-item-1e633d8 xts-textalign-left xts-textcolor-white\"\n\t\t\t\t\t\tdata-accordion-index=\"1\">\n\t\t\t\t\t\t\t\t\t\t\t\t\t<div class=\"xts-accordion-desc\"\n\t\t\t\t\t\t\t\tdata-elementor-setting-key=\"accordion_items.1.item_desc\">\n\t\t\t\t\t\t\t\tEs gibt drei Haupttypen, die am h\u00e4ufigsten nachgefragt werden:\n<ol>\n<li><b>NORMALE<\/b> Wandst\u00e4rke, mit einem Schrumpfungsverh\u00e4ltnis von 3\u00f71, unsere Serie <b>TTPA31<\/b> \u2013 <b>TA3155<\/b>, oder 4\u00f71, unsere Serie <b>TTPA41<\/b> \u2013 <b>TA4155<\/b>, erh\u00e4ltlich mit Innendurchmessern zwischen 3 mm \u00f7 52 mm. <\/li>\n\n<li><b>MITTLERE<\/b> Wandst\u00e4rke, mit einem Schrumpfverh\u00e4ltnis von 3\u00f71, unsere <b>TTPAMS-Serie<\/b>, erh\u00e4ltlich mit Innendurchmessern zwischen 8 mm \u00f7 410 mm.<\/li>\n\n<li><b>HOHE<\/b> Wandst\u00e4rke, mit einem Schrumpfverh\u00e4ltnis von 3\u00f71, unsere Serie <b>TTPAAS<\/b>, erh\u00e4ltlich mit Innendurchmessern zwischen 9 mm \u00f7 310 mm.<\/li>\n<\/ol>\t\t\t\t\t\t\t<\/div>\n\t\t\t\t\t\t\t\t\t\t\t<\/div>\n\t\t\t\t<\/div>\n\t\t\t\t\t<\/div>\n\t\t\t\t\t\t<\/div>\n\t\t\t\t<\/div>\n\t\t\t\t\t<\/div>\n\t\t<\/div>\n\t\t\t\t<div class=\"elementor-column elementor-col-50 elementor-inner-column elementor-element elementor-element-072e035\" data-id=\"072e035\" data-element_type=\"column\" data-e-type=\"column\">\n\t\t\t<div class=\"elementor-widget-wrap elementor-element-populated\">\n\t\t\t\t\t\t<div class=\"elementor-element elementor-element-b4621cc elementor-widget elementor-widget-xts_accordion\" data-id=\"b4621cc\" data-element_type=\"widget\" data-e-type=\"widget\" data-widget_type=\"xts_accordion.default\">\n\t\t\t\t<div class=\"elementor-widget-container\">\n\t\t\t\t\t\t\t<div class=\"xts-accordion xts-style-bordered\" data-toggle-self=\"yes\" data-state=\"first\">\n\t\t\t\t\t\t\t<div class=\"xts-accordion-item\">\n\t\t\t\t\t\n\t\t\t\t\t<div class=\"xts-accordion-title xts-textalign-left xts-icon-right xts-active\"\n\t\t\t\t\t\tdata-accordion-index=\"0\">\n\t\t\t\t\t\t<span class=\"xts-accordion-title-text\">Welcher Schmelzklebstoff wird in Schrumpfschl\u00e4uchen am h\u00e4ufigsten verwendet?<\/span>\n\t\t\t\t\t\t<span class=\"xts-accordion-icon xts-style-arrow\"><\/span>\n\t\t\t\t\t<\/div>\n\n\t\t\t\t\t<div class=\"xts-accordion-content xts-active elementor-repeater-item-d1f7a4c xts-textalign-left xts-textcolor-white\"\n\t\t\t\t\t\tdata-accordion-index=\"0\">\n\t\t\t\t\t\t\t\t\t\t\t\t\t<div class=\"xts-accordion-desc\"\n\t\t\t\t\t\t\t\tdata-elementor-setting-key=\"accordion_items.0.item_desc\">\n\t\t\t\t\t\t\t\tDer am h\u00e4ufigsten verwendete Klebstoff f\u00fcr Schrumpfschl\u00e4uche mit <b>innenliegendem Schmelzkleber<\/b> besteht aus \u201eEVA\u201c (Ethylen-Vinyl-Acetat). Dieser Klebstofftyp wird verwendet, weil er sich bei Hitzeeinwirkung sehr schnell verfl\u00fcssigt und so das zu umh\u00fcllende Objekt schnell umh\u00fcllt. Nach Abschluss der W\u00e4rmeschrumpfung verfestigt sich der EVA-Klebstoff ebenso schnell. \t\t\t\t\t\t\t<\/div>\n\t\t\t\t\t\t\t\t\t\t\t<\/div>\n\t\t\t\t<\/div>\n\t\t\t\t\t<\/div>\n\t\t\t\t\t\t<\/div>\n\t\t\t\t<\/div>\n\t\t\t\t\t<\/div>\n\t\t<\/div>\n\t\t\t\t\t<\/div>\n\t\t<\/section>\n\t\t\t\t\t<\/div>\n\t\t<\/div>\n\t\t\t\t\t<\/div>\n\t\t<\/section>\n\t\t\t\t<\/div>\n\t\t","protected":false},"excerpt":{"rendered":"<p><strong>SCHRUMPFSCHLAUCH aus schrumpfendem POLYOLEFIN 4:1 MIT INNENKLEBSTOFF<\/strong><\/p>\n<p>Der Schlauch TA4155 ist ein flexibler Schrumpfschlauch mit Innenklebstoff. Die Innenseite der H\u00fclle ist mit einem <strong>Schmelzklebstoff beschichtet, der w\u00e4hrend der Schrumpfung um das Objekt herum schmilzt<\/strong>, um es vor dem Eindringen von Wasser oder Feuchtigkeit zu sch\u00fctzen. Das hohe Schrumpfverh\u00e4ltnis macht diese H\u00fclle<strong> f\u00fcr den Schutz besonders unregelm\u00e4\u00dfiger Gegenst\u00e4nde<\/strong> aufgrund hoher Gr\u00f6\u00dfenunterschiede geeignet. Ideal f\u00fcr alle Anwendungen, bei denen ein hoher Schutzgrad erforderlich ist, eignet sich die H\u00fclle TA4155 besonders f\u00fcr den Einsatz im Bereich \u201eAutomotive\u201c.<\/p>\n<ul>\n<li><b>Schrumpfverh\u00e4ltnis: <\/b>4:1 mit Innenklebstoff. Die H\u00fclle schrumpft um das 4-fache des Anfangsdurchmessers<\/li>\n<li><strong>Verf\u00fcgbare Durchmesser: <\/strong>von 4,0 mm bis 52,0 mm<\/li>\n<li><b>Betriebstemperatur:<\/b> -55\u00b0C bis +125\u00b0C<\/li>\n<li><b>Entspricht den Normen:<\/b>\u00a0<em>UL 224 VW-1<\/em>, <em>ASTMD2671<\/em>, <em>UL 224<\/em>, ASTMD570, <em>MIL-DTL-23053\/4<\/em>, <em>ASTMD257<\/em>, <em>ASTMD2671<\/em><\/li>\n<\/ul>\n<p><span style=\"font-weight: 400;\">Zulassung: <\/span><img decoding=\"async\" src=\"\/staging\/wp-content\/uploads\/2023\/12\/CRUUS.webp\" \/><a href=\"https:\/\/drive.google.com\/file\/d\/1--W6OD0Z9YvPB9PApjKX_vHkH0CZiHPT\/view?usp=sharing\"><span style=\"font-weight: 400;\"> File 305771<\/span><span style=\"font-weight: 400;\"><br \/>\n<\/span><\/a><\/p>\n[elementor-template id=\"28558\"]\n","protected":false},"featured_media":31827,"comment_status":"closed","ping_status":"closed","template":"","meta":{"_monsterinsights_skip_tracking":false,"_monsterinsights_sitenote_active":false,"_monsterinsights_sitenote_note":"","_monsterinsights_sitenote_category":0},"product_brand":[],"product_cat":[1017,1028],"product_tag":[1025],"class_list":{"0":"post-34121","1":"product","2":"type-product","3":"status-publish","4":"has-post-thumbnail","6":"product_cat-schrumpfschlaeuche","7":"product_cat-schrumpfschlauche-41-mit-innenklebstoff","8":"product_tag-elast-de","10":"first","11":"instock","12":"shipping-taxable","13":"product-type-simple"},"_links":{"self":[{"href":"https:\/\/www.rtecomponenti.it\/de\/wp-json\/wp\/v2\/product\/34121","targetHints":{"allow":["GET"]}}],"collection":[{"href":"https:\/\/www.rtecomponenti.it\/de\/wp-json\/wp\/v2\/product"}],"about":[{"href":"https:\/\/www.rtecomponenti.it\/de\/wp-json\/wp\/v2\/types\/product"}],"replies":[{"embeddable":true,"href":"https:\/\/www.rtecomponenti.it\/de\/wp-json\/wp\/v2\/comments?post=34121"}],"version-history":[{"count":4,"href":"https:\/\/www.rtecomponenti.it\/de\/wp-json\/wp\/v2\/product\/34121\/revisions"}],"predecessor-version":[{"id":35994,"href":"https:\/\/www.rtecomponenti.it\/de\/wp-json\/wp\/v2\/product\/34121\/revisions\/35994"}],"wp:featuredmedia":[{"embeddable":true,"href":"https:\/\/www.rtecomponenti.it\/de\/wp-json\/wp\/v2\/media\/31827"}],"wp:attachment":[{"href":"https:\/\/www.rtecomponenti.it\/de\/wp-json\/wp\/v2\/media?parent=34121"}],"wp:term":[{"taxonomy":"product_brand","embeddable":true,"href":"https:\/\/www.rtecomponenti.it\/de\/wp-json\/wp\/v2\/product_brand?post=34121"},{"taxonomy":"product_cat","embeddable":true,"href":"https:\/\/www.rtecomponenti.it\/de\/wp-json\/wp\/v2\/product_cat?post=34121"},{"taxonomy":"product_tag","embeddable":true,"href":"https:\/\/www.rtecomponenti.it\/de\/wp-json\/wp\/v2\/product_tag?post=34121"}],"curies":[{"name":"wp","href":"https:\/\/api.w.org\/{rel}","templated":true}]}}