{"id":34123,"date":"2023-12-11T11:55:12","date_gmt":"2023-12-11T11:55:12","guid":{"rendered":"https:\/\/www.rtecomponenti.it\/prodotto\/schrumpfschlauch-ta61\/"},"modified":"2026-02-04T11:41:10","modified_gmt":"2026-02-04T11:41:10","slug":"schrumpfschlauch-ta61","status":"publish","type":"product","link":"https:\/\/www.rtecomponenti.it\/de\/prodikt\/schrumpfschlaeuche\/schrumpfschlauche-6%c3%b71-mit-innenklebstoff\/schrumpfschlauch-ta61\/","title":{"rendered":"Schrumpfschlauch TA61"},"content":{"rendered":"\t\t<div data-elementor-type=\"product-post\" data-elementor-id=\"34123\" class=\"elementor elementor-34123 elementor-27265\" data-elementor-post-type=\"product\">\n\t\t\t\t\t\t<section class=\"xts-negative-gap elementor-section elementor-top-section elementor-element elementor-element-528141a elementor-section-boxed elementor-section-height-default elementor-section-height-default xts-section-disabled\" data-id=\"528141a\" data-element_type=\"section\" data-e-type=\"section\">\n\t\t\t\t\t\t<div class=\"elementor-container elementor-column-gap-default\">\n\t\t\t\t\t<div class=\"elementor-column elementor-col-100 elementor-top-column elementor-element elementor-element-5536d21c\" data-id=\"5536d21c\" data-element_type=\"column\" data-e-type=\"column\">\n\t\t\t<div class=\"elementor-widget-wrap elementor-element-populated\">\n\t\t\t\t\t\t<div class=\"elementor-element elementor-element-521c2dc xts-scheme-inherit xts-textalign-inherit elementor-widget elementor-widget-text-editor\" data-id=\"521c2dc\" data-element_type=\"widget\" data-e-type=\"widget\" data-widget_type=\"text-editor.default\">\n\t\t\t\t<div class=\"elementor-widget-container\">\n\t\t\t\t\t\t\t\t\t<h2>Schrumpfschlauch aus Polyolefin mit Innenklebstoff &#8222;Serie TA61&#8220; Schrumpfung 6:1<\/h2><ul><li><b>Material:\u00a0<\/b>Polyolefin<\/li><li><b>Schrumpfung:<\/b> 6:1 mit Innenklebstoff<\/li><li><b>Anwendungsbereich:<\/b> Anwendungen, die einen hohen Schutz erfordern<\/li><li><b>Minimale Schrumpftemperatur: &gt;<\/b>+120 \u00b0C<\/li><li><b>Betriebstemperatur min\/max:\u00a0<\/b>-55\u00b0C bis +110\u00b0C<\/li><li><strong>Farbe:<\/strong> Schwarz<\/li><li><strong>Thermoschock:<\/strong> kein Schaden (4 Stunden bei 250 \u00b0C)<\/li><li><strong>Bruchdehnung nach W\u00e4rmealterungstest:<\/strong> 300 % (168 Stunden bei 150 \u00b0C)<\/li><li><strong>Zugfestigkeit:<\/strong> &gt; 12 MPA nach ASTMD2671 (168 Stunden bei 150 \u00b0C)<\/li><li><strong>L\u00e4ngs\u00e4nderung:<\/strong> 0 bis &#8211; 10%<\/li><li><strong>Wasseraufnahme:<\/strong> \u2264 0,15 % (14 Tage bei 23 \u00b0C)<\/li><li><strong>Abriebfestigkeit:<\/strong> 4 N\/cm<\/li><li><strong>Pilz- und Zersetzungsbest\u00e4ndigkeit:<\/strong> bestanden nach ISO846<\/li><li><strong>Volumenwiderstand:<\/strong> 10<sup>13 <\/sup>ohm.cm<\/li><li><strong>Spannungsfestigkeit:<\/strong> \u2265 18 kV\/mm<\/li><\/ul><h3>Hinweis zur W\u00e4rmeschrumpfung<\/h3><ol><li>Verwenden Sie zum Schrumpfen des Schrumpfschlauchs Ger\u00e4te, die f\u00fcr diesen speziellen Vorgang hergestellt wurden, wie z. B. Pistolen oder Hei\u00dflufttunnel.<\/li><li>Schrumpfen Sie die H\u00fclle, indem Sie nur an einem Ende beginnen, dem kritischsten, und gehen Sie dann langsam zum gegen\u00fcberliegenden Ende. Diese Methode verhindert die Bildung von Luftblasen zwischen der Innenwand des Schrumpfschlauchs und dem Objekt, das er bedeckt.<\/li><li>F\u00fcr den Fall, dass das abzudeckende Objekt aus Metall oder einem guten W\u00e4rmeleiter besteht, wird empfohlen, das Objekt vorzuheizen, um &#8222;kalte Bereiche&#8220; zu vermeiden, um eine perfekte und weiche Anpassung des Schrumpfschlauchs zu erm\u00f6glichen.<\/li><li>Um eine \u00dcberhitzung des Schrumpfschlauchs zu vermeiden, sorgen Sie f\u00fcr eine gleichm\u00e4\u00dfige W\u00e4rmeverteilung. Eine \u00fcberm\u00e4\u00dfige Erw\u00e4rmung des Materials w\u00e4hrend des Schrumpfvorgangs kann zu Blasenbildung, Verf\u00e4rbungen und in einigen F\u00e4llen sogar zum Bruch des Schrumpfschlauchs f\u00fchren.<\/li><\/ol>\t\t\t\t\t\t\t\t<\/div>\n\t\t\t\t<\/div>\n\t\t\t\t\t<\/div>\n\t\t<\/div>\n\t\t\t\t\t<\/div>\n\t\t<\/section>\n\t\t\t\t<\/div>\n\t\t","protected":false},"excerpt":{"rendered":"<p><strong>W\u00c4RMESCHUTZMANTEL aus POLYOLEFIN &#8222;SERIE TA61&#8220; SCHRUMPFUNG 6 \u00f7 1 MIT INNENKLEBSTOFF<\/strong><\/p>\n<p>Der Schlauch TA61 ist ein flexibler Schrumpfschlauch mit Innenklebstoff. Die Innenfl\u00e4che der H\u00fclle ist mit einem <strong>Schmelzklebstoff<\/strong> beschichtet, der w\u00e4hrend der Schrumpfung um das Objekt herum schmilzt, um es vor dem <strong>Eindringen von Wasser oder Feuchtigkeit zu sch\u00fctzen<\/strong>. Das hohe Schrumpfungsverh\u00e4ltnis macht diese H\u00fclle f\u00fcr den Schutz besonders unregelm\u00e4\u00dfiger Gegenst\u00e4nde aufgrund hoher Gr\u00f6\u00dfenunterschiede geeignet. Ideal f\u00fcr alle <strong>Anwendungen, die ein hohes Ma\u00df an Schutz erfordern<\/strong>.<\/p>\n<ul>\n<li><b>Schrumpfverh\u00e4ltnis: <\/b>6:1 mit Innenklebstoff. Die H\u00fclle schrumpft um das 6-fache des Anfangsdurchmessers<\/li>\n<li><strong>Verf\u00fcgbare Durchmesser: <\/strong>von 19,0 mm bis 235,0 mm<\/li>\n<li><b>Betriebstemperatur:<\/b> -55\u00b0C bis +110\u00b0C<\/li>\n<li><b>Konform mit den Normen<\/b><em>:<\/em> ASTMD2671, <em>UL224<\/em>, <em>ISO62<\/em>, <em>IEC243<\/em>, <em>ISO846<\/em>, <em>IEC93<\/em><\/li>\n<\/ul>\n[elementor-template id=\"28549\"]\n","protected":false},"featured_media":31803,"comment_status":"closed","ping_status":"closed","template":"","meta":{"_monsterinsights_skip_tracking":false,"_monsterinsights_sitenote_active":false,"_monsterinsights_sitenote_note":"","_monsterinsights_sitenote_category":0},"product_brand":[],"product_cat":[1030],"product_tag":[],"class_list":{"0":"post-34123","1":"product","2":"type-product","3":"status-publish","4":"has-post-thumbnail","6":"product_cat-schrumpfschlauche-61-mit-innenklebstoff","8":"first","9":"instock","10":"shipping-taxable","11":"product-type-simple"},"_links":{"self":[{"href":"https:\/\/www.rtecomponenti.it\/de\/wp-json\/wp\/v2\/product\/34123","targetHints":{"allow":["GET"]}}],"collection":[{"href":"https:\/\/www.rtecomponenti.it\/de\/wp-json\/wp\/v2\/product"}],"about":[{"href":"https:\/\/www.rtecomponenti.it\/de\/wp-json\/wp\/v2\/types\/product"}],"replies":[{"embeddable":true,"href":"https:\/\/www.rtecomponenti.it\/de\/wp-json\/wp\/v2\/comments?post=34123"}],"version-history":[{"count":3,"href":"https:\/\/www.rtecomponenti.it\/de\/wp-json\/wp\/v2\/product\/34123\/revisions"}],"predecessor-version":[{"id":36004,"href":"https:\/\/www.rtecomponenti.it\/de\/wp-json\/wp\/v2\/product\/34123\/revisions\/36004"}],"wp:featuredmedia":[{"embeddable":true,"href":"https:\/\/www.rtecomponenti.it\/de\/wp-json\/wp\/v2\/media\/31803"}],"wp:attachment":[{"href":"https:\/\/www.rtecomponenti.it\/de\/wp-json\/wp\/v2\/media?parent=34123"}],"wp:term":[{"taxonomy":"product_brand","embeddable":true,"href":"https:\/\/www.rtecomponenti.it\/de\/wp-json\/wp\/v2\/product_brand?post=34123"},{"taxonomy":"product_cat","embeddable":true,"href":"https:\/\/www.rtecomponenti.it\/de\/wp-json\/wp\/v2\/product_cat?post=34123"},{"taxonomy":"product_tag","embeddable":true,"href":"https:\/\/www.rtecomponenti.it\/de\/wp-json\/wp\/v2\/product_tag?post=34123"}],"curies":[{"name":"wp","href":"https:\/\/api.w.org\/{rel}","templated":true}]}}