{"id":34125,"date":"2023-12-11T11:55:14","date_gmt":"2023-12-11T11:55:14","guid":{"rendered":"https:\/\/www.rtecomponenti.it\/prodotto\/schrumpfschlauch-ttpas-hohe-dicke\/"},"modified":"2024-06-25T07:35:29","modified_gmt":"2024-06-25T07:35:29","slug":"schrumpfschlauch-ttpas-hohe-dicke","status":"publish","type":"product","link":"https:\/\/www.rtecomponenti.it\/de\/prodikt\/schrumpfschlaeuche\/schrumpfschlauch-3%c3%b71-4%c3%b71-mittel-hoch\/schrumpfschlauch-ttpas-hohe-dicke\/","title":{"rendered":"Schrumpfschlauch TTPAS Hohe Dicke"},"content":{"rendered":"<h2>W\u00e4rmeschrumpfschlauch aus hochfestem Polyolefin &#8222;TTPAS-Serie&#8220;<\/h2>\n<ul>\n<li><b>Material:\u00a0<\/b>Polyolefin<\/li>\n<li><b>Schrumpfung:<\/b>\u00a03:1 \u2013 4:1<\/li>\n<li><b>Anwendungsbereich:<\/b>\u00a0Anwendungen, die einen hohen mechanischen Schutz erfordern<\/li>\n<li><b>Minimale Schrumpftemperatur:\u00a0<\/b>+120 \u00b0C<\/li>\n<li><b>Betriebstemperatur min\/max:\u00a0<\/b>-55\u00b0C bis +110\u00b0C<\/li>\n<li><strong>Farbe:<\/strong>\u00a0Schwarz<\/li>\n<li><strong>Zugfestigkeit:<\/strong>\u00a0\u2265 14 MPA nach ASTMD2671<\/li>\n<li><strong>Dehnung:<\/strong>\u00a0\u2265 400% nach ASTMD2671<\/li>\n<li><strong>Alterungstest bei Hitze, Zugfestigkeit und Bruchdehnung:<\/strong>\u00a0&gt; 12 MPA und &gt; 300% (168 Stunden bei 150 \u00b0C)<\/li>\n<li><strong>Dichte:<\/strong>\u00a01,05 g\/cm<sup>3<\/sup><\/li>\n<li><strong>Schrumpfung\/L\u00e4ngs\u00e4nderung:<\/strong>\u00a00 bis \u2013 10% nach UL224<\/li>\n<li><strong>Spannungsfestigkeit:<\/strong>\u00a0\u2265 18 kV\/mm nach IEC243<\/li>\n<li><strong>Volumenwiderstand:<\/strong>\u00a0\u226510<sup>13\u00a0<\/sup>\u03a9 cm gem\u00e4\u00df IEC93<\/li>\n<li><strong>Kupferstabilit\u00e4t:<\/strong>\u00a0positiv<\/li>\n<li><strong>Wasseraufnahme:<\/strong>\u00a0&lt; 0,15% (14 Tage bei 23\u00b0C)<\/li>\n<\/ul>\n<h3>Hinweis zur W\u00e4rmeschrumpfung<\/h3>\n<ol>\n<li>Verwenden Sie zum Schrumpfen des Schrumpfschlauchs Ger\u00e4te, die f\u00fcr diesen speziellen Vorgang hergestellt wurden, wie z. B. Pistolen oder Hei\u00dflufttunnel.<\/li>\n<li>Schrumpfen Sie die H\u00fclle, indem Sie nur an einem Ende beginnen, dem kritischsten, und gehen Sie dann langsam zum gegen\u00fcberliegenden Ende. Diese Methode verhindert die Bildung von Luftblasen zwischen der Innenwand des Schrumpfschlauchs und dem Objekt, das er bedeckt.<\/li>\n<li>F\u00fcr den Fall, dass das abzudeckende Objekt aus Metall oder einem guten W\u00e4rmeleiter besteht, wird empfohlen, das Objekt vorzuheizen, um &#8222;kalte Bereiche&#8220; zu vermeiden, um eine perfekte und weiche Anpassung des Schrumpfschlauchs zu erm\u00f6glichen.<\/li>\n<li>Um eine \u00dcberhitzung des Schrumpfschlauchs zu vermeiden, sorgen Sie f\u00fcr eine gleichm\u00e4\u00dfige W\u00e4rmeverteilung. Eine \u00fcberm\u00e4\u00dfige Erw\u00e4rmung des Materials w\u00e4hrend des Schrumpfvorgangs kann zu Blasenbildung, Verf\u00e4rbungen und in einigen F\u00e4llen sogar zum Bruch des Schrumpfschlauchs f\u00fchren.<\/li>\n<\/ol>\n","protected":false},"excerpt":{"rendered":"<p><strong>W\u00c4RMESCHRUMPFSCHLAUCH aus DICKEM POLYOLEFIN<\/strong><\/p>\n<p>Die Polyolefin-H\u00fclle der Serie TTPAS mit hoher Dicke ist eine w\u00e4rmeschrumpfende H\u00fclle, die ein <strong>hohes Schrumpfungsverh\u00e4ltnis<\/strong> aufweist. Es eignet sich nicht nur besonders f\u00fcr alle Anwendungen, bei denen es notwendig ist, <strong>unregelm\u00e4\u00dfige Gegenst\u00e4nde und Komponenten zu beschichten und zu sch\u00fctzen<\/strong>, sondern weist auch eine gute Best\u00e4ndigkeit gegen \u00fcbliche Fl\u00fcssigkeiten und L\u00f6sungsmittel auf. Dar\u00fcber hinaus macht die hohe Wandst\u00e4rke nach dem Schrumpfen diese H\u00fclle besonders f\u00fcr Anwendungen geeignet, bei denen <strong>ein hoher mechanischer Schutz erforderlich<\/strong> ist.<\/p>\n<ul>\n<li><b>Schrumpfungsverh\u00e4ltnis: <\/b>von 3:1 \u2013 4:1 Hohe Dicke<\/li>\n<li><strong>Verf\u00fcgbare Durchmesser: <\/strong>von 9,0 mm bis 350,0 mm<\/li>\n<li><b>Betriebstemperatur:<\/b> -55\u00b0C bis +110\u00b0C<\/li>\n<li><b>Konform mit den Normen<\/b><em>:<\/em> ASTMD2671<em>, ASTMD792<\/em>, <em>UL224<\/em>, <em>IEC243<\/em>, <em>IEC93<\/em>, <em>ISO62<\/em><\/li>\n<\/ul>\n[elementor-template id=\"28540\"]\n","protected":false},"featured_media":31813,"comment_status":"closed","ping_status":"closed","template":"","meta":{"_monsterinsights_skip_tracking":false,"_monsterinsights_sitenote_active":false,"_monsterinsights_sitenote_note":"","_monsterinsights_sitenote_category":0},"product_brand":[],"product_cat":[1031,1017],"product_tag":[],"class_list":{"0":"post-34125","1":"product","2":"type-product","3":"status-publish","4":"has-post-thumbnail","6":"product_cat-schrumpfschlauch-31-41-mittel-hoch","7":"product_cat-schrumpfschlaeuche","9":"first","10":"instock","11":"shipping-taxable","12":"product-type-simple"},"_links":{"self":[{"href":"https:\/\/www.rtecomponenti.it\/de\/wp-json\/wp\/v2\/product\/34125","targetHints":{"allow":["GET"]}}],"collection":[{"href":"https:\/\/www.rtecomponenti.it\/de\/wp-json\/wp\/v2\/product"}],"about":[{"href":"https:\/\/www.rtecomponenti.it\/de\/wp-json\/wp\/v2\/types\/product"}],"replies":[{"embeddable":true,"href":"https:\/\/www.rtecomponenti.it\/de\/wp-json\/wp\/v2\/comments?post=34125"}],"version-history":[{"count":0,"href":"https:\/\/www.rtecomponenti.it\/de\/wp-json\/wp\/v2\/product\/34125\/revisions"}],"wp:featuredmedia":[{"embeddable":true,"href":"https:\/\/www.rtecomponenti.it\/de\/wp-json\/wp\/v2\/media\/31813"}],"wp:attachment":[{"href":"https:\/\/www.rtecomponenti.it\/de\/wp-json\/wp\/v2\/media?parent=34125"}],"wp:term":[{"taxonomy":"product_brand","embeddable":true,"href":"https:\/\/www.rtecomponenti.it\/de\/wp-json\/wp\/v2\/product_brand?post=34125"},{"taxonomy":"product_cat","embeddable":true,"href":"https:\/\/www.rtecomponenti.it\/de\/wp-json\/wp\/v2\/product_cat?post=34125"},{"taxonomy":"product_tag","embeddable":true,"href":"https:\/\/www.rtecomponenti.it\/de\/wp-json\/wp\/v2\/product_tag?post=34125"}],"curies":[{"name":"wp","href":"https:\/\/api.w.org\/{rel}","templated":true}]}}