{"id":34126,"date":"2023-12-11T11:55:14","date_gmt":"2023-12-11T11:55:14","guid":{"rendered":"https:\/\/www.rtecomponenti.it\/prodotto\/schrumpfschlauch-ttpams-medium-dicke-mit-innenliegendem-kleber\/"},"modified":"2025-10-13T15:01:28","modified_gmt":"2025-10-13T15:01:28","slug":"schrumpfschlauch-ttpams-medium-dicke-mit-innenliegendem-kleber","status":"publish","type":"product","link":"https:\/\/www.rtecomponenti.it\/de\/prodikt\/schrumpfschlaeuche\/schrumpfschlauch-3%c3%b71-4%c3%b71-mittel-hoch\/schrumpfschlauch-ttpams-medium-dicke-mit-innenliegendem-kleber\/","title":{"rendered":"Schrumpfschlauch TTPAMS Medium Dicke mit innenliegendem Kleber"},"content":{"rendered":"\t\t<div data-elementor-type=\"product-post\" data-elementor-id=\"34126\" class=\"elementor elementor-34126 elementor-27268\" data-elementor-post-type=\"product\">\n\t\t\t\t\t\t<section class=\"xts-negative-gap elementor-section elementor-top-section elementor-element elementor-element-742ae7dd elementor-section-boxed elementor-section-height-default elementor-section-height-default xts-section-disabled\" data-id=\"742ae7dd\" data-element_type=\"section\" data-e-type=\"section\">\n\t\t\t\t\t\t<div class=\"elementor-container elementor-column-gap-default\">\n\t\t\t\t\t<div class=\"elementor-column elementor-col-100 elementor-top-column elementor-element elementor-element-195d3408\" data-id=\"195d3408\" data-element_type=\"column\" data-e-type=\"column\">\n\t\t\t<div class=\"elementor-widget-wrap elementor-element-populated\">\n\t\t\t\t\t\t<div class=\"elementor-element elementor-element-7ff4cf1e xts-scheme-inherit xts-textalign-inherit elementor-widget elementor-widget-text-editor\" data-id=\"7ff4cf1e\" data-element_type=\"widget\" data-e-type=\"widget\" data-widget_type=\"text-editor.default\">\n\t\t\t\t<div class=\"elementor-widget-container\">\n\t\t\t\t\t\t\t\t\t<h2>Hitzebest\u00e4ndiger Mantel aus mittelstarkem Polyolefin mit Innenklebstoff &#8222;TTPAMS-Serie&#8220;<\/h2>\r\n<ul>\r\n \t<li><b>Material:\u00a0<\/b>Polyolefin<\/li>\r\n \t<li><b>Schrumpfung:<\/b>\u00a03:1 \u2013 4:1<\/li>\r\n \t<li><b>Anwendungsbereich:<\/b>\u00a0Anwendungen, die einen hohen mechanischen Schutz erfordern<\/li>\r\n \t<li><b>Minimale Schrumpftemperatur:\u00a0<\/b>+120 \u00b0C<\/li>\r\n \t<li><b>Betriebstemperatur min\/max:\u00a0<\/b>-55\u00b0C bis +110\u00b0C<\/li>\r\n \t<li><strong>Farbe:<\/strong>\u00a0Schwarz<\/li>\r\n \t<li><strong>Zugfestigkeit:<\/strong>\u00a0\u2265 14 MPA nach ASTMD2671<\/li>\r\n \t<li><strong>Dehnung:<\/strong>\u00a0\u2265 400% nach ASTMD2671<\/li>\r\n \t<li><strong>Alterungstest bei Hitze, Zugfestigkeit und Bruchdehnung:<\/strong>\u00a0&gt; 12 MPA und &gt; 300% (168 Stunden bei 150 \u00b0C)<\/li>\r\n \t<li><strong>Dichte:<\/strong>\u00a01,05 g\/cm<sup>3<\/sup><\/li>\r\n \t<li><strong>Schrumpfung\/L\u00e4ngs\u00e4nderung:<\/strong>\u00a00 bis -10 % nach UL224<\/li>\r\n \t<li><strong>Spannungsfestigkeit:<\/strong>\u00a0\u2265 18 kV\/mm nach IEC243<\/li>\r\n \t<li><strong>Volumenwiderstand:<\/strong>\u00a0\u226510<sup>13\u00a0<\/sup>\u03a9 cm nach IEC93<\/li>\r\n \t<li><strong>Kupferstabilit\u00e4t:<\/strong>\u00a0positiv<\/li>\r\n \t<li><strong>Wasseraufnahme:<\/strong>\u00a0&lt; 0,15% (14 Tage bei 23\u00b0C)<\/li>\r\n<\/ul>\r\n<h3>Klebeeigenschaften<\/h3>\r\n<ul>\r\n \t<li><strong>Erweichungspunkt:<\/strong> 85 \u00b1 5 \u00b0C nach ASTME28<\/li>\r\n \t<li><strong>Wasseraufnahme:<\/strong> &lt; 0,2% nach ISO62<\/li>\r\n \t<li><strong>Sch\u00e4len \/Abisolieren:<\/strong> 4 N\/cm nach DIN30672<\/li>\r\n \t<li><strong>Resistenz gegen Pilze und Verfall:<\/strong> positiv nach ISO846<\/li>\r\n<\/ul>\r\n<h3>Hinweis zur W\u00e4rmeschrumpfung<\/h3>\r\n<ol>\r\n \t<li>Verwenden Sie zum Schrumpfen des Schrumpfschlauchs Ger\u00e4te, die f\u00fcr diesen speziellen Vorgang hergestellt wurden, z. B. Pistolen oder Hei\u00dflufttunnel.<\/li>\r\n \t<li>Schrumpfen Sie die H\u00fclle, beginnend an einem Ende, dem kritischsten, und fahren Sie dann langsam zum gegen\u00fcberliegenden Ende fort. Diese Methode verhindert die Bildung von Luftblasen zwischen der Innenwand des Schrumpfschlauchs und dem Objekt, das er bedeckt.<\/li>\r\n \t<li>F\u00fcr den Fall, dass das abzudeckende Objekt aus Metall oder einem guten W\u00e4rmeleiter besteht, wird empfohlen, das Objekt vorzuheizen, um &#8222;kalte Bereiche&#8220; zu vermeiden, um eine perfekte und weiche Anpassung des Schrumpfschlauchs zu erm\u00f6glichen.<\/li>\r\n \t<li>Um eine \u00dcberhitzung des Schrumpfschlauchs zu vermeiden, sorgen Sie f\u00fcr eine gleichm\u00e4\u00dfige W\u00e4rmeverteilung. Eine \u00fcberm\u00e4\u00dfige Erw\u00e4rmung des Materials w\u00e4hrend des Schrumpfvorgangs kann zu Blasenbildung, Verf\u00e4rbungen und in einigen F\u00e4llen sogar zum Bruch des Schrumpfschlauchs f\u00fchren.<\/li>\r\n<\/ol>\t\t\t\t\t\t\t\t<\/div>\n\t\t\t\t<\/div>\n\t\t\t\t\t<\/div>\n\t\t<\/div>\n\t\t\t\t\t<\/div>\n\t\t<\/section>\n\t\t\t\t<section class=\"xts-negative-gap elementor-section elementor-top-section elementor-element elementor-element-577dc79 elementor-section-full_width elementor-section-stretched elementor-section-height-default elementor-section-height-default xts-section-disabled\" data-id=\"577dc79\" data-element_type=\"section\" data-e-type=\"section\" data-settings=\"{&quot;stretch_section&quot;:&quot;section-stretched&quot;,&quot;background_background&quot;:&quot;classic&quot;}\">\n\t\t\t\t\t\t\t<div class=\"elementor-background-overlay\"><\/div>\n\t\t\t\t\t\t\t<div class=\"elementor-container elementor-column-gap-default\">\n\t\t\t\t\t<div class=\"elementor-column elementor-col-100 elementor-top-column elementor-element elementor-element-b738100\" data-id=\"b738100\" data-element_type=\"column\" data-e-type=\"column\">\n\t\t\t<div class=\"elementor-widget-wrap elementor-element-populated\">\n\t\t\t\t\t\t<div class=\"elementor-element elementor-element-e692060 elementor-widget elementor-widget-heading\" data-id=\"e692060\" data-element_type=\"widget\" data-e-type=\"widget\" data-widget_type=\"heading.default\">\n\t\t\t\t<div class=\"elementor-widget-container\">\n\t\t\t\t\t<h2 class=\"elementor-heading-title elementor-size-default\">Schrumpfschl\u00e4uche<\/h2>\t\t\t\t<\/div>\n\t\t\t\t<\/div>\n\t\t\t\t<div class=\"elementor-element elementor-element-81677fa elementor-widget elementor-widget-heading\" data-id=\"81677fa\" data-element_type=\"widget\" data-e-type=\"widget\" data-widget_type=\"heading.default\">\n\t\t\t\t<div class=\"elementor-widget-container\">\n\t\t\t\t\t<h3 class=\"elementor-heading-title elementor-size-default\">H\u00e4ufig Gestellte Fragen<\/h3>\t\t\t\t<\/div>\n\t\t\t\t<\/div>\n\t\t\t\t<section class=\"elementor-section elementor-inner-section elementor-element elementor-element-151598e elementor-section-boxed elementor-section-height-default elementor-section-height-default xts-section-disabled\" data-id=\"151598e\" data-element_type=\"section\" data-e-type=\"section\">\n\t\t\t\t\t\t<div class=\"elementor-container elementor-column-gap-default\">\n\t\t\t\t\t<div class=\"elementor-column elementor-col-50 elementor-inner-column elementor-element elementor-element-461c53a\" data-id=\"461c53a\" data-element_type=\"column\" data-e-type=\"column\">\n\t\t\t<div class=\"elementor-widget-wrap elementor-element-populated\">\n\t\t\t\t\t\t<div class=\"elementor-element elementor-element-a9fb31f elementor-widget elementor-widget-xts_accordion\" data-id=\"a9fb31f\" data-element_type=\"widget\" data-e-type=\"widget\" data-widget_type=\"xts_accordion.default\">\n\t\t\t\t<div class=\"elementor-widget-container\">\n\t\t\t\t\t\t\t<div class=\"xts-accordion xts-style-bordered\" data-toggle-self=\"yes\" data-state=\"first\">\n\t\t\t\t\t\t\t<div class=\"xts-accordion-item\">\n\t\t\t\t\t\n\t\t\t\t\t<div class=\"xts-accordion-title xts-textalign-left xts-icon-right xts-active\"\n\t\t\t\t\t\tdata-accordion-index=\"0\">\n\t\t\t\t\t\t<span class=\"xts-accordion-title-text\">Wann empfiehlt sich die Verwendung von Schrumpfschl\u00e4uchen mit innenliegendem Schmelzkleber?<\/span>\n\t\t\t\t\t\t<span class=\"xts-accordion-icon xts-style-arrow\"><\/span>\n\t\t\t\t\t<\/div>\n\n\t\t\t\t\t<div class=\"xts-accordion-content xts-active elementor-repeater-item-370835f xts-textalign-left xts-textcolor-white\"\n\t\t\t\t\t\tdata-accordion-index=\"0\">\n\t\t\t\t\t\t\t\t\t\t\t\t\t<div class=\"xts-accordion-desc\"\n\t\t\t\t\t\t\t\tdata-elementor-setting-key=\"accordion_items.0.item_desc\">\n\t\t\t\t\t\t\t\tDer Einsatz von Schrumpfschl\u00e4uchen mit <b>innenliegendem Schmelzkleber<\/b> empfiehlt sich vor allem bei folgenden Anwendungen: \n<ol>\n<li>Wenn sich das zu sch\u00fctzende Teil aufgrund von Wasser , Schnee oder anderen besonders schweren Witterungseinfl\u00fcssen in einer sehr feuchten Umgebung befindet. Der innenliegende Schmelzkleber, der w\u00e4hrend der Erw\u00e4rmungs- und Schrumpfphase schmilzt, umh\u00fcllt das zu sch\u00fctzende Objekt vollst\u00e4ndig und wasserdicht.<\/li>\n<li>Wenn es notwendig ist, die Klemmung zwischen dem elektrischen Kabel und seinem Stecker oder zwischen mehreren elektrischen Kabeln und dem fliegenden mehrpoligen Stecker zu verbessern. Die Verwendung von Schrumpfschl\u00e4uchen mit <b>innenliegendem Schmelzkleber<\/b> erweist sich als sehr n\u00fctzlich, um Unterbrechungen der elektrischen Verbindungen zwischen Ger\u00e4ten zu minimieren, die in manchen F\u00e4llen und insbesondere in bestimmten Sektoren besonders sch\u00e4dlich sein k\u00f6nnen.<\/li>\n<\/ol>\n\t\t\t\t\t\t\t<\/div>\n\t\t\t\t\t\t\t\t\t\t\t<\/div>\n\t\t\t\t<\/div>\n\t\t\t\t\t\t\t<div class=\"xts-accordion-item\">\n\t\t\t\t\t\n\t\t\t\t\t<div class=\"xts-accordion-title xts-textalign-left xts-icon-right\"\n\t\t\t\t\t\tdata-accordion-index=\"1\">\n\t\t\t\t\t\t<span class=\"xts-accordion-title-text\">Wie viele Arten von Schrumpfschl\u00e4uchen mit innenliegendem Schmelzkleber gibt es?<\/span>\n\t\t\t\t\t\t<span class=\"xts-accordion-icon xts-style-arrow\"><\/span>\n\t\t\t\t\t<\/div>\n\n\t\t\t\t\t<div class=\"xts-accordion-content elementor-repeater-item-1e633d8 xts-textalign-left xts-textcolor-white\"\n\t\t\t\t\t\tdata-accordion-index=\"1\">\n\t\t\t\t\t\t\t\t\t\t\t\t\t<div class=\"xts-accordion-desc\"\n\t\t\t\t\t\t\t\tdata-elementor-setting-key=\"accordion_items.1.item_desc\">\n\t\t\t\t\t\t\t\tEs gibt drei Haupttypen, die am h\u00e4ufigsten nachgefragt werden:\n<ol>\n<li><b>NORMALE<\/b> Wandst\u00e4rke, mit einem Schrumpfungsverh\u00e4ltnis von 3\u00f71, unsere Serie <b>TTPA31<\/b> \u2013 <b>TA3155<\/b>, oder 4\u00f71, unsere Serie <b>TTPA41<\/b> \u2013 <b>TA4155<\/b>, erh\u00e4ltlich mit Innendurchmessern zwischen 3 mm \u00f7 52 mm. <\/li>\n\n<li><b>MITTLERE<\/b> Wandst\u00e4rke, mit einem Schrumpfverh\u00e4ltnis von 3\u00f71, unsere <b>TTPAMS-Serie<\/b>, erh\u00e4ltlich mit Innendurchmessern zwischen 8 mm \u00f7 410 mm.<\/li>\n\n<li><b>HOHE<\/b> Wandst\u00e4rke, mit einem Schrumpfverh\u00e4ltnis von 3\u00f71, unsere Serie <b>TTPAAS<\/b>, erh\u00e4ltlich mit Innendurchmessern zwischen 9 mm \u00f7 310 mm.<\/li>\n<\/ol>\t\t\t\t\t\t\t<\/div>\n\t\t\t\t\t\t\t\t\t\t\t<\/div>\n\t\t\t\t<\/div>\n\t\t\t\t\t<\/div>\n\t\t\t\t\t\t<\/div>\n\t\t\t\t<\/div>\n\t\t\t\t\t<\/div>\n\t\t<\/div>\n\t\t\t\t<div class=\"elementor-column elementor-col-50 elementor-inner-column elementor-element elementor-element-d3d87c7\" data-id=\"d3d87c7\" data-element_type=\"column\" data-e-type=\"column\">\n\t\t\t<div class=\"elementor-widget-wrap elementor-element-populated\">\n\t\t\t\t\t\t<div class=\"elementor-element elementor-element-9bf76fc elementor-widget elementor-widget-xts_accordion\" data-id=\"9bf76fc\" data-element_type=\"widget\" data-e-type=\"widget\" data-widget_type=\"xts_accordion.default\">\n\t\t\t\t<div class=\"elementor-widget-container\">\n\t\t\t\t\t\t\t<div class=\"xts-accordion xts-style-bordered\" data-toggle-self=\"yes\" data-state=\"first\">\n\t\t\t\t\t\t\t<div class=\"xts-accordion-item\">\n\t\t\t\t\t\n\t\t\t\t\t<div class=\"xts-accordion-title xts-textalign-left xts-icon-right xts-active\"\n\t\t\t\t\t\tdata-accordion-index=\"0\">\n\t\t\t\t\t\t<span class=\"xts-accordion-title-text\">Welcher Schmelzklebstoff wird in Schrumpfschl\u00e4uchen am h\u00e4ufigsten verwendet?<\/span>\n\t\t\t\t\t\t<span class=\"xts-accordion-icon xts-style-arrow\"><\/span>\n\t\t\t\t\t<\/div>\n\n\t\t\t\t\t<div class=\"xts-accordion-content xts-active elementor-repeater-item-d1f7a4c xts-textalign-left xts-textcolor-white\"\n\t\t\t\t\t\tdata-accordion-index=\"0\">\n\t\t\t\t\t\t\t\t\t\t\t\t\t<div class=\"xts-accordion-desc\"\n\t\t\t\t\t\t\t\tdata-elementor-setting-key=\"accordion_items.0.item_desc\">\n\t\t\t\t\t\t\t\tDer am h\u00e4ufigsten verwendete Klebstoff f\u00fcr Schrumpfschl\u00e4uche mit <b>innenliegendem Schmelzkleber<\/b> besteht aus \u201eEVA\u201c (Ethylen-Vinyl-Acetat). Dieser Klebstofftyp wird verwendet, weil er sich bei Hitzeeinwirkung sehr schnell verfl\u00fcssigt und so das zu umh\u00fcllende Objekt schnell umh\u00fcllt. Nach Abschluss der W\u00e4rmeschrumpfung verfestigt sich der EVA-Klebstoff ebenso schnell. \t\t\t\t\t\t\t<\/div>\n\t\t\t\t\t\t\t\t\t\t\t<\/div>\n\t\t\t\t<\/div>\n\t\t\t\t\t<\/div>\n\t\t\t\t\t\t<\/div>\n\t\t\t\t<\/div>\n\t\t\t\t\t<\/div>\n\t\t<\/div>\n\t\t\t\t\t<\/div>\n\t\t<\/section>\n\t\t\t\t\t<\/div>\n\t\t<\/div>\n\t\t\t\t\t<\/div>\n\t\t<\/section>\n\t\t\t\t<\/div>\n\t\t","protected":false},"excerpt":{"rendered":"<p><strong>SCHRUMPFSCHLAUCH aus MITTELSTARKEM POLYOLEFIN<\/strong><\/p>\n<p>Die mittelstarke TTPAMS-H\u00fclle ist eine <strong>flexible<\/strong> Schrumpfh\u00fclle mit Innenklebstoff. Die Innenseite der H\u00fclle ist mit einem Schmelzklebstoff beschichtet, <strong>der w\u00e4hrend der Schrumpfung um das Objekt herum schmilzt<\/strong>, um es vor dem Eindringen von Wasser oder Feuchtigkeit zu sch\u00fctzen. Aufgrund des hohen Schrumpfverh\u00e4ltnisses eignet sich diese H\u00fclle <strong>zum Schutz<\/strong> besonders <strong>unregelm\u00e4\u00dfiger<\/strong> Gegenst\u00e4nde aufgrund hoher Gr\u00f6\u00dfenunterschiede. Ideal f\u00fcr alle Anwendungen, bei denen ein hohes Ma\u00df an Schutz erforderlich ist. Dar\u00fcber hinaus macht die hohe Wandst\u00e4rke nach dem Schrumpfen diesen Mantel besonders geeignet f\u00fcr Anwendungen, bei denen ein<strong> hoher mechanischer Schutz<\/strong> erforderlich ist.<\/p>\n<ul>\n<li><b>Schrumpfungsverh\u00e4ltnis: <\/b>von 3:1 \u2013 4:1 Mittlere Dicke<\/li>\n<li><strong>Verf\u00fcgbare Durchmesser: <\/strong>von 8,0 mm bis 410,0 mm<\/li>\n<li><b>Betriebstemperatur:<\/b> -55\u00b0C bis +110\u00b0C<\/li>\n<li><b>Konform mit den Normen<\/b><em>:<\/em> ASTMD2671<em>,<\/em> ASTMD792, <em>UL224<\/em>, <em>IEC243<\/em>, <em>IEC93<\/em>, <em>ISO62<\/em>, <em>ASTME28<\/em>, <em>DIN30672<\/em>, <em>ISO846<\/em><\/li>\n<\/ul>\n[elementor-template id=\"28535\"]\n","protected":false},"featured_media":31815,"comment_status":"closed","ping_status":"closed","template":"","meta":{"_monsterinsights_skip_tracking":false,"_monsterinsights_sitenote_active":false,"_monsterinsights_sitenote_note":"","_monsterinsights_sitenote_category":0},"product_brand":[],"product_cat":[1031,1017],"product_tag":[],"class_list":{"0":"post-34126","1":"product","2":"type-product","3":"status-publish","4":"has-post-thumbnail","6":"product_cat-schrumpfschlauch-31-41-mittel-hoch","7":"product_cat-schrumpfschlaeuche","9":"first","10":"instock","11":"shipping-taxable","12":"product-type-simple"},"_links":{"self":[{"href":"https:\/\/www.rtecomponenti.it\/de\/wp-json\/wp\/v2\/product\/34126","targetHints":{"allow":["GET"]}}],"collection":[{"href":"https:\/\/www.rtecomponenti.it\/de\/wp-json\/wp\/v2\/product"}],"about":[{"href":"https:\/\/www.rtecomponenti.it\/de\/wp-json\/wp\/v2\/types\/product"}],"replies":[{"embeddable":true,"href":"https:\/\/www.rtecomponenti.it\/de\/wp-json\/wp\/v2\/comments?post=34126"}],"version-history":[{"count":0,"href":"https:\/\/www.rtecomponenti.it\/de\/wp-json\/wp\/v2\/product\/34126\/revisions"}],"wp:featuredmedia":[{"embeddable":true,"href":"https:\/\/www.rtecomponenti.it\/de\/wp-json\/wp\/v2\/media\/31815"}],"wp:attachment":[{"href":"https:\/\/www.rtecomponenti.it\/de\/wp-json\/wp\/v2\/media?parent=34126"}],"wp:term":[{"taxonomy":"product_brand","embeddable":true,"href":"https:\/\/www.rtecomponenti.it\/de\/wp-json\/wp\/v2\/product_brand?post=34126"},{"taxonomy":"product_cat","embeddable":true,"href":"https:\/\/www.rtecomponenti.it\/de\/wp-json\/wp\/v2\/product_cat?post=34126"},{"taxonomy":"product_tag","embeddable":true,"href":"https:\/\/www.rtecomponenti.it\/de\/wp-json\/wp\/v2\/product_tag?post=34126"}],"curies":[{"name":"wp","href":"https:\/\/api.w.org\/{rel}","templated":true}]}}