{"id":34128,"date":"2023-12-11T11:55:14","date_gmt":"2023-12-11T11:55:14","guid":{"rendered":"https:\/\/www.rtecomponenti.it\/prodotto\/schrumpfschlauch-stmt24ms-bus-6%c3%b724-kv\/"},"modified":"2026-02-04T09:53:20","modified_gmt":"2026-02-04T09:53:20","slug":"schrumpfschlauch-stmt24ms-bus-6%c3%b724-kv","status":"publish","type":"product","link":"https:\/\/www.rtecomponenti.it\/de\/prodikt\/schrumpfschlaeuche\/schrumpfschlauch-2%c3%b71-fur-bus-bar-6%c3%b724-kv-36-kv\/schrumpfschlauch-stmt24ms-bus-6%c3%b724-kv\/","title":{"rendered":"Schrumpfschlauch STMT24MS-BUS 6:24 KV"},"content":{"rendered":"<h2>Schrumpfschlauch f\u00fcr mittelstarke Mittelspannungsschienen \u201eSerie STMT24MS\u201c<\/h2>\n<ul>\n<li><strong>Material<\/strong>: vernetztes Polyolefin<\/li>\n<li><b>Einsatzbereich:<\/b> Mittelspannungsschienenisolierung, Innenraumoptimierung Schaltschr\u00e4nke<\/li>\n<li><strong>Betriebstemperatur<\/strong> \u2013 40\u00b0C bis +105\u00b0C<\/li>\n<li><strong>Schrumpfungsverh\u00e4ltnis<\/strong> &gt; 2 zu 1<\/li>\n<li>Sehr gute<strong> Flexibilit\u00e4t<\/strong><\/li>\n<li><strong>Standardfarbe<\/strong> Ziegelrot<\/li>\n<li><strong>Schrumpftemperatur<\/strong> 125\u00b0C<\/li>\n<li><strong>L\u00e4ngs\u00e4nderung<\/strong> +5 \/ -10%<\/li>\n<li><strong>Zugfestigkeit \u2265 12 MPa<\/strong> nach ASTM D 2671<\/li>\n<li><strong>Bruchdehnung<\/strong> \u2265 400% nach ASTM D 2671<\/li>\n<li><strong>Dichte<\/strong> 0,95-1,05 nach\u00a0ASTM D 2671<\/li>\n<li><strong>Wasseraufnahme<\/strong> \u2264 0,2% nach\u00a0ASTM D 570<\/li>\n<li><strong>Niedrigtemperaturflexibilit\u00e4t<\/strong>: keine Risse nach\u00a0ASTM D 2671<\/li>\n<li><strong>Hitzeschock<\/strong> (4 Stunden bei 200 \u00b0C): keine Leckage, kein Durchfluss, keine Risse nach\u00a0ASTM D 2671<\/li>\n<li><strong>Halogenfrei<\/strong>: CL: 900ppm max + Br: 900ppm max, \u00a0nach\u00a0IEC 61249-2-21<\/li>\n<li><strong>Volumenwiderstand<\/strong> \u2265 1012 W.cm nach\u00a0ASTM D 2671<\/li>\n<li><strong>Spannungsfestigkeit<\/strong> \u2265 16 kV \/ mm nach\u00a0ASTM D 2671<\/li>\n<li><strong>Lichtechtheit der Farbe<\/strong>: Vergleich zwischen exponiert und nicht exponiert \/Farbanteile \u00e4ndern sich nicht nach\u00a0IEC 60684-3<\/li>\n<li><strong>Kupferkorrosion (158 \u00b0C\/168 Std.)<\/strong>: bestanden nach IEC 60684-3<\/li>\n<\/ul>\n<h3>Hinweis zur W\u00e4rmeschrumpfung<\/h3>\n<ol>\n<li>Verwenden Sie zum Schrumpfen des Schrumpfschlauchs Ger\u00e4te, die f\u00fcr diesen speziellen Vorgang hergestellt wurden, z. B. Pistolen oder Hei\u00dflufttunnel.<\/li>\n<li>Schrumpfen Sie die H\u00fclle, beginnend an einem Ende, dem kritischsten, und fahren Sie dann langsam zum gegen\u00fcberliegenden Ende fort. Diese Methode verhindert die Bildung von Luftblasen zwischen der Innenwand des Schrumpfschlauchs und dem Objekt, das er bedeckt.<\/li>\n<li>F\u00fcr den Fall, dass das zu bedeckende Objekt aus Metall oder einem guten W\u00e4rmeleiter besteht, wird empfohlen, das Objekt vorzuheizen, um &#8222;kalte Bereiche&#8220; zu vermeiden, um eine perfekte und weiche Anpassung des Schrumpfschlauchs zu erm\u00f6glichen.<\/li>\n<li>Um eine \u00dcberhitzung des Schrumpfschlauchs zu vermeiden, sorgen Sie f\u00fcr eine gleichm\u00e4\u00dfige W\u00e4rmeverteilung. Eine \u00fcberm\u00e4\u00dfige Erw\u00e4rmung des Materials w\u00e4hrend des Schrumpfvorgangs kann zu Blasenbildung, Verf\u00e4rbungen und in einigen F\u00e4llen sogar zum Bruch des Schrumpfschlauchs f\u00fchren.<\/li>\n<\/ol>\n","protected":false},"excerpt":{"rendered":"<p><strong>SCHRUMPFSCHLAUCH F\u00dcR MITTELSPANNUNGSSCHIENEN MIT MITTLERER SCHRUMPFUNGSDICKE &gt; 2:1<\/strong><\/p>\n<p>Der Schrumpfschlauch der Serie STMT24KVMS aus vernetztem Polyolefin mittlerer Dicke wird haupts\u00e4chlich <strong>zur Isolierung von Mittelspannungsschienen bis zu einem Wert von 24 kV<\/strong> vor versehentlichen Entladungen und Kontakten verwendet, die haupts\u00e4chlich auf das Eindringen kleiner Tiere zur\u00fcckzuf\u00fchren sind. Die Verwendung dieses Schrumpfschlauchs erm\u00f6glicht auch die<strong> Optimierung der Innenr\u00e4ume in den Schaltschr\u00e4nken <\/strong>von M.T. Durch die Montage des Schrumpfschlauchs STMT24KVMS k\u00f6nnen die Abst\u00e4nde zwischen den Phasen erheblich verringert werden, so dass immer kompaktere Schaltschr\u00e4nke verwendet werden k\u00f6nnen. Ein weiterer Vorteil des <strong>Schrumpfschlauchs STMT24KVMS ist, dass er als Halogen Free im Brandfall keine giftigen, extrem gesundheitssch\u00e4dlichen Stoffe freisetzt<\/strong>.<\/p>\n<ul>\n<li><strong>Schrumpfungsverh\u00e4ltnis<\/strong>: 2:1 H\u00fclsen pro Bus-Bar 6:24 KV \u2013 36 KV<\/li>\n<li><strong>Verf\u00fcgbare Durchmesser: <\/strong>von 25 mm bis 175 mm<\/li>\n<li><strong>Betriebstemperatur<\/strong> von -40\u00b0C bis +105\u00b0C<\/li>\n<li><strong>Entspricht den Normen: <\/strong><em>ASTM D 2671<\/em>, <em>ASTM D 570<\/em>, <em>IEC 61249-2-21<\/em>, <em>IEC 60684-3<\/em><\/li>\n<\/ul>\n[elementor-template id=\"28526\"]\n","protected":false},"featured_media":31819,"comment_status":"closed","ping_status":"closed","template":"","meta":{"_monsterinsights_skip_tracking":false,"_monsterinsights_sitenote_active":false,"_monsterinsights_sitenote_note":"","_monsterinsights_sitenote_category":0},"product_brand":[],"product_cat":[1032,1017],"product_tag":[],"class_list":{"0":"post-34128","1":"product","2":"type-product","3":"status-publish","4":"has-post-thumbnail","6":"product_cat-schrumpfschlauch-21-fur-bus-bar-624-kv-36-kv","7":"product_cat-schrumpfschlaeuche","9":"first","10":"instock","11":"shipping-taxable","12":"product-type-simple"},"_links":{"self":[{"href":"https:\/\/www.rtecomponenti.it\/de\/wp-json\/wp\/v2\/product\/34128","targetHints":{"allow":["GET"]}}],"collection":[{"href":"https:\/\/www.rtecomponenti.it\/de\/wp-json\/wp\/v2\/product"}],"about":[{"href":"https:\/\/www.rtecomponenti.it\/de\/wp-json\/wp\/v2\/types\/product"}],"replies":[{"embeddable":true,"href":"https:\/\/www.rtecomponenti.it\/de\/wp-json\/wp\/v2\/comments?post=34128"}],"version-history":[{"count":2,"href":"https:\/\/www.rtecomponenti.it\/de\/wp-json\/wp\/v2\/product\/34128\/revisions"}],"predecessor-version":[{"id":35998,"href":"https:\/\/www.rtecomponenti.it\/de\/wp-json\/wp\/v2\/product\/34128\/revisions\/35998"}],"wp:featuredmedia":[{"embeddable":true,"href":"https:\/\/www.rtecomponenti.it\/de\/wp-json\/wp\/v2\/media\/31819"}],"wp:attachment":[{"href":"https:\/\/www.rtecomponenti.it\/de\/wp-json\/wp\/v2\/media?parent=34128"}],"wp:term":[{"taxonomy":"product_brand","embeddable":true,"href":"https:\/\/www.rtecomponenti.it\/de\/wp-json\/wp\/v2\/product_brand?post=34128"},{"taxonomy":"product_cat","embeddable":true,"href":"https:\/\/www.rtecomponenti.it\/de\/wp-json\/wp\/v2\/product_cat?post=34128"},{"taxonomy":"product_tag","embeddable":true,"href":"https:\/\/www.rtecomponenti.it\/de\/wp-json\/wp\/v2\/product_tag?post=34128"}],"curies":[{"name":"wp","href":"https:\/\/api.w.org\/{rel}","templated":true}]}}