{"id":34129,"date":"2023-12-11T11:55:15","date_gmt":"2023-12-11T11:55:15","guid":{"rendered":"https:\/\/www.rtecomponenti.it\/prodotto\/schrumpfschlauch-stmt36as-bus-bar-36kv\/"},"modified":"2026-02-04T09:54:34","modified_gmt":"2026-02-04T09:54:34","slug":"schrumpfschlauch-stmt36as-bus-bar-36kv","status":"publish","type":"product","link":"https:\/\/www.rtecomponenti.it\/de\/prodikt\/schrumpfschlaeuche\/schrumpfschlauch-2%c3%b71-fur-bus-bar-6%c3%b724-kv-36-kv\/schrumpfschlauch-stmt36as-bus-bar-36kv\/","title":{"rendered":"Schrumpfschlauch STMT36AS-BUS BAR 36KV"},"content":{"rendered":"<h2>Schrumpfschlauch f\u00fcr Mittelspannungsschienen mit hoher Dicke STMT36AS-BUS BAR 36KV<strong>\u00a0<\/strong><\/h2>\n<ul>\n<li><b>Material:\u00a0<\/b>hochdickes vernetztes Polyolefin<\/li>\n<li><b>Verengung:\u00a0<\/b>2:1<\/li>\n<li><b>Anwendungsbereich:<\/b>\u00a0Elektrische Isolierung, Feuchtigkeitsschutz, mechanischer Schutz und Kabelkennzeichnung.<\/li>\n<li><strong>Betriebstemperatur<\/strong> \u2013 40\u00b0C bis +105\u00b0C<\/li>\n<li>Sehr gute<strong> Flexibilit\u00e4t<\/strong><\/li>\n<li><strong>Standardfarbe<\/strong> Ziegelrot<\/li>\n<li><strong>Schrumpftemperatur<\/strong> 125\u00b0C<\/li>\n<li><strong>L\u00e4ngs\u00e4nderung<\/strong> +5 \/ -10%<\/li>\n<li><strong>Zugfestigkeit \u2265 12 MPa<\/strong> nach ASTM D 2671<\/li>\n<li><strong>Bruchdehnung<\/strong> \u2265 400%\u00a0nach ASTM D 2671<\/li>\n<li><strong>Dichte<\/strong> 0,95-1,05 nach ASTM D 2671<\/li>\n<li><strong>Wasseraufnahme<\/strong> \u2264 0,2% nach ASTM D 570<\/li>\n<li><strong>Niedrigtemperaturflexibilit\u00e4t<\/strong><\/li>\n<li><strong>Hitzeschock<\/strong> (4 Stunden bei 200 \u00b0C): keine Leckage, kein Durchfluss, keine Risse nach\u00a0ASTM D 2671<\/li>\n<li><strong>Halogenfrei<\/strong>: CL (900ppm max) +Br (900ppm max) = 1500ppm max nach\u00a0IEC 61249-2-21<\/li>\n<li><strong>Volumenwiderstand<\/strong> \u2265 1012 W.cm nach\u00a0ASTM D 2671<\/li>\n<li><strong>Spannungsfestigkeit<\/strong> \u2265 16 kV \/ mm nach ASTM D 2671<\/li>\n<li><strong>Lichtechtheit der Farbe<\/strong>: Vergleich zwischen exponiert und nicht exponiert = Farbanteile \u00e4ndern sich nicht, nach\u00a0IEC 60684-3<\/li>\n<li><strong>Kupferkorrosion (158 \u00b0C\/168 Std.)<\/strong>: bestanden nach IEC 60684-3<\/li>\n<\/ul>\n<h3>Hinweis zur W\u00e4rmeschrumpfung<\/h3>\n<ol>\n<li>Verwenden Sie zum Schrumpfen des Schrumpfschlauchs Ger\u00e4te, die f\u00fcr diesen speziellen Vorgang hergestellt wurden, z. B. Pistolen oder Hei\u00dflufttunnel.<\/li>\n<li>Schrumpfen Sie die H\u00fclle, beginnend an einem Ende, dem kritischsten, und fahren Sie dann langsam zum gegen\u00fcberliegenden Ende fort. Diese Methode verhindert die Bildung von Luftblasen zwischen der Innenwand des Schrumpfschlauchs und dem Objekt, das er bedeckt.<\/li>\n<li>F\u00fcr den Fall, dass das abzudeckende Objekt aus Metall oder einem guten W\u00e4rmeleiter besteht, wird empfohlen, das Objekt vorzuheizen, um &#8222;kalte Bereiche&#8220; zu vermeiden, um eine perfekte und weiche Anpassung des Schrumpfschlauchs zu erm\u00f6glichen.<\/li>\n<li>Um eine \u00dcberhitzung des Schrumpfschlauchs zu vermeiden, sorgen Sie f\u00fcr eine gleichm\u00e4\u00dfige W\u00e4rmeverteilung. Eine \u00fcberm\u00e4\u00dfige Erw\u00e4rmung des Materials w\u00e4hrend des Schrumpfvorgangs kann zu Blasenbildung, Verf\u00e4rbungen und in einigen F\u00e4llen sogar zum Bruch des Schrumpfschlauchs f\u00fchren.<\/li>\n<\/ol>\n","protected":false},"excerpt":{"rendered":"<p><strong>SCHRUMPFSCHLAUCH F\u00dcR MITTELSPANNUNGSSCHIENEN MIT hoher SCHRUMPFUNGSDICKE <span class=\"tabbox\">&gt;<\/span> 2:1<\/strong><\/p>\n<p>Die Schrumpfschlauch-Serie STMT36KVAS wurde entwickelt, um <strong>Mittelspannungsschienen bis zu einem Wert von 36 KV zu isolieren<\/strong>. Die Isolationseigenschaften dieser H\u00fclle erm\u00f6glichen es,<strong> den Raum zwischen einer Stange und der anderen auf die H\u00e4lfte oder ein Drittel des urspr\u00fcnglichen Luftraums zu reduzieren<\/strong>, wodurch die M\u00f6glichkeit besteht, Schaltschr\u00e4nke und Leitungen mit kleineren Abmessungen zu bauen.<\/p>\n<ul>\n<li><b>Schrumpfungsverh\u00e4ltnis: <\/b>2:1. Die H\u00fclle schrumpft um das 2-fache des Anfangsdurchmessers.<\/li>\n<li><strong>Verf\u00fcgbare Durchmesser: <\/strong>von 25mm bis 230mm<\/li>\n<li><b>Betriebstemperatur:<\/b> -40\u00b0C bis +105\u00b0C<\/li>\n<li><b>Entspricht den Normen:<\/b>\u00a0<em>ASTM D 2671<\/em>, <em>ASTM D 570<\/em>, <em>IEC 61249-2-21<\/em>, <em>IEC 60684-3<\/em><br \/>\n[elementor-template id=\"28522\"]<\/li>\n<\/ul>\n","protected":false},"featured_media":31821,"comment_status":"closed","ping_status":"closed","template":"","meta":{"_monsterinsights_skip_tracking":false,"_monsterinsights_sitenote_active":false,"_monsterinsights_sitenote_note":"","_monsterinsights_sitenote_category":0},"product_brand":[],"product_cat":[1032,1017],"product_tag":[],"class_list":{"0":"post-34129","1":"product","2":"type-product","3":"status-publish","4":"has-post-thumbnail","6":"product_cat-schrumpfschlauch-21-fur-bus-bar-624-kv-36-kv","7":"product_cat-schrumpfschlaeuche","9":"first","10":"instock","11":"shipping-taxable","12":"product-type-simple"},"_links":{"self":[{"href":"https:\/\/www.rtecomponenti.it\/de\/wp-json\/wp\/v2\/product\/34129","targetHints":{"allow":["GET"]}}],"collection":[{"href":"https:\/\/www.rtecomponenti.it\/de\/wp-json\/wp\/v2\/product"}],"about":[{"href":"https:\/\/www.rtecomponenti.it\/de\/wp-json\/wp\/v2\/types\/product"}],"replies":[{"embeddable":true,"href":"https:\/\/www.rtecomponenti.it\/de\/wp-json\/wp\/v2\/comments?post=34129"}],"version-history":[{"count":1,"href":"https:\/\/www.rtecomponenti.it\/de\/wp-json\/wp\/v2\/product\/34129\/revisions"}],"predecessor-version":[{"id":35999,"href":"https:\/\/www.rtecomponenti.it\/de\/wp-json\/wp\/v2\/product\/34129\/revisions\/35999"}],"wp:featuredmedia":[{"embeddable":true,"href":"https:\/\/www.rtecomponenti.it\/de\/wp-json\/wp\/v2\/media\/31821"}],"wp:attachment":[{"href":"https:\/\/www.rtecomponenti.it\/de\/wp-json\/wp\/v2\/media?parent=34129"}],"wp:term":[{"taxonomy":"product_brand","embeddable":true,"href":"https:\/\/www.rtecomponenti.it\/de\/wp-json\/wp\/v2\/product_brand?post=34129"},{"taxonomy":"product_cat","embeddable":true,"href":"https:\/\/www.rtecomponenti.it\/de\/wp-json\/wp\/v2\/product_cat?post=34129"},{"taxonomy":"product_tag","embeddable":true,"href":"https:\/\/www.rtecomponenti.it\/de\/wp-json\/wp\/v2\/product_tag?post=34129"}],"curies":[{"name":"wp","href":"https:\/\/api.w.org\/{rel}","templated":true}]}}