{"id":34252,"date":"2023-12-11T11:55:15","date_gmt":"2023-12-11T11:55:15","guid":{"rendered":"https:\/\/www.rtecomponenti.it\/prodotto\/schrumpfschlauch-nsa-at-20kv\/"},"modified":"2026-02-04T09:57:30","modified_gmt":"2026-02-04T09:57:30","slug":"schrumpfschlauch-nsa-at-20kv","status":"publish","type":"product","link":"https:\/\/www.rtecomponenti.it\/de\/prodikt\/schrumpfschlaeuche\/schrumpfschlauch-2%c3%b71-fur-bus-bar-6%c3%b724-kv-36-kv\/schrumpfschlauch-nsa-at-20kv\/","title":{"rendered":"Schrumpfschlauch NSA-AT 20KV"},"content":{"rendered":"<ul>\n<li><b>Material: <\/b>Silikon<\/li>\n<li><b>Schrumpfung:\u00a0<\/b>2:1<\/li>\n<li><b>Anwendungsbereich:<\/b> Schutz vor hohen Temperaturen, bei denen die H\u00fcllen nicht verwendet werden k\u00f6nnen<\/li>\n<li><b>Minimale Schrumpftemperatur:\u00a0<\/b>&gt; +90 \u00b0C<\/li>\n<li><b>Betriebstemperatur min\/max:\u00a0<\/b>-45\u00b0C bis +200\u00b0C<\/li>\n<li><strong>Farbe:<\/strong> Rot<\/li>\n<li><strong>Maximale Temperatur f\u00fcr kurze Dauer:<\/strong> +260 \u00b0C<\/li>\n<li><strong>Dehnung:<\/strong> &gt; 500 %<\/li>\n<li><strong>Spannungsfestigkeit:<\/strong> &gt; 20 KV\/mm<\/li>\n<li><strong>Zugfestigkeit:<\/strong> &gt; 1,7 MPA<\/li>\n<li><strong>Rei\u00dffestigkeit:<\/strong> 105 N\/mm<\/li>\n<li><strong>Schimmelresistenz:<\/strong> ausgezeichnet<\/li>\n<li><strong>Flammwidrigkeit:<\/strong> gut<\/li>\n<li><strong>Abriebfestigkeit:<\/strong> gut<\/li>\n<li><strong>Luft- und Wasserdichtigkeit:<\/strong> ausgezeichnet<\/li>\n<li><strong>UV- und Ozonbest\u00e4ndigkeit:<\/strong> ausgezeichnet<\/li>\n<li><strong>L\u00f6semittelbest\u00e4ndigkeit:<\/strong> gut<\/li>\n<li><strong>Best\u00e4ndigkeit gegen S\u00e4uren, \u00d6le und Kohlenwasserstoffe:<\/strong> durchschnittlich gut<\/li>\n<\/ul>\n","protected":false},"excerpt":{"rendered":"<p>Das autoamalgische Klebeband der Serie NSA-AT aus Silikon dient zum Schutz der Fugen der Brandschutzh\u00fcllen der Serien GVS-T und GVS-AT. Dank seiner konstruktiven Eigenschaften kann es auch verwendet werden, um bestimmte Komponenten, bei denen die H\u00fcllen nicht verwendet werden k\u00f6nnen, vor hohen Temperaturen zu sch\u00fctzen.<\/p>\n<ul>\n<li><b>Schrumpfungsverh\u00e4ltnis 2:1.<\/b> Die H\u00fclle schrumpft um das 2-fache des Anfangsdurchmessers. H\u00fclsen f\u00fcr Bus-Bar 6:24 KV \u2013 36 KV<\/li>\n<li><strong>Verf\u00fcgbare Durchmesser: <\/strong>ab 25.0mm<\/li>\n<li><b>Betriebstemperatur<\/b> von -45\u00b0C bis +200\u00b0C<\/li>\n<\/ul>\n[elementor-template id=\"28512\"]\n","protected":false},"featured_media":31825,"comment_status":"closed","ping_status":"closed","template":"","meta":{"_monsterinsights_skip_tracking":false,"_monsterinsights_sitenote_active":false,"_monsterinsights_sitenote_note":"","_monsterinsights_sitenote_category":0},"product_brand":[],"product_cat":[1032,1017],"product_tag":[],"class_list":{"0":"post-34252","1":"product","2":"type-product","3":"status-publish","4":"has-post-thumbnail","6":"product_cat-schrumpfschlauch-21-fur-bus-bar-624-kv-36-kv","7":"product_cat-schrumpfschlaeuche","9":"first","10":"instock","11":"shipping-taxable","12":"product-type-simple"},"_links":{"self":[{"href":"https:\/\/www.rtecomponenti.it\/de\/wp-json\/wp\/v2\/product\/34252","targetHints":{"allow":["GET"]}}],"collection":[{"href":"https:\/\/www.rtecomponenti.it\/de\/wp-json\/wp\/v2\/product"}],"about":[{"href":"https:\/\/www.rtecomponenti.it\/de\/wp-json\/wp\/v2\/types\/product"}],"replies":[{"embeddable":true,"href":"https:\/\/www.rtecomponenti.it\/de\/wp-json\/wp\/v2\/comments?post=34252"}],"version-history":[{"count":1,"href":"https:\/\/www.rtecomponenti.it\/de\/wp-json\/wp\/v2\/product\/34252\/revisions"}],"predecessor-version":[{"id":36001,"href":"https:\/\/www.rtecomponenti.it\/de\/wp-json\/wp\/v2\/product\/34252\/revisions\/36001"}],"wp:featuredmedia":[{"embeddable":true,"href":"https:\/\/www.rtecomponenti.it\/de\/wp-json\/wp\/v2\/media\/31825"}],"wp:attachment":[{"href":"https:\/\/www.rtecomponenti.it\/de\/wp-json\/wp\/v2\/media?parent=34252"}],"wp:term":[{"taxonomy":"product_brand","embeddable":true,"href":"https:\/\/www.rtecomponenti.it\/de\/wp-json\/wp\/v2\/product_brand?post=34252"},{"taxonomy":"product_cat","embeddable":true,"href":"https:\/\/www.rtecomponenti.it\/de\/wp-json\/wp\/v2\/product_cat?post=34252"},{"taxonomy":"product_tag","embeddable":true,"href":"https:\/\/www.rtecomponenti.it\/de\/wp-json\/wp\/v2\/product_tag?post=34252"}],"curies":[{"name":"wp","href":"https:\/\/api.w.org\/{rel}","templated":true}]}}