{"id":34253,"date":"2023-12-11T11:55:15","date_gmt":"2023-12-11T11:55:15","guid":{"rendered":"https:\/\/www.rtecomponenti.it\/prodotto\/schrumpfkappen-ct-mit-innenklebstoff\/"},"modified":"2024-06-25T07:40:36","modified_gmt":"2024-06-25T07:40:36","slug":"schrumpfkappen-ct-mit-innenklebstoff","status":"publish","type":"product","link":"https:\/\/www.rtecomponenti.it\/de\/prodikt\/schrumpfschlaeuche\/vorformlinge\/schrumpfkappen-ct-mit-innenklebstoff\/","title":{"rendered":"Schrumpfkappen CT mit Innenklebstoff"},"content":{"rendered":"<h1 class=\"product_title entry-title\">Schrumpfkappen &#8222;CT-Serie&#8220; mit Innenklebstoff<\/h1>\n<ul>\n<li><b>Einsatzbereich:<\/b> Schutz der Enden von Elektrokabeln<\/li>\n<li><b>Minimale Schrumpftemperatur: &gt;<\/b>+120 \u00b0C<\/li>\n<li><b>Betriebstemperatur min\/max:\u00a0<\/b>-55\u00b0C bis +110\u00b0C<\/li>\n<li><strong>Farbe:<\/strong> Schwarz<\/li>\n<li><strong>Dehnung nach W\u00e4rmealterungstest<\/strong>: 300% (168 Std. bei 150\u00b0C)<\/li>\n<li><strong>Bruchdehnung:<\/strong> 400% nach ASTMD2671<\/li>\n<li><strong>Dichte:<\/strong> 1,05 g\/cm\u00b3 nach ASTMD792<\/li>\n<li><strong>Volumenwiderstand:<\/strong> 10<sup> 14<\/sup>ohm.cm nach IEC93 Norm<\/li>\n<li><strong>Spannungsfestigkeit:<\/strong> 15 kV\/mm.<\/li>\n<\/ul>\n","protected":false},"excerpt":{"rendered":"<p><strong>SCHRUMPFKAPPEN &#8222;CT-SERIE&#8220;<\/strong><\/p>\n<p>Die Kappen der CT-Serie sind w\u00e4rmeschrumpfende Vorformlinge mit Innenklebstoff. Die Innenfl\u00e4che der Kappe ist mit einem <strong>Schmelzkleber<\/strong> beschichtet, der w\u00e4hrend der Schrumpfung um das Objekt herum schmilzt, um es vor dem<strong> Eindringen von Wasser zu sch\u00fctzen<\/strong>. Das Produkt wird insbesondere zum Schutz der Enden von elektrischen Kabeln im Freien oder f\u00fcr unterirdische elektrische Kabel mit PVC-, Blei- oder XLPE-M\u00e4nteln verwendet.<\/p>\n<ul>\n<li><strong>Verf\u00fcgbare Gr\u00f6\u00dfen:<\/strong> Durchmesser von 12,0 mm bis 200,0 mm.<\/li>\n<li><b>Betriebstemperatur:<\/b> -55\u00b0 C bis +110\u00b0 C.<\/li>\n<li><b>Entspricht den Normen: <\/b><em>ASTMD2671<\/em>, <em>ASTMD792<\/em>, <em>IEC93<\/em>, <em>IEC243<\/em>.<\/li>\n<\/ul>\n","protected":false},"featured_media":31829,"comment_status":"closed","ping_status":"closed","template":"","meta":{"_monsterinsights_skip_tracking":false,"_monsterinsights_sitenote_active":false,"_monsterinsights_sitenote_note":"","_monsterinsights_sitenote_category":0},"product_brand":[],"product_cat":[1017,1068],"product_tag":[],"class_list":{"0":"post-34253","1":"product","2":"type-product","3":"status-publish","4":"has-post-thumbnail","6":"product_cat-schrumpfschlaeuche","7":"product_cat-vorformlinge","9":"first","10":"instock","11":"shipping-taxable","12":"product-type-simple"},"_links":{"self":[{"href":"https:\/\/www.rtecomponenti.it\/de\/wp-json\/wp\/v2\/product\/34253","targetHints":{"allow":["GET"]}}],"collection":[{"href":"https:\/\/www.rtecomponenti.it\/de\/wp-json\/wp\/v2\/product"}],"about":[{"href":"https:\/\/www.rtecomponenti.it\/de\/wp-json\/wp\/v2\/types\/product"}],"replies":[{"embeddable":true,"href":"https:\/\/www.rtecomponenti.it\/de\/wp-json\/wp\/v2\/comments?post=34253"}],"version-history":[{"count":0,"href":"https:\/\/www.rtecomponenti.it\/de\/wp-json\/wp\/v2\/product\/34253\/revisions"}],"wp:featuredmedia":[{"embeddable":true,"href":"https:\/\/www.rtecomponenti.it\/de\/wp-json\/wp\/v2\/media\/31829"}],"wp:attachment":[{"href":"https:\/\/www.rtecomponenti.it\/de\/wp-json\/wp\/v2\/media?parent=34253"}],"wp:term":[{"taxonomy":"product_brand","embeddable":true,"href":"https:\/\/www.rtecomponenti.it\/de\/wp-json\/wp\/v2\/product_brand?post=34253"},{"taxonomy":"product_cat","embeddable":true,"href":"https:\/\/www.rtecomponenti.it\/de\/wp-json\/wp\/v2\/product_cat?post=34253"},{"taxonomy":"product_tag","embeddable":true,"href":"https:\/\/www.rtecomponenti.it\/de\/wp-json\/wp\/v2\/product_tag?post=34253"}],"curies":[{"name":"wp","href":"https:\/\/api.w.org\/{rel}","templated":true}]}}