{"id":34254,"date":"2023-12-11T11:55:18","date_gmt":"2023-12-11T11:55:18","guid":{"rendered":"https:\/\/www.rtecomponenti.it\/prodotto\/schrumpfkappen-ct2-bt-ct3-bt-ct4-bt-ct5-bt\/"},"modified":"2024-06-25T07:38:15","modified_gmt":"2024-06-25T07:38:15","slug":"schrumpfkappen-ct2-bt-ct3-bt-ct4-bt-ct5-bt","status":"publish","type":"product","link":"https:\/\/www.rtecomponenti.it\/de\/prodikt\/schrumpfschlaeuche\/vorformlinge\/schrumpfkappen-ct2-bt-ct3-bt-ct4-bt-ct5-bt\/","title":{"rendered":"Schrumpfkappen CT2-BT CT3-BT CT4-BT CT5-BT"},"content":{"rendered":"<h2 class=\"product_title entry-title\">Schrumpfkappen mit Innenklebstoff<\/h2>\n<ul>\n<li><b>Einsatzbereich:<\/b> 2- bis 5-polige Niederspannungskabel<\/li>\n<li><b>Minimale Schrumpftemperatur: &gt;<\/b>+110 \u00b0C<\/li>\n<li><b>Betriebstemperatur min\/max:\u00a0<\/b>-55\u00b0C bis +110\u00b0C<\/li>\n<li><strong>Farbe:<\/strong>\u00a0Schwarz<\/li>\n<li><strong>Dehnung nach W\u00e4rmealterungstest<\/strong>: \u2265 250% (168 Stunden bei 120\u00b0C)<\/li>\n<li><strong>Bruchdehnung:<\/strong> 300% nach ASTMD2671<\/li>\n<li><strong>Zugfestigkeit:<\/strong> \u2265 13 MPA nach ASTMD2671<\/li>\n<li><strong>Zugfestigkeit nach dem W\u00e4rmealterungstest:<\/strong> \u2265 10 MPA (168 Stunden bei 120 \u00b0C)<\/li>\n<li><strong>Volumenwiderstand:<\/strong> \u2265 10<sup> 13<\/sup>ohm.cm nach IEC93<\/li>\n<li><strong>Spannungsfestigkeit:<\/strong> 15 kV\/mm nach IEC243<\/li>\n<li><strong>Wasseraufnahme:<\/strong> \u22641% nach ISO62<\/li>\n<\/ul>\n","protected":false},"excerpt":{"rendered":"<p><strong>SCHRUMPFKAPPEN MIT INNENKLEBSTOFF<\/strong><\/p>\n<p>Die Kappen der Serie CT2-BT\/CT3-BT\/CT4-BT\/CT5-BT sind Schrumpfschl\u00e4uche mit Innenklebstoff. Die Innenfl\u00e4che der Kappe ist mit einem Schmelzklebstoff beschichtet, der w\u00e4hrend des Schrumpfens um das Objekt herum schmilzt, um es vor eventuellem Eindringen von Wasser zu sch\u00fctzen. Das oben genannte Produkt wird insbesondere f\u00fcr 2- bis 5-polige Niederspannungskabel verwendet.<\/p>\n<ul>\n<li><strong>Verf\u00fcgbare Gr\u00f6\u00dfen:<\/strong> Durchmesser von 22,0 mm bis 160,0 mm.<\/li>\n<li><b>Betriebstemperatur:<\/b>\u00a0von -55\u00b0 C bis +110\u00b0 C.<\/li>\n<li><b>Entspricht den Normen: <\/b><em>ASTMD2671<\/em>, <em>IEC 216<\/em>, <em>IEC93<\/em>,<em> IEC243<\/em>, <em>ISO62<\/em>.<\/li>\n<\/ul>\n[elementor-template id=\"28500\"]\n","protected":false},"featured_media":31831,"comment_status":"closed","ping_status":"closed","template":"","meta":{"_monsterinsights_skip_tracking":false,"_monsterinsights_sitenote_active":false,"_monsterinsights_sitenote_note":"","_monsterinsights_sitenote_category":0},"product_brand":[],"product_cat":[1017,1068],"product_tag":[],"class_list":{"0":"post-34254","1":"product","2":"type-product","3":"status-publish","4":"has-post-thumbnail","6":"product_cat-schrumpfschlaeuche","7":"product_cat-vorformlinge","9":"first","10":"instock","11":"shipping-taxable","12":"product-type-simple"},"_links":{"self":[{"href":"https:\/\/www.rtecomponenti.it\/de\/wp-json\/wp\/v2\/product\/34254","targetHints":{"allow":["GET"]}}],"collection":[{"href":"https:\/\/www.rtecomponenti.it\/de\/wp-json\/wp\/v2\/product"}],"about":[{"href":"https:\/\/www.rtecomponenti.it\/de\/wp-json\/wp\/v2\/types\/product"}],"replies":[{"embeddable":true,"href":"https:\/\/www.rtecomponenti.it\/de\/wp-json\/wp\/v2\/comments?post=34254"}],"version-history":[{"count":0,"href":"https:\/\/www.rtecomponenti.it\/de\/wp-json\/wp\/v2\/product\/34254\/revisions"}],"wp:featuredmedia":[{"embeddable":true,"href":"https:\/\/www.rtecomponenti.it\/de\/wp-json\/wp\/v2\/media\/31831"}],"wp:attachment":[{"href":"https:\/\/www.rtecomponenti.it\/de\/wp-json\/wp\/v2\/media?parent=34254"}],"wp:term":[{"taxonomy":"product_brand","embeddable":true,"href":"https:\/\/www.rtecomponenti.it\/de\/wp-json\/wp\/v2\/product_brand?post=34254"},{"taxonomy":"product_cat","embeddable":true,"href":"https:\/\/www.rtecomponenti.it\/de\/wp-json\/wp\/v2\/product_cat?post=34254"},{"taxonomy":"product_tag","embeddable":true,"href":"https:\/\/www.rtecomponenti.it\/de\/wp-json\/wp\/v2\/product_tag?post=34254"}],"curies":[{"name":"wp","href":"https:\/\/api.w.org\/{rel}","templated":true}]}}