{"id":34255,"date":"2023-12-11T11:55:18","date_gmt":"2023-12-11T11:55:18","guid":{"rendered":"https:\/\/www.rtecomponenti.it\/prodotto\/tsri-geflochtener-schlauch\/"},"modified":"2024-06-11T06:32:43","modified_gmt":"2024-06-11T06:32:43","slug":"tsri-geflochtener-schlauch","status":"publish","type":"product","link":"https:\/\/www.rtecomponenti.it\/de\/prodikt\/geflochtene-ummantelung\/geflochtene-erweiterbare-ummantelungen-aus-polyester\/tsri-geflochtener-schlauch\/","title":{"rendered":"TSRI geflochtener Schlauch"},"content":{"rendered":"<h2>Erweiterbarer geflochtener Polyesterschlauch &#8222;TSRI-Serie&#8220; UL VW-1 Halogenfrei<\/h2>\n<ul>\n<li><strong>Material: <\/strong>Polyester-Monofilament<\/li>\n<li><strong>Farben:<\/strong> Grau &#8211; Schwarz (weitere Farben auf Anfrage)<\/li>\n<li><strong>Anwendungsbereich: <\/strong>Schutz von Elektrokabeln und Verkabelungen<\/li>\n<li><strong>Betriebstemperatur: <\/strong>-50 \u00b0C bis +150 \u00b0C<\/li>\n<li><strong>Max. Temperatur f\u00fcr kurze Dauer:<\/strong> +220 \u00b0C<\/li>\n<li><strong>Schmelztemperatur: +<\/strong>250 \u00b0C<\/li>\n<li><strong>Selbstl\u00f6schung: <\/strong>nach UL VW-1 Norm<\/li>\n<li><strong>Halogenfrei: <\/strong>bestanden gem\u00e4\u00df der Norm Uni EN 14582:2007<\/li>\n<li><strong>Richtlinien: <\/strong>2002\/95\/EG RoHS<\/li>\n<\/ul>\n<h3><\/h3>\n","protected":false},"excerpt":{"rendered":"<p><strong>ERWEITERBARER GEFLOCHTENER Schlauch AUS POLYESTER &#8222;TSRI-Serie&#8220; UL VW-1<\/strong><\/p>\n<p>Die geflochtene Ummantelung der TSRI-Serie aus Polyester-Monofilamenten eignet sich besonders <strong>zum Schutz von Elektrokabeln und Kabeln<\/strong>. Selbstl\u00f6schend, isolierend, widerstandsf\u00e4hig gegen Reibung und Meeresatmosph\u00e4re. Auf Wunsch k\u00f6nnen Durchmesser bis 90.0mm realisiert werden.<\/p>\n<ul>\n<li><strong>Serie:<\/strong> erweiterbares Geflecht<\/li>\n<li><strong>Nenninnendurchmesser: von<\/strong> 4.0mm bis 60.0mm<\/li>\n<li><strong>Betriebstemperatur:<\/strong> -50\u00b0C bis +150\u00b0C<\/li>\n<li><strong>Entspricht den Normen:<\/strong> <em>UL VW-1 , Uni EN 14582:2007<\/em><\/li>\n<\/ul>\n[elementor-template id=\"28504\"]\n","protected":false},"featured_media":31833,"comment_status":"closed","ping_status":"closed","template":"","meta":{"_monsterinsights_skip_tracking":false,"_monsterinsights_sitenote_active":false,"_monsterinsights_sitenote_note":"","_monsterinsights_sitenote_category":0},"product_brand":[],"product_cat":[1070,1069],"product_tag":[],"class_list":{"0":"post-34255","1":"product","2":"type-product","3":"status-publish","4":"has-post-thumbnail","6":"product_cat-geflochtene-erweiterbare-ummantelungen-aus-polyester","7":"product_cat-geflochtene-ummantelung","9":"first","10":"instock","11":"shipping-taxable","12":"product-type-simple"},"_links":{"self":[{"href":"https:\/\/www.rtecomponenti.it\/de\/wp-json\/wp\/v2\/product\/34255","targetHints":{"allow":["GET"]}}],"collection":[{"href":"https:\/\/www.rtecomponenti.it\/de\/wp-json\/wp\/v2\/product"}],"about":[{"href":"https:\/\/www.rtecomponenti.it\/de\/wp-json\/wp\/v2\/types\/product"}],"replies":[{"embeddable":true,"href":"https:\/\/www.rtecomponenti.it\/de\/wp-json\/wp\/v2\/comments?post=34255"}],"version-history":[{"count":0,"href":"https:\/\/www.rtecomponenti.it\/de\/wp-json\/wp\/v2\/product\/34255\/revisions"}],"wp:featuredmedia":[{"embeddable":true,"href":"https:\/\/www.rtecomponenti.it\/de\/wp-json\/wp\/v2\/media\/31833"}],"wp:attachment":[{"href":"https:\/\/www.rtecomponenti.it\/de\/wp-json\/wp\/v2\/media?parent=34255"}],"wp:term":[{"taxonomy":"product_brand","embeddable":true,"href":"https:\/\/www.rtecomponenti.it\/de\/wp-json\/wp\/v2\/product_brand?post=34255"},{"taxonomy":"product_cat","embeddable":true,"href":"https:\/\/www.rtecomponenti.it\/de\/wp-json\/wp\/v2\/product_cat?post=34255"},{"taxonomy":"product_tag","embeddable":true,"href":"https:\/\/www.rtecomponenti.it\/de\/wp-json\/wp\/v2\/product_tag?post=34255"}],"curies":[{"name":"wp","href":"https:\/\/api.w.org\/{rel}","templated":true}]}}