{"id":34256,"date":"2023-12-11T11:55:20","date_gmt":"2023-12-11T11:55:20","guid":{"rendered":"https:\/\/www.rtecomponenti.it\/prodotto\/haartrockner-fuer-geflochtene-huellen-tgr60\/"},"modified":"2024-06-11T06:31:23","modified_gmt":"2024-06-11T06:31:23","slug":"haartrockner-fuer-geflochtene-huellen-tgr60","status":"publish","type":"product","link":"https:\/\/www.rtecomponenti.it\/de\/prodikt\/zubehor-fur-die-verlegung\/zubehor-fur-geflochtene-polyesterschlauche\/haartrockner-fuer-geflochtene-huellen-tgr60\/","title":{"rendered":"Haartrockner f\u00fcr geflochtene H\u00fcllen TGR60"},"content":{"rendered":"<h2>Haartrockner zum Hei\u00dfschneiden des expandierbaren Geflechtschlauchs aus Polyester \u201eSerie TGR60\u201c, 60 Watt<\/h2>\n<ul>\n<li><strong>Versorgungsspannung:<\/strong> 230V 50\/60Hz<\/li>\n<li><strong>Leistung:<\/strong> 60 W<\/li>\n<li><strong>Einschaltzeit<\/strong>: 6 Sekunden<\/li>\n<li><strong>Gewicht:<\/strong> 1 kg<\/li>\n<li><strong>Schnittklingenl\u00e4nge:<\/strong> 29 mm<\/li>\n<\/ul>\n","protected":false},"excerpt":{"rendered":"<p><strong>HAARTROCKNER F\u00dcR das HEISSE SCHNEIDEN DES EXPANDIERBAREN GEFLECHTSCHLAUCHS AUS POLYESTER \u201eSERIE TGR60\u201c<\/strong><\/p>\n<p>Die Vorrichtung zum Hei\u00dfschneiden des expandierbaren Polyester-Geflechtschlauchs &#8222;Serie TGR60&#8220; eignet sich besonders f\u00fcr den Einsatz in Produktionslinien. Als tragbarer &#8222;TGR60&#8220; -Typ ist er in der Lage, jede Art von Anforderung zu erf\u00fcllen.<\/p>\n<ul>\n<li><strong>Versorgungsspannung:<\/strong> 230 V &#8211; 50\\60 Hz<\/li>\n<li><strong>Leistung:<\/strong> 60 W<\/li>\n<li><strong>Verwendung:<\/strong> Hei\u00dfschneiden von geflochtenen Polyester\/Nylon-H\u00fcllen (tragbare Ausf\u00fchrung)<\/li>\n<\/ul>\n[elementor-template id=\"28471\"]\n","protected":false},"featured_media":31835,"comment_status":"closed","ping_status":"closed","template":"","meta":{"_monsterinsights_skip_tracking":false,"_monsterinsights_sitenote_active":false,"_monsterinsights_sitenote_note":"","_monsterinsights_sitenote_category":0},"product_brand":[],"product_cat":[1020,1071],"product_tag":[],"class_list":{"0":"post-34256","1":"product","2":"type-product","3":"status-publish","4":"has-post-thumbnail","6":"product_cat-zubehor-fur-die-verlegung","7":"product_cat-zubehor-fur-geflochtene-polyesterschlauche","9":"first","10":"instock","11":"shipping-taxable","12":"product-type-simple"},"_links":{"self":[{"href":"https:\/\/www.rtecomponenti.it\/de\/wp-json\/wp\/v2\/product\/34256","targetHints":{"allow":["GET"]}}],"collection":[{"href":"https:\/\/www.rtecomponenti.it\/de\/wp-json\/wp\/v2\/product"}],"about":[{"href":"https:\/\/www.rtecomponenti.it\/de\/wp-json\/wp\/v2\/types\/product"}],"replies":[{"embeddable":true,"href":"https:\/\/www.rtecomponenti.it\/de\/wp-json\/wp\/v2\/comments?post=34256"}],"version-history":[{"count":0,"href":"https:\/\/www.rtecomponenti.it\/de\/wp-json\/wp\/v2\/product\/34256\/revisions"}],"wp:featuredmedia":[{"embeddable":true,"href":"https:\/\/www.rtecomponenti.it\/de\/wp-json\/wp\/v2\/media\/31835"}],"wp:attachment":[{"href":"https:\/\/www.rtecomponenti.it\/de\/wp-json\/wp\/v2\/media?parent=34256"}],"wp:term":[{"taxonomy":"product_brand","embeddable":true,"href":"https:\/\/www.rtecomponenti.it\/de\/wp-json\/wp\/v2\/product_brand?post=34256"},{"taxonomy":"product_cat","embeddable":true,"href":"https:\/\/www.rtecomponenti.it\/de\/wp-json\/wp\/v2\/product_cat?post=34256"},{"taxonomy":"product_tag","embeddable":true,"href":"https:\/\/www.rtecomponenti.it\/de\/wp-json\/wp\/v2\/product_tag?post=34256"}],"curies":[{"name":"wp","href":"https:\/\/api.w.org\/{rel}","templated":true}]}}