{"id":34257,"date":"2023-12-11T11:55:20","date_gmt":"2023-12-11T11:55:20","guid":{"rendered":"https:\/\/www.rtecomponenti.it\/prodotto\/mantelgroesse-tgr100-pro\/"},"modified":"2025-11-26T17:24:11","modified_gmt":"2025-11-26T17:24:11","slug":"styroporschneider-tgr100-pro","status":"publish","type":"product","link":"https:\/\/www.rtecomponenti.it\/de\/prodikt\/zubehor-fur-die-verlegung\/zubehor-fur-geflochtene-polyesterschlauche\/styroporschneider-tgr100-pro\/","title":{"rendered":"Styroporschneider TGR100 PRO"},"content":{"rendered":"<h2>Vorrichtung zum Hei\u00dfschneiden des expandierbaren Polyester-Geflechtschlauchs \u201eSerie TGR100PRO\u201c 60 Watt<\/h2>\n<ul>\n<li><strong>Stromversorgung:<\/strong> 230 V 50\/60 Hz<\/li>\n<li><strong>Leistung:<\/strong> 60 W<\/li>\n<li><strong>Klingentemperatur:<\/strong> bis 500 \u00b0C<\/li>\n<li><strong>Gewicht:<\/strong> 2,5 kg<\/li>\n<li><strong>Schnittblattbreite:<\/strong> 50 mm<\/li>\n<li><strong>Maximale Luftfeuchtigkeit:<\/strong> 60%<\/li>\n<li><strong>Beh\u00e4lter:<\/strong> Metall<\/li>\n<\/ul>\n","protected":false},"excerpt":{"rendered":"<p><strong>VORRICHTUNG ZUM HEISSEN SCHNEIDEN DES EXPANDIERBAREN GEFLECHTSCHLAUCHS AUS POLYESTER \u201eSERIE TGR100PRO\u201c<\/strong><\/p>\n<p>Der Styroporschneider der \u201eSerie TGR100-PRO\u201c, die zum Hei\u00dfschneiden des expandierbaren Geflechtschlauchs aus Polyester verwendet wird, ist besonders f\u00fcr den Einsatz in Produktionslinien geeignet. Der in Tischausf\u00fchrung hergestellte \u201eTGR100-PRO\u201c erleichtert dank der Positionierung des Schneidmessers vor dem Bediener die Schneidvorg\u00e4nge erheblich und verk\u00fcrzt gleichzeitig die Produktionszeiten<\/p>\n<ul>\n<li><strong>Versorgungsspannung:<\/strong> 230 V &#8211; 50\/60 Hz<\/li>\n<li><strong>L\u00e4nge des Netzkabels:<\/strong> 1,5 m<\/li>\n<li><strong>Klingentemperatur:<\/strong> 500\u00b0C<\/li>\n<li><strong>Schneidklingenbreite:<\/strong> 50 mm<\/li>\n<li><strong>Leistung:<\/strong> 60 W<\/li>\n<\/ul>\n[elementor-template id=\"28475\"]\n","protected":false},"featured_media":31837,"comment_status":"closed","ping_status":"closed","template":"","meta":{"_monsterinsights_skip_tracking":false,"_monsterinsights_sitenote_active":false,"_monsterinsights_sitenote_note":"","_monsterinsights_sitenote_category":0},"product_brand":[],"product_cat":[1020,1071],"product_tag":[],"class_list":{"0":"post-34257","1":"product","2":"type-product","3":"status-publish","4":"has-post-thumbnail","6":"product_cat-zubehor-fur-die-verlegung","7":"product_cat-zubehor-fur-geflochtene-polyesterschlauche","9":"first","10":"instock","11":"shipping-taxable","12":"product-type-simple"},"_links":{"self":[{"href":"https:\/\/www.rtecomponenti.it\/de\/wp-json\/wp\/v2\/product\/34257","targetHints":{"allow":["GET"]}}],"collection":[{"href":"https:\/\/www.rtecomponenti.it\/de\/wp-json\/wp\/v2\/product"}],"about":[{"href":"https:\/\/www.rtecomponenti.it\/de\/wp-json\/wp\/v2\/types\/product"}],"replies":[{"embeddable":true,"href":"https:\/\/www.rtecomponenti.it\/de\/wp-json\/wp\/v2\/comments?post=34257"}],"version-history":[{"count":3,"href":"https:\/\/www.rtecomponenti.it\/de\/wp-json\/wp\/v2\/product\/34257\/revisions"}],"predecessor-version":[{"id":35742,"href":"https:\/\/www.rtecomponenti.it\/de\/wp-json\/wp\/v2\/product\/34257\/revisions\/35742"}],"wp:featuredmedia":[{"embeddable":true,"href":"https:\/\/www.rtecomponenti.it\/de\/wp-json\/wp\/v2\/media\/31837"}],"wp:attachment":[{"href":"https:\/\/www.rtecomponenti.it\/de\/wp-json\/wp\/v2\/media?parent=34257"}],"wp:term":[{"taxonomy":"product_brand","embeddable":true,"href":"https:\/\/www.rtecomponenti.it\/de\/wp-json\/wp\/v2\/product_brand?post=34257"},{"taxonomy":"product_cat","embeddable":true,"href":"https:\/\/www.rtecomponenti.it\/de\/wp-json\/wp\/v2\/product_cat?post=34257"},{"taxonomy":"product_tag","embeddable":true,"href":"https:\/\/www.rtecomponenti.it\/de\/wp-json\/wp\/v2\/product_tag?post=34257"}],"curies":[{"name":"wp","href":"https:\/\/api.w.org\/{rel}","templated":true}]}}