{"id":34261,"date":"2023-12-11T11:55:20","date_gmt":"2023-12-11T11:55:20","guid":{"rendered":"https:\/\/www.rtecomponenti.it\/prodotto\/geflochtener-schlauch-ts800-ul\/"},"modified":"2024-06-11T06:32:22","modified_gmt":"2024-06-11T06:32:22","slug":"geflochtener-schlauch-ts800-ul","status":"publish","type":"product","link":"https:\/\/www.rtecomponenti.it\/de\/prodikt\/geflochtene-ummantelung\/geflochtene-erweiterbare-ummantelungen-aus-polyester\/geflochtener-schlauch-ts800-ul\/","title":{"rendered":"Geflochtener Schlauch TS800-UL"},"content":{"rendered":"<h2>Selbstverl\u00f6schender, erweiterbarer geflochtener Polyesterschlauch \u201eTS800-UL-Serie\u201c nach UL VW-1<\/h2>\n<ul>\n<li><strong>Material: <\/strong>Polyester-Monofilament<\/li>\n<li><strong>Farbe:<\/strong> Schwarz (weitere Farben auf Anfrage)<\/li>\n<li><strong>Anwendungsbereich: Schutz von <\/strong>elektrischen Kabeln und Verkabelungen<\/li>\n<li><strong>Betriebstemperatur: <\/strong>-50 \u00b0C bis +150 \u00b0C<\/li>\n<li><strong>Max. Temperatur f\u00fcr kurze Dauer:<\/strong> +220 \u00b0C<\/li>\n<li><strong>Schmelztemperatur: <\/strong>+250\u00b0C<\/li>\n<li><strong>Selbstl\u00f6schung: <\/strong>nach UL VW-1 Norm<\/li>\n<li><strong>Richtlinien: <\/strong>2002\/95\/EG RoHS<\/li>\n<\/ul>\n","protected":false},"excerpt":{"rendered":"<p><strong>ERWEITERBARER GEFLOCHTENER Schlauch AUS POLYESTER &#8222;TS800-UL-Serie&#8220;<\/strong><\/p>\n<p>Der geflochtene Mantel der TS800-UL-Serie aus Polyester-Monofilamenten eignet sich besonders zum Schutz von Elektrokabeln und Kabeln. Selbstl\u00f6schend, isolierend, widerstandsf\u00e4hig gegen Reibung und Meeresatmosph\u00e4re. Auf Wunsch k\u00f6nnen Durchmesser von bis zu 90,0 mm realisiert werden.<\/p>\n<ul>\n<li><strong>Serie:<\/strong> erweiterbares Geflecht<\/li>\n<li><strong>Nenninnendurchmesser: von<\/strong> 4.0mm bis 60.0mm<\/li>\n<li><strong>Betriebstemperatur:<\/strong> von -50\u00b0C bis +150\u00b0C<\/li>\n<li><strong>Entspricht den Normen:<\/strong><em> UL VW-1<\/em><\/li>\n<\/ul>\n<p><span style=\"font-weight: 400;\">Zulassung: <\/span><img decoding=\"async\" src=\"\/staging\/wp-content\/uploads\/2024\/02\/ru.webp\" \/><a href=\"https:\/\/drive.google.com\/file\/d\/1cmcpKdZU3TRqv6YoafPnZIxl4dNJkAPY\/view?usp=sharing\"><span style=\"font-weight: 400;\"> Datei Nr.334846<\/span><span style=\"font-weight: 400;\"><br \/>\n<\/span><\/a><br \/>\n[elementor-template id=\"28492\"]<\/p>\n","protected":false},"featured_media":31845,"comment_status":"closed","ping_status":"closed","template":"","meta":{"_monsterinsights_skip_tracking":false,"_monsterinsights_sitenote_active":false,"_monsterinsights_sitenote_note":"","_monsterinsights_sitenote_category":0},"product_brand":[],"product_cat":[1070,1069],"product_tag":[],"class_list":{"0":"post-34261","1":"product","2":"type-product","3":"status-publish","4":"has-post-thumbnail","6":"product_cat-geflochtene-erweiterbare-ummantelungen-aus-polyester","7":"product_cat-geflochtene-ummantelung","9":"first","10":"instock","11":"shipping-taxable","12":"product-type-simple"},"_links":{"self":[{"href":"https:\/\/www.rtecomponenti.it\/de\/wp-json\/wp\/v2\/product\/34261","targetHints":{"allow":["GET"]}}],"collection":[{"href":"https:\/\/www.rtecomponenti.it\/de\/wp-json\/wp\/v2\/product"}],"about":[{"href":"https:\/\/www.rtecomponenti.it\/de\/wp-json\/wp\/v2\/types\/product"}],"replies":[{"embeddable":true,"href":"https:\/\/www.rtecomponenti.it\/de\/wp-json\/wp\/v2\/comments?post=34261"}],"version-history":[{"count":0,"href":"https:\/\/www.rtecomponenti.it\/de\/wp-json\/wp\/v2\/product\/34261\/revisions"}],"wp:featuredmedia":[{"embeddable":true,"href":"https:\/\/www.rtecomponenti.it\/de\/wp-json\/wp\/v2\/media\/31845"}],"wp:attachment":[{"href":"https:\/\/www.rtecomponenti.it\/de\/wp-json\/wp\/v2\/media?parent=34261"}],"wp:term":[{"taxonomy":"product_brand","embeddable":true,"href":"https:\/\/www.rtecomponenti.it\/de\/wp-json\/wp\/v2\/product_brand?post=34261"},{"taxonomy":"product_cat","embeddable":true,"href":"https:\/\/www.rtecomponenti.it\/de\/wp-json\/wp\/v2\/product_cat?post=34261"},{"taxonomy":"product_tag","embeddable":true,"href":"https:\/\/www.rtecomponenti.it\/de\/wp-json\/wp\/v2\/product_tag?post=34261"}],"curies":[{"name":"wp","href":"https:\/\/api.w.org\/{rel}","templated":true}]}}