{"id":34262,"date":"2023-12-11T11:55:20","date_gmt":"2023-12-11T11:55:20","guid":{"rendered":"https:\/\/www.rtecomponenti.it\/prodotto\/geflochtener-schlauch-ts1000\/"},"modified":"2024-06-21T06:39:04","modified_gmt":"2024-06-21T06:39:04","slug":"geflochtener-schlauch-ts1000","status":"publish","type":"product","link":"https:\/\/www.rtecomponenti.it\/de\/prodikt\/geflochtene-ummantelung\/geflochtene-erweiterbare-ummantelungen-aus-polyester\/geflochtener-schlauch-ts1000\/","title":{"rendered":"Geflochtener Schlauch TS1000"},"content":{"rendered":"<h2>Erweiterbarer geflochtener Schlauch aus abriebfestem Nylon 66 \u201eSerie TS1000\u201c<\/h2>\n<ul>\n<li><strong>Material: <\/strong>flache Nylon-Monofilamente 66<\/li>\n<li><strong>Farben:<\/strong> Grau &#8211; Schwarz (weitere Farben auf Anfrage)<\/li>\n<li><strong>Anwendungsbereich: <\/strong>Schutz von Hochdruckschl\u00e4uchen<\/li>\n<li><strong>Betriebstemperatur: <\/strong>von -60\u00b0C bis +160\u00b0C<\/li>\n<li><strong>Schmelztemperatur: <\/strong>+256\u00b0C<\/li>\n<li><strong>Selbstl\u00f6schung: <\/strong>selbstl\u00f6schend nach VW-1 Norm<\/li>\n<li><strong>Richtlinien: <\/strong>2002\/95\/EG RoHS<\/li>\n<\/ul>\n","protected":false},"excerpt":{"rendered":"<p><strong>ERWEITERBARER GEFLOCHTENER SCHLAUCH AUS ABRIEBFESTEM NYLON 66 \u201eSERIE TS1000\u201c<\/strong><\/p>\n<p>Der geflochtene Mantel der Serie TS1000 besteht aus flachen Monofilamenten aus Nylon 66. Die besondere Form des Monofilaments und seine Gr\u00f6\u00dfe machen die TS1000-H\u00fclle besonders<strong> geeignet zum Schutz von Hochdruckschl\u00e4uchen<\/strong>, die an <strong>beweglichen Ger\u00e4ten an Bord von Baggern<\/strong>, <strong>pneumatischen und\/oder hydraulischen Auslegern und Erdbewegungsmaschinen<\/strong> eingesetzt werden. Dar\u00fcber hinaus garantiert der geflochtene Schlauch der Serie TS1000 eine ausgezeichnete Abriebfestigkeit, eine ausgezeichnete Flexibilit\u00e4t und verhindert dank des flachen Monofilaments, dass sich die Rohre oder Kabel miteinander verfangen und ihre einwandfreie Funktion beeintr\u00e4chtigen k\u00f6nnen.<\/p>\n<ul>\n<li><strong>Serie:<\/strong> erweiterbares Geflecht<\/li>\n<li><strong>Nenninnendurchmesser: von<\/strong> 12.0mm bis 64.0mm<\/li>\n<li><strong>Betriebstemperatur:<\/strong> -60\u00b0C bis +160\u00b0C<\/li>\n<li><strong>Normkonform: <\/strong><em>1VW-1<\/em><\/li>\n<\/ul>\n[elementor-template id=\"28496\"]\n","protected":false},"featured_media":31849,"comment_status":"closed","ping_status":"closed","template":"","meta":{"_monsterinsights_skip_tracking":false,"_monsterinsights_sitenote_active":false,"_monsterinsights_sitenote_note":"","_monsterinsights_sitenote_category":0},"product_brand":[],"product_cat":[1070,1069],"product_tag":[],"class_list":{"0":"post-34262","1":"product","2":"type-product","3":"status-publish","4":"has-post-thumbnail","6":"product_cat-geflochtene-erweiterbare-ummantelungen-aus-polyester","7":"product_cat-geflochtene-ummantelung","9":"first","10":"instock","11":"shipping-taxable","12":"product-type-simple"},"_links":{"self":[{"href":"https:\/\/www.rtecomponenti.it\/de\/wp-json\/wp\/v2\/product\/34262","targetHints":{"allow":["GET"]}}],"collection":[{"href":"https:\/\/www.rtecomponenti.it\/de\/wp-json\/wp\/v2\/product"}],"about":[{"href":"https:\/\/www.rtecomponenti.it\/de\/wp-json\/wp\/v2\/types\/product"}],"replies":[{"embeddable":true,"href":"https:\/\/www.rtecomponenti.it\/de\/wp-json\/wp\/v2\/comments?post=34262"}],"version-history":[{"count":0,"href":"https:\/\/www.rtecomponenti.it\/de\/wp-json\/wp\/v2\/product\/34262\/revisions"}],"wp:featuredmedia":[{"embeddable":true,"href":"https:\/\/www.rtecomponenti.it\/de\/wp-json\/wp\/v2\/media\/31849"}],"wp:attachment":[{"href":"https:\/\/www.rtecomponenti.it\/de\/wp-json\/wp\/v2\/media?parent=34262"}],"wp:term":[{"taxonomy":"product_brand","embeddable":true,"href":"https:\/\/www.rtecomponenti.it\/de\/wp-json\/wp\/v2\/product_brand?post=34262"},{"taxonomy":"product_cat","embeddable":true,"href":"https:\/\/www.rtecomponenti.it\/de\/wp-json\/wp\/v2\/product_cat?post=34262"},{"taxonomy":"product_tag","embeddable":true,"href":"https:\/\/www.rtecomponenti.it\/de\/wp-json\/wp\/v2\/product_tag?post=34262"}],"curies":[{"name":"wp","href":"https:\/\/api.w.org\/{rel}","templated":true}]}}