{"id":34265,"date":"2023-12-11T11:55:21","date_gmt":"2023-12-11T11:55:21","guid":{"rendered":"https:\/\/www.rtecomponenti.it\/prodotto\/geflochtener-schlauch-wa-v0-en45545\/"},"modified":"2025-06-16T06:08:24","modified_gmt":"2025-06-16T06:08:24","slug":"geflochtener-schlauch-wa-v0-en45545","status":"publish","type":"product","link":"https:\/\/www.rtecomponenti.it\/de\/prodikt\/geflochtene-ummantelung\/geflochtene-sleeves-wrap-around-selbstschliesend\/geflochtener-schlauch-wa-v0-en45545\/","title":{"rendered":"Geflochtener Schlauch WA-V0 EN45545"},"content":{"rendered":"<h3>Technische Daten<\/h3>\n<ul>\n<li><strong>Serie:<\/strong> Wrap Around Selbstschlie\u00dfend<\/li>\n<li><strong>Material:<\/strong> Halogenfreies Polyester<\/li>\n<li><strong>Farbe:<\/strong> Schwarz mit Identifikationsfaden (weitere Farben auf Anfrage)<\/li>\n<li><strong>Nenninnendurchmesser:<\/strong> 5,0 mm bis 50,0 mm<\/li>\n<li><strong>Betriebstemperatur:<\/strong> -40 \u00b0C \u00f7 +150 \u00b0C<\/li>\n<li><strong>Schmelztemperatur:<\/strong> +240 \u00b1 10 \u00b0C<\/li>\n<li><strong>\u00d6lbest\u00e4ndigkeit:<\/strong> Sehr gut (nach GMW 14327)<\/li>\n<li><strong>Selbstl\u00f6schung:<\/strong> UL 94-V0<\/li>\n<li><strong>Brand- und Rauchschutz:<\/strong> HL3 nach EN 45545-2:2013+A1:2015 (Anforderungen R22-R23)<\/li>\n<li><strong>Flexibilit\u00e4t:<\/strong> Hoch<\/li>\n<li><strong>Mantelstraffung:<\/strong> Sehr gut<\/li>\n<li><strong>RoHS-Richtlinie:<\/strong> Konform mit 2002\/95\/EG<\/li>\n<\/ul>\n<h3>Anwendungen<\/h3>\n<p>Der Schrumpfschlauch WA V0 ist ideal f\u00fcr:<\/p>\n<ul>\n<li>Schutz und Verwaltung der elektrischen Verkabelung in Schienenfahrzeugen<\/li>\n<li>\u00d6ffentliche Verkehrsmittel (Z\u00fcge, U-Bahnen, Stra\u00dfenbahnen)<\/li>\n<li>Installationen in R\u00e4umen mit hohen Brandschutzanforderungen<\/li>\n<li>Verkabelung in Umgebungen, die Scheuerstellen, \u00d6len und Chemikalien ausgesetzt sind<\/li>\n<\/ul>\n","protected":false},"excerpt":{"rendered":"<h2><\/h2>\n<h2><span style=\"font-weight: 400; font-size: 18px;\">Guaina per Settore Ferroviario con Conformit\u00e0 EN45545<\/span><\/h2>\n<p>Die <strong>selbstschlie\u00dfende geflochtene Ummantelung der Serie WA V0<\/strong> aus <strong>halogenfreiem Polyester<\/strong> wurde f\u00fcr den <strong>Eisenbahnsektor<\/strong> entwickelt und gew\u00e4hrleistet einen hohen Schutz der elektrischen Verkabelung in kritischen Umgebungen.\u00a0Dank der <strong>Zertifizierung nach EN 45545-2 HL3 (Anforderungen R22-R23)<\/strong> erf\u00fcllt es die h\u00f6chsten im Eisenbahnsektor geforderten Brandschutzstandards und reduziert die Ausbreitung von Flammen und die Emission von giftigen D\u00e4mpfen und Gasen. Dar\u00fcber hinaus sorgt die <strong>UL<\/strong> 94-V0-Konformit\u00e4t f\u00fcr <strong>maximale Selbstl\u00f6schung<\/strong>.\u00a0Sein selbstwickelndes <strong>Design Wrap Around<\/strong> erm\u00f6glicht eine einfache und schnelle Installation, auch auf bereits montierten Kabeln, und bietet eine praktische L\u00f6sung f\u00fcr den Schutz und das Management von Kabeln in Eisenbahnanlagen.<\/p>\n<ul>\n<li><strong>Serie:<\/strong> Wrap Around Selbstschlie\u00dfend<\/li>\n<li><strong>Nenninnendurchmesser:<\/strong> 5,0 mm bis 50,0 mm<\/li>\n<li><strong>Betriebstemperatur:<\/strong> -40\u00b0C bis +150\u00b0C<\/li>\n<li><strong>In \u00dcbereinstimmung mit den Normen:<\/strong> <em>UL 94-V0, HL3 gem\u00e4\u00df Anforderung R22 \u2013 R23 der Bahnnorm EN 45545-2:2013+A1:2015, GMW 14327<\/em><\/li>\n<\/ul>\n<p><span style=\"font-weight: 400;\">Zulassung: <\/span><a href=\"https:\/\/drive.google.com\/file\/d\/1n16KnyhDurGdTykBHmKngycQ6yee1j5k\/view?usp=sharing\"><span style=\"font-weight: 400;\"> Nach EN 45545<\/span><span style=\"font-weight: 400;\"><br \/>\n<\/span><\/a><\/p>\n[elementor-template id=\"28458\"]\n","protected":false},"featured_media":31867,"comment_status":"closed","ping_status":"closed","template":"","meta":{"_monsterinsights_skip_tracking":false,"_monsterinsights_sitenote_active":false,"_monsterinsights_sitenote_note":"","_monsterinsights_sitenote_category":0},"product_brand":[],"product_cat":[1072,1069],"product_tag":[],"class_list":{"0":"post-34265","1":"product","2":"type-product","3":"status-publish","4":"has-post-thumbnail","6":"product_cat-geflochtene-sleeves-wrap-around-selbstschliesend","7":"product_cat-geflochtene-ummantelung","9":"first","10":"instock","11":"shipping-taxable","12":"product-type-simple"},"_links":{"self":[{"href":"https:\/\/www.rtecomponenti.it\/de\/wp-json\/wp\/v2\/product\/34265","targetHints":{"allow":["GET"]}}],"collection":[{"href":"https:\/\/www.rtecomponenti.it\/de\/wp-json\/wp\/v2\/product"}],"about":[{"href":"https:\/\/www.rtecomponenti.it\/de\/wp-json\/wp\/v2\/types\/product"}],"replies":[{"embeddable":true,"href":"https:\/\/www.rtecomponenti.it\/de\/wp-json\/wp\/v2\/comments?post=34265"}],"version-history":[{"count":0,"href":"https:\/\/www.rtecomponenti.it\/de\/wp-json\/wp\/v2\/product\/34265\/revisions"}],"wp:featuredmedia":[{"embeddable":true,"href":"https:\/\/www.rtecomponenti.it\/de\/wp-json\/wp\/v2\/media\/31867"}],"wp:attachment":[{"href":"https:\/\/www.rtecomponenti.it\/de\/wp-json\/wp\/v2\/media?parent=34265"}],"wp:term":[{"taxonomy":"product_brand","embeddable":true,"href":"https:\/\/www.rtecomponenti.it\/de\/wp-json\/wp\/v2\/product_brand?post=34265"},{"taxonomy":"product_cat","embeddable":true,"href":"https:\/\/www.rtecomponenti.it\/de\/wp-json\/wp\/v2\/product_cat?post=34265"},{"taxonomy":"product_tag","embeddable":true,"href":"https:\/\/www.rtecomponenti.it\/de\/wp-json\/wp\/v2\/product_tag?post=34265"}],"curies":[{"name":"wp","href":"https:\/\/api.w.org\/{rel}","templated":true}]}}