{"id":34266,"date":"2023-12-11T11:55:21","date_gmt":"2023-12-11T11:55:21","guid":{"rendered":"https:\/\/www.rtecomponenti.it\/prodotto\/tswa-geflochtene-ummantelung\/"},"modified":"2024-06-25T07:40:13","modified_gmt":"2024-06-25T07:40:13","slug":"tswa-geflochtene-ummantelung","status":"publish","type":"product","link":"https:\/\/www.rtecomponenti.it\/de\/prodikt\/geflochtene-ummantelung\/geflochtene-sleeves-wrap-around-selbstschliesend\/tswa-geflochtene-ummantelung\/","title":{"rendered":"TSWA geflochtene Ummantelung"},"content":{"rendered":"<h2>Geflochtener Schlauch mit Klettverschluss und selbstschlie\u00dfendem Wrap Around-Effekt aus Polyester &#8222;TSWA-Serie&#8220; Halogen Free<\/h2>\n<ul>\n<li><strong>Material:<\/strong> Polyester-Monofilament<\/li>\n<li><strong>Farbe: <\/strong>Schwarz (weitere Farben auf Anfrage)<\/li>\n<li><strong>Anwendungsbereich: Schutz von <\/strong>Rohren und flexiblen Kabeln, die bereits installiert oder mit den jeweiligen Steckverbindern verdrahtet sind<\/li>\n<li><strong>Betriebstemperatur: <\/strong>-50 \u00b0C bis +150 \u00b0C<\/li>\n<li><strong>Schmelztemperatur:<\/strong> +240 \u00b1 10 \u00b0C<\/li>\n<li><b>Selbstl\u00f6schung: <\/b>nach VW-1-Vorschrift<\/li>\n<li><strong>Richtlinie: <\/strong>2002\/95\/EG RoHS<\/li>\n<\/ul>\n","protected":false},"excerpt":{"rendered":"<p><strong>GEFLOCHTENER SCHLAUCH MIT KLETTVERSCHLUSS und WRAP AROUND-EFFEKT AUS POLYESTER &#8222;TSWA-Serie&#8220;<\/strong><\/p>\n<p>Der geflochtene Schlauch der Serie TSWA, der aus geflochtenen Polyester-Monofilamenten besteht, ist mit einem Klettverschluss aus Polyamid ausgestattet. Sie wird insbesondere zum Schutz von Schl\u00e4uchen und Kabeln verwendet, die bereits installiert oder mit den jeweiligen Steckverbindern verdrahtet sind, wo die Verwendung einer herk\u00f6mmlichen geschlossenen Ummantelung unm\u00f6glich w\u00e4re. Dar\u00fcber hinaus erleichtert die M\u00f6glichkeit, sie mit Klettverschluss zu \u00f6ffnen und zu schlie\u00dfen, die Wartung und\/oder Reparatur erheblich.<\/p>\n<ul>\n<li><strong>Serie:<\/strong> Selbstschlie\u00dfende Wrap Around<\/li>\n<li><strong>Nenninnendurchmesser:<\/strong> 8,0 mm bis 40,0 mm<\/li>\n<li><strong>Betriebstemperatur:<\/strong> -50\u00b0C bis +150\u00b0C<\/li>\n<li><strong>Normkonform:<\/strong> <em>VW-1<\/em><\/li>\n<\/ul>\n[elementor-template id=\"28437\"]\n","protected":false},"featured_media":31857,"comment_status":"closed","ping_status":"closed","template":"","meta":{"_monsterinsights_skip_tracking":false,"_monsterinsights_sitenote_active":false,"_monsterinsights_sitenote_note":"","_monsterinsights_sitenote_category":0},"product_brand":[],"product_cat":[1072,1069],"product_tag":[],"class_list":{"0":"post-34266","1":"product","2":"type-product","3":"status-publish","4":"has-post-thumbnail","6":"product_cat-geflochtene-sleeves-wrap-around-selbstschliesend","7":"product_cat-geflochtene-ummantelung","9":"first","10":"instock","11":"featured","12":"shipping-taxable","13":"product-type-simple"},"_links":{"self":[{"href":"https:\/\/www.rtecomponenti.it\/de\/wp-json\/wp\/v2\/product\/34266","targetHints":{"allow":["GET"]}}],"collection":[{"href":"https:\/\/www.rtecomponenti.it\/de\/wp-json\/wp\/v2\/product"}],"about":[{"href":"https:\/\/www.rtecomponenti.it\/de\/wp-json\/wp\/v2\/types\/product"}],"replies":[{"embeddable":true,"href":"https:\/\/www.rtecomponenti.it\/de\/wp-json\/wp\/v2\/comments?post=34266"}],"version-history":[{"count":0,"href":"https:\/\/www.rtecomponenti.it\/de\/wp-json\/wp\/v2\/product\/34266\/revisions"}],"wp:featuredmedia":[{"embeddable":true,"href":"https:\/\/www.rtecomponenti.it\/de\/wp-json\/wp\/v2\/media\/31857"}],"wp:attachment":[{"href":"https:\/\/www.rtecomponenti.it\/de\/wp-json\/wp\/v2\/media?parent=34266"}],"wp:term":[{"taxonomy":"product_brand","embeddable":true,"href":"https:\/\/www.rtecomponenti.it\/de\/wp-json\/wp\/v2\/product_brand?post=34266"},{"taxonomy":"product_cat","embeddable":true,"href":"https:\/\/www.rtecomponenti.it\/de\/wp-json\/wp\/v2\/product_cat?post=34266"},{"taxonomy":"product_tag","embeddable":true,"href":"https:\/\/www.rtecomponenti.it\/de\/wp-json\/wp\/v2\/product_tag?post=34266"}],"curies":[{"name":"wp","href":"https:\/\/api.w.org\/{rel}","templated":true}]}}