{"id":34267,"date":"2023-12-11T11:55:21","date_gmt":"2023-12-11T11:55:21","guid":{"rendered":"https:\/\/www.rtecomponenti.it\/prodotto\/geflochtener-schlauch-tvwa\/"},"modified":"2024-06-25T07:38:08","modified_gmt":"2024-06-25T07:38:08","slug":"geflochtener-schlauch-tvwa","status":"publish","type":"product","link":"https:\/\/www.rtecomponenti.it\/de\/prodikt\/geflochtene-ummantelung\/geflochtene-sleeves-wrap-around-selbstschliesend\/geflochtener-schlauch-tvwa\/","title":{"rendered":"Geflochtener Schlauch TVWA"},"content":{"rendered":"<h2>Geflochtener, mit Klettverschluss zu \u00f6ffnende Ummantelung Wrap Around aus Stoff \u201eTVWA-Serie\u201c Halogen Free<\/h2>\n<ul>\n<li><strong>Material:<\/strong> Polyester-Multifilament<\/li>\n<li><strong>Farbe: <\/strong>Schwarz (weitere Farben auf Anfrage)<\/li>\n<li><strong>Anwendungsbereich: Schutz von <\/strong>Schl\u00e4uchen und flexiblen Kabeln, die bereits installiert oder mit den jeweiligen Steckverbindern verdrahtet sind<\/li>\n<li><strong>Betriebstemperatur: <\/strong>-50 \u00b0C bis +150 \u00b0C<\/li>\n<li><strong>Schmelztemperatur:<\/strong> +240 \u00b1 10 \u00b0C<\/li>\n<li><b>Selbstl\u00f6schung: <\/b>selbstl\u00f6schend nach VW-1 Norm<\/li>\n<li><strong>Richtlinie: <\/strong>2002\/95\/EG RoHS<\/li>\n<\/ul>\n","protected":false},"excerpt":{"rendered":"<p><strong>ZU \u00d6FFNENDE UMMANTELUNG MIT KLETTVERSCHLUSS und WRAP Around-Effekt AUS STOFF &#8222;TVWA-Serie&#8220;<\/strong><\/p>\n<p>Die Gewebeh\u00fclle der TVWA-Serie, die aus Polyester-Multifilamenten besteht und mit einem Klettverschluss aus Polyamid ausgestattet ist, wird insbesondere zum Schutz von Rohren und flexiblen Kabeln verwendet, die bereits installiert oder mit den jeweiligen Anschl\u00fcssen verdrahtet sind, oder um zuvor verwendete und durch Dauereinsatz besch\u00e4digte Schutzh\u00fcllen zu ersetzen. Der Klettverschluss mit hervorragenden Verschlussfestigkeitseigenschaften macht das Anbringen der H\u00fclle besonders einfach und garantiert einen sicheren und zuverl\u00e4ssigen Verschluss.<\/p>\n<ul>\n<li><strong>Serie:<\/strong> Wrap Around Selbstschlie\u00dfend<\/li>\n<li><strong>Nenninnendurchmesser: von<\/strong> 20.0mm bis 100.0mm<\/li>\n<li><strong>Betriebstemperatur:<\/strong> -50\u00b0C bis +150\u00b0C<\/li>\n<li><strong>Normkonform:<\/strong> <em>VW-1<\/em><\/li>\n<\/ul>\n[elementor-template id=\"28433\"]\n","protected":false},"featured_media":31855,"comment_status":"closed","ping_status":"closed","template":"","meta":{"_monsterinsights_skip_tracking":false,"_monsterinsights_sitenote_active":false,"_monsterinsights_sitenote_note":"","_monsterinsights_sitenote_category":0},"product_brand":[],"product_cat":[1072,1069],"product_tag":[],"class_list":{"0":"post-34267","1":"product","2":"type-product","3":"status-publish","4":"has-post-thumbnail","6":"product_cat-geflochtene-sleeves-wrap-around-selbstschliesend","7":"product_cat-geflochtene-ummantelung","9":"first","10":"instock","11":"shipping-taxable","12":"product-type-simple"},"_links":{"self":[{"href":"https:\/\/www.rtecomponenti.it\/de\/wp-json\/wp\/v2\/product\/34267","targetHints":{"allow":["GET"]}}],"collection":[{"href":"https:\/\/www.rtecomponenti.it\/de\/wp-json\/wp\/v2\/product"}],"about":[{"href":"https:\/\/www.rtecomponenti.it\/de\/wp-json\/wp\/v2\/types\/product"}],"replies":[{"embeddable":true,"href":"https:\/\/www.rtecomponenti.it\/de\/wp-json\/wp\/v2\/comments?post=34267"}],"version-history":[{"count":0,"href":"https:\/\/www.rtecomponenti.it\/de\/wp-json\/wp\/v2\/product\/34267\/revisions"}],"wp:featuredmedia":[{"embeddable":true,"href":"https:\/\/www.rtecomponenti.it\/de\/wp-json\/wp\/v2\/media\/31855"}],"wp:attachment":[{"href":"https:\/\/www.rtecomponenti.it\/de\/wp-json\/wp\/v2\/media?parent=34267"}],"wp:term":[{"taxonomy":"product_brand","embeddable":true,"href":"https:\/\/www.rtecomponenti.it\/de\/wp-json\/wp\/v2\/product_brand?post=34267"},{"taxonomy":"product_cat","embeddable":true,"href":"https:\/\/www.rtecomponenti.it\/de\/wp-json\/wp\/v2\/product_cat?post=34267"},{"taxonomy":"product_tag","embeddable":true,"href":"https:\/\/www.rtecomponenti.it\/de\/wp-json\/wp\/v2\/product_tag?post=34267"}],"curies":[{"name":"wp","href":"https:\/\/api.w.org\/{rel}","templated":true}]}}