{"id":34269,"date":"2023-12-11T11:55:23","date_gmt":"2023-12-11T11:55:23","guid":{"rendered":"https:\/\/www.rtecomponenti.it\/prodotto\/mantel-aus-glasfaser-gvs-ul\/"},"modified":"2025-07-16T14:17:28","modified_gmt":"2025-07-16T14:17:28","slug":"mantel-aus-glasfaser-gvs-ul","status":"publish","type":"product","link":"https:\/\/www.rtecomponenti.it\/de\/prodikt\/glasfaserummantelungen\/glasfaserummantelungen-mit-silikon\/mantel-aus-glasfaser-gvs-ul\/","title":{"rendered":"Mantel aus Glasfaser GVS-UL"},"content":{"rendered":"\t\t<div data-elementor-type=\"product-post\" data-elementor-id=\"34269\" class=\"elementor elementor-34269 elementor-27320\" data-elementor-post-type=\"product\">\n\t\t\t\t\t\t<section class=\"xts-negative-gap elementor-section elementor-top-section elementor-element elementor-element-1e96bde0 elementor-section-boxed elementor-section-height-default elementor-section-height-default xts-section-disabled\" data-id=\"1e96bde0\" data-element_type=\"section\" data-e-type=\"section\">\n\t\t\t\t\t\t<div class=\"elementor-container elementor-column-gap-default\">\n\t\t\t\t\t<div class=\"elementor-column elementor-col-100 elementor-top-column elementor-element elementor-element-1a532df8\" data-id=\"1a532df8\" data-element_type=\"column\" data-e-type=\"column\">\n\t\t\t<div class=\"elementor-widget-wrap elementor-element-populated\">\n\t\t\t\t\t\t<div class=\"elementor-element elementor-element-1322e751 xts-scheme-inherit xts-textalign-inherit elementor-widget elementor-widget-text-editor\" data-id=\"1322e751\" data-element_type=\"widget\" data-e-type=\"widget\" data-widget_type=\"text-editor.default\">\n\t\t\t\t<div class=\"elementor-widget-container\">\n\t\t\t\t\t\t\t\t\t<h2>Silikon-Glasfasermantel \u201eSerie GVS-UL\u201c Temperaturklasse C-250\u00b0C<\/h2>\r\n<ul>\r\n \t<li><strong>Material:<\/strong> Fiberglas mit Silikon<\/li>\r\n \t<li><strong>Farbe: <\/strong>Ziegelrot (weitere Farben auf Anfrage)<\/li>\r\n \t<li><strong>Einsatzbereich: <\/strong>wo Dichtungsanforderung bei hohen Temperaturen<\/li>\r\n \t<li><strong>Betriebstemperatur:\u00a0<\/strong>-60\u00b0C bis +250\u00b0C mit Spitzen von +290\u00b0C<\/li>\r\n \t<li><strong>Temperaturklasse: C-250\u00b0C <\/strong><\/li>\r\n \t<li><strong>UL-Zulassung (selbstverl\u00f6schend):<\/strong> Datei Nr.E337834 flammhemmend VW-1 (Vertikaltest), nach Norm GVS-UL 1,5 KV &#8211; 3,0 KV &#8211; 4,0 KV &#8211; 7,0 KV &#8211; 10,0 KV<\/li>\r\n \t<li><strong> UL-Zulassung (elektrische Isolierung):<\/strong> Datei Nr. E360620 Klasse A &#8211; 200\u00b0C 600 V nach GVS-UL-Norm\r\n7.0 KV<\/li>\r\n \t<li><strong>Durchschlagsfestigkeit bei 20\u00b0C:\u00a0 <\/strong>GVS-UL1.500, GVS-UL2.500, GVS-UL4.000, GVS-UL7.000, GVS-UL 10.000 nach UL 1441<\/li>\r\n \t<li><strong>Isolationsspannung in KV: <\/strong>1.5 &#8211; 2.5\u00a0 &#8211; 4.0 &#8211; 7.0 &#8211; 10.0<\/li>\r\n \t<li><strong>Wasserdichtigkeit, Wasserd\u00e4mpfe, Salzl\u00f6sungen, UV-Strahlung, Alkohol, \u00c4ther, Fette:<\/strong> gut<\/li>\r\n \t<li><strong>Schimmel- und Pilzbest\u00e4ndigkeit: <\/strong>sehr gut<\/li>\r\n \t<li><strong>Best\u00e4ndigkeit gegen Kohlenwasserstoffe und Mineral\u00f6le: <\/strong>gut<\/li>\r\n \t<li><strong>Flexibilit\u00e4t: <\/strong>sehr gut<\/li>\r\n \t<li><strong>Knickfestigkeit: <\/strong>sehr gut<\/li>\r\n \t<li><strong>Vibrationsfestigkeit und hohe Beanspruchung:<\/strong> sehr gut<\/li>\r\n<\/ul>\t\t\t\t\t\t\t\t<\/div>\n\t\t\t\t<\/div>\n\t\t\t\t\t<\/div>\n\t\t<\/div>\n\t\t\t\t\t<\/div>\n\t\t<\/section>\n\t\t\t\t<\/div>\n\t\t","protected":false},"excerpt":{"rendered":"<p><strong>SILIKON-GLASFASERH\u00dcLLE \u201eSERIE GVS-UL\u201c<\/strong><\/p>\n<p>Der Glasfasermantel mit extrudiertem Silikon GVS-UL eignet sich besonders f\u00fcr alle Anwendungen, bei denen eine gute mechanische Festigkeit, Flexibilit\u00e4t und besonders hohe Temperaturbest\u00e4ndigkeit gefordert sind. Entsprechend der Temperaturklasse C (250 \u00b0C) h\u00e4lt sie auch Temperaturspitzen bis 290 \u00b0C stand. Es wird in 5 Standardspannungswerten hergestellt: 1.500 V, 3.000 V, 4.000 V, 7.000 V, 10.000 V<\/p>\n<ul>\n<li style=\"list-style-type: none;\">\n<ul>\n<li><strong>Serie: <\/strong>Fiberglas mit Silikon<\/li>\n<li><strong>Dielektrische Steifigkeit in Kv: <\/strong>1.5 \u2013 3.0 &#8211; 4.0 &#8211; 7.0 -10.0<\/li>\n<li><strong>Temperaturklasse: C-250\u00b0C <\/strong>\u00a0Verf\u00fcgbare<\/li>\n<li><strong>Durchmesser: <\/strong>von 5,0<\/li>\n<\/ul>\n<\/li>\n<\/ul>\n<p>mm bis 45,0 mm<\/p>\n<ul>\n<li><strong>Betriebstemperatur: <\/strong>-60 \u00b0C bis +250 \u00b0C, mit Spitzen von +290 \u00b0C<\/li>\n<li><strong>Entspricht den Normen: <\/strong><em>UL 1441, GVS-UL 1,5 KV &#8211; 3,0 KV &#8211; 4,0 KV 7,0 KV &#8211; 10,0 KV<\/em><\/li>\n<\/ul>\n<p><span style=\"font-weight: 400;\">Zugelassen: <\/span><img decoding=\"async\" src=\"\/staging\/wp-content\/uploads\/2024\/02\/ru.webp\" \/><a href=\"https:\/\/drive.google.com\/file\/d\/1wUCuk1pIUR3MO9i_hqeNLLliktupsWRU\/view?usp=sharing\"><span style=\"font-weight: 400;\"> E 360620<\/span><span style=\"font-weight: 400;\"><br \/>\n<\/span><\/a><br \/>\n<span style=\"font-weight: 400;\">Zugelassen: <\/span><img decoding=\"async\" src=\"\/staging\/wp-content\/uploads\/2024\/02\/ru.webp\" \/><a href=\"https:\/\/drive.google.com\/file\/d\/1iPzPEp_FhQU9_NjFFOSj8sCQx8Cb-1tC\/view?usp=sharing\"><span style=\"font-weight: 400;\"> E 337834<\/span><span style=\"font-weight: 400;\"><br \/>\n<\/span><\/a><\/p>\n[elementor-template id=\"28409\"]\n[elementor-template id=\"35277\"]\n","protected":false},"featured_media":31999,"comment_status":"closed","ping_status":"closed","template":"","meta":{"_monsterinsights_skip_tracking":false,"_monsterinsights_sitenote_active":false,"_monsterinsights_sitenote_note":"","_monsterinsights_sitenote_category":0},"product_brand":[],"product_cat":[1074,1075],"product_tag":[1076],"class_list":{"0":"post-34269","1":"product","2":"type-product","3":"status-publish","4":"has-post-thumbnail","6":"product_cat-glasfaserummantelungen","7":"product_cat-glasfaserummantelungen-mit-silikon","8":"product_tag-gf-de","10":"first","11":"instock","12":"shipping-taxable","13":"product-type-simple"},"_links":{"self":[{"href":"https:\/\/www.rtecomponenti.it\/de\/wp-json\/wp\/v2\/product\/34269","targetHints":{"allow":["GET"]}}],"collection":[{"href":"https:\/\/www.rtecomponenti.it\/de\/wp-json\/wp\/v2\/product"}],"about":[{"href":"https:\/\/www.rtecomponenti.it\/de\/wp-json\/wp\/v2\/types\/product"}],"replies":[{"embeddable":true,"href":"https:\/\/www.rtecomponenti.it\/de\/wp-json\/wp\/v2\/comments?post=34269"}],"version-history":[{"count":0,"href":"https:\/\/www.rtecomponenti.it\/de\/wp-json\/wp\/v2\/product\/34269\/revisions"}],"wp:featuredmedia":[{"embeddable":true,"href":"https:\/\/www.rtecomponenti.it\/de\/wp-json\/wp\/v2\/media\/31999"}],"wp:attachment":[{"href":"https:\/\/www.rtecomponenti.it\/de\/wp-json\/wp\/v2\/media?parent=34269"}],"wp:term":[{"taxonomy":"product_brand","embeddable":true,"href":"https:\/\/www.rtecomponenti.it\/de\/wp-json\/wp\/v2\/product_brand?post=34269"},{"taxonomy":"product_cat","embeddable":true,"href":"https:\/\/www.rtecomponenti.it\/de\/wp-json\/wp\/v2\/product_cat?post=34269"},{"taxonomy":"product_tag","embeddable":true,"href":"https:\/\/www.rtecomponenti.it\/de\/wp-json\/wp\/v2\/product_tag?post=34269"}],"curies":[{"name":"wp","href":"https:\/\/api.w.org\/{rel}","templated":true}]}}