{"id":34270,"date":"2023-12-11T11:55:23","date_gmt":"2023-12-11T11:55:23","guid":{"rendered":"https:\/\/www.rtecomponenti.it\/prodotto\/mantel-aus-glasfaser-gvs-sil-en45545\/"},"modified":"2025-06-30T07:59:46","modified_gmt":"2025-06-30T07:59:46","slug":"mantel-aus-glasfaser-gvs-sil-en45545","status":"publish","type":"product","link":"https:\/\/www.rtecomponenti.it\/de\/prodikt\/glasfaserummantelungen\/glasfaserummantelungen-mit-silikon\/mantel-aus-glasfaser-gvs-sil-en45545\/","title":{"rendered":"Mantel aus Glasfaser GVS-SIL EN45545"},"content":{"rendered":"<h3>Thermische und mechanische Leistung<\/h3>\n<ul>\n<li><strong>Betriebstemperatur<\/strong>: <strong>-60 \u00b0C bis<\/strong> <strong>+250 \u00b0C<\/strong> mit Spitzen von <strong>+290 \u00b0C<\/strong>, ideal f\u00fcr Anwendungen in Bahn- und Industrieumgebungen mit starker Hitzeeinwirkung.<\/li>\n<li><strong>Temperaturklasse<\/strong>: <strong>C-250\u00b0C<\/strong>, entspricht den Standards f\u00fcr hohe Temperaturen.<\/li>\n<li><strong>Flexibilit\u00e4t<\/strong>: Ausgezeichnet, was eine einfache Installation auch in engen R\u00e4umen erm\u00f6glicht.<\/li>\n<li>Biege- <strong>und Vibrationsfestigkeit<\/strong>: sehr gut, garantiert Langlebigkeit auch unter Belastungen und h\u00e4ufigen Bewegungen.<\/li>\n<li><strong>Spannungsfestigkeit<\/strong>: Erh\u00e4ltlich <strong>in variablen Isolationsspannungswerten<\/strong> (1.5, 2.5, 4.0, 7.0, 10.0 kV) <strong>nach UL 1441<\/strong>.<\/li>\n<li><strong>Sicherheit und Einhaltung gesetzlicher Vorschriften<\/strong>:\n<ul>\n<li><strong>Selbstl\u00f6schend<\/strong>: Die Ummantelung ist selbstverl\u00f6schend und tr\u00e4gt zur Sicherheit im Brandfall bei.<\/li>\n<li><strong>Brandverhalten<\/strong>: Entspricht den Anforderungen <strong>HL3 gem\u00e4\u00df der Eisenbahnnorm EN 45545-2 + A1:2016<\/strong>, mit ausgezeichneter Feuerbest\u00e4ndigkeit und begrenzter Rauchentwicklung.<\/li>\n<li><strong>Dichtheit<\/strong>: Best\u00e4ndig gegen Wasser, Wasserdampf, Salzl\u00f6sungen, UV-Strahlung, Alkohol, \u00c4ther und Fett, mit ausgezeichneter Best\u00e4ndigkeit gegen Schimmel und Mehltau.<\/li>\n<\/ul>\n<\/li>\n<\/ul>\n<h3>Anwendungen<\/h3>\n<p>Der Schrumpfschlauch GVS-SIL ist ideal f\u00fcr:<\/p>\n<ul>\n<li>Schutz elektrischer Verkabelungen in Eisenbahnanlagen und kritischen Infrastrukturen.<\/li>\n<li>Verkabelungssysteme in industriellen Umgebungen mit hohen Temperaturen.<\/li>\n<li>Anwendungen, bei denen Kabel extremen Bedingungen ausgesetzt sind, z. B. in der Luft- und Raumfahrt sowie in der Produktion.<\/li>\n<li>Einsatz in Umgebungen, die Vibrationen, h\u00e4ufigen Biegungen und mechanischen Belastungen ausgesetzt sind.<\/li>\n<\/ul>\n","protected":false},"excerpt":{"rendered":"<h2><span style=\"font-weight: 400; font-size: 18px;\">Ummantelung f\u00fcr den Eisenbahnsektor mit EN45545-Konformit\u00e4t<\/span><\/h2>\n<p>Der Glasfasermantel mit extrudiertem Silikon GVS-SIL ist f\u00fcr Bahnanwendungen konzipiert, die hohe mechanische Festigkeit, Flexibilit\u00e4t und hohe Temperaturbest\u00e4ndigkeit erfordern. Dieser Mantel entspricht der Temperaturklasse C (250 \u00b0C), kann jedoch Temperaturspitzen von bis zu 290 \u00b0C standhalten und ist somit f\u00fcr extreme Bedingungen geeignet.<\/p>\n<p>Erh\u00e4ltlich <strong>in 5 Standardspannungswerten<\/strong>: 1.500 V, 3.000 V, 4.000 V, 7.000 V, 10.000 V, f\u00fcr unterschiedliche technische Anforderungen im Bahnbereich.<\/p>\n<ul>\n<li><strong>Serie: <\/strong>Glasfaser mit extrudiertem Silikon<\/li>\n<li><strong>Dielektrische Steifigkeit in Kv: <\/strong>5 \u2013 3.0 \u2013 4.0 \u2013 7.0 -10.0<\/li>\n<li><strong>Temperaturklasse: <\/strong>C-250\u00b0C<\/li>\n<li><strong>Verf\u00fcgbare Durchmesser: <\/strong>von 5.0mm bis 45.0mm<\/li>\n<li><strong>Betriebstemperatur: <\/strong>-60\u00b0C bis +250\u00b0C, mit Spitzen von +290\u00b0C<\/li>\n<li><strong>In \u00dcbereinstimmung mit den Normen: <\/strong><em>UL 1441, NF EN 60695-2-10 (05-2001), NF EN 60695-2-11 (07-2001), NF EN 60684-1 (10-2003), NF EN 60684-2 (07-2012), NF EN (CEI) 60684-3 Blatt 400 \u00f7 402 (02-2003), EN 45545-2 + A1:2016<\/em><\/li>\n<\/ul>\n<p><span style=\"font-weight: 400;\">Zulassung: <\/span><a href=\"https:\/\/www.rtecomponenti.it\/wp-content\/uploads\/2025\/06\/TEST-REPORT-GVS-SIL-EN45545.pdf\"><span style=\"font-weight: 400;\"> Nach EN 45545<\/span><span style=\"font-weight: 400;\"><br \/>\n<\/span><\/a><\/p>\n[elementor-template id=\"28405\"]\n","protected":false},"featured_media":31869,"comment_status":"closed","ping_status":"closed","template":"","meta":{"_monsterinsights_skip_tracking":false,"_monsterinsights_sitenote_active":false,"_monsterinsights_sitenote_note":"","_monsterinsights_sitenote_category":0},"product_brand":[],"product_cat":[1074,1075],"product_tag":[1076],"class_list":{"0":"post-34270","1":"product","2":"type-product","3":"status-publish","4":"has-post-thumbnail","6":"product_cat-glasfaserummantelungen","7":"product_cat-glasfaserummantelungen-mit-silikon","8":"product_tag-gf-de","10":"first","11":"instock","12":"shipping-taxable","13":"product-type-simple"},"_links":{"self":[{"href":"https:\/\/www.rtecomponenti.it\/de\/wp-json\/wp\/v2\/product\/34270","targetHints":{"allow":["GET"]}}],"collection":[{"href":"https:\/\/www.rtecomponenti.it\/de\/wp-json\/wp\/v2\/product"}],"about":[{"href":"https:\/\/www.rtecomponenti.it\/de\/wp-json\/wp\/v2\/types\/product"}],"replies":[{"embeddable":true,"href":"https:\/\/www.rtecomponenti.it\/de\/wp-json\/wp\/v2\/comments?post=34270"}],"version-history":[{"count":0,"href":"https:\/\/www.rtecomponenti.it\/de\/wp-json\/wp\/v2\/product\/34270\/revisions"}],"wp:featuredmedia":[{"embeddable":true,"href":"https:\/\/www.rtecomponenti.it\/de\/wp-json\/wp\/v2\/media\/31869"}],"wp:attachment":[{"href":"https:\/\/www.rtecomponenti.it\/de\/wp-json\/wp\/v2\/media?parent=34270"}],"wp:term":[{"taxonomy":"product_brand","embeddable":true,"href":"https:\/\/www.rtecomponenti.it\/de\/wp-json\/wp\/v2\/product_brand?post=34270"},{"taxonomy":"product_cat","embeddable":true,"href":"https:\/\/www.rtecomponenti.it\/de\/wp-json\/wp\/v2\/product_cat?post=34270"},{"taxonomy":"product_tag","embeddable":true,"href":"https:\/\/www.rtecomponenti.it\/de\/wp-json\/wp\/v2\/product_tag?post=34270"}],"curies":[{"name":"wp","href":"https:\/\/api.w.org\/{rel}","templated":true}]}}