{"id":34271,"date":"2023-12-11T11:55:23","date_gmt":"2023-12-11T11:55:23","guid":{"rendered":"https:\/\/www.rtecomponenti.it\/prodotto\/mantel-aus-glasfaser-gvs-sil-e\/"},"modified":"2024-06-21T06:38:47","modified_gmt":"2024-06-21T06:38:47","slug":"mantel-aus-glasfaser-gvs-sil-e","status":"publish","type":"product","link":"https:\/\/www.rtecomponenti.it\/de\/prodikt\/glasfaserummantelungen\/glasfaserummantelungen-mit-silikon\/mantel-aus-glasfaser-gvs-sil-e\/","title":{"rendered":"Mantel aus Glasfaser GVS-SIL-E"},"content":{"rendered":"<p>Glasfasermantel<\/p>\n<h2>mit Silikonkautschuk \u201eSerie GVS-SIL-E\u201c selbstverl\u00f6schend, Temperaturklasse C-250\u00b0C<\/h2>\n<ul>\n<li><strong>Material:<\/strong> Glasfaser mit extrudiertem Silikon<\/li>\n<li><strong>Farbe: <\/strong>Ziegelrot (weitere Farben auf Anfrage)<\/li>\n<li><strong>Anwendungsbereich: <\/strong>Schutz von unregelm\u00e4\u00dfig geformten Teilen vor hohen Temperaturen<\/li>\n<li><strong>Betriebstemperatur:\u00a0<\/strong>-60\u00b0C bis +250\u00b0C mit Spitzen von +290\u00b0C<\/li>\n<li><strong>Temperaturklasse: C-250\u00b0C <\/strong><\/li>\n<li><strong>Selbstl\u00f6schend: <\/strong>selbstl\u00f6schend<\/li>\n<li><strong>Spannungsfestigkeit bei 20 \u00b0C nach der Expansion:<\/strong> 3,0 kV nach UL 1441<\/li>\n<li><strong>Wasserdichtigkeit, Wasserd\u00e4mpfe, UV-Strahlung:<\/strong> gut<\/li>\n<li><strong>Schimmel- und Pilzbest\u00e4ndigkeit: <\/strong>sehr gut<\/li>\n<li><strong>Best\u00e4ndigkeit gegen Kohlenwasserstoffe und Mineral\u00f6le: <\/strong>gut<\/li>\n<li><strong>Flexibilit\u00e4t: <\/strong>sehr gut<\/li>\n<li><strong>Knickfestigkeit: <\/strong>sehr gut<\/li>\n<li><strong>Vibrationsfestigkeit und starke Beanspruchung:<\/strong> sehr gut<\/li>\n<\/ul>\n","protected":false},"excerpt":{"rendered":"<p><strong>GLASFASERMANTEL MIT SILIKONKAUTSCHUK \u201eSERIE GVS-SIL-E\u201c<\/strong><\/p>\n<p>Die expandierbare H\u00fclle der Serie GVS-SIL-E. aus mit Silikonkautschuk beschichtetem Glasfasergewebe eignet sich f\u00fcr alle Anwendungen, bei denen ein Schutz vor besonderen hohen Temperaturen mit unregelm\u00e4\u00dfiger Form erforderlich ist. In der Tat ist das Hauptmerkmal dieser H\u00fclle die F\u00e4higkeit, sich auf das Doppelte des urspr\u00fcnglichen Durchmessers auszudehnen und sich perfekt an das zu sch\u00fctzende Bauteil anzupassen.<\/p>\n<ul>\n<li style=\"list-style-type: none;\">\n<ul>\n<li><strong>Serie: <\/strong>Fiberglas mit Silikon<\/li>\n<li><strong>Ausdehnungsverh\u00e4ltnis 1:2.<\/strong> Die H\u00fclle dehnt sich gegen\u00fcber dem Anfangsdurchmesser um das 1-fache<\/li>\n<\/ul>\n<\/li>\n<\/ul>\n<p>aus<\/p>\n<ul>\n<li style=\"list-style-type: none;\">\n<ul>\n<li><strong> Dielektrische Steifigkeit in Kv: <\/strong>3.0 &#8211; andere Spannungen auf Anfrage<\/li>\n<li><strong>Temperaturklasse: C-250\u00b0C <\/strong>\u00a0Verf\u00fcgbare<\/li>\n<li><strong>Durchmesser: <\/strong>von<\/li>\n<\/ul>\n<\/li>\n<\/ul>\n<p>2.0mm bis 25.0mm<\/p>\n<ul>\n<li><strong>Betriebstemperatur: <\/strong>-60 \u00b0C bis +250 \u00b0C, mit Spitzen von +290 \u00b0C<\/li>\n<li><strong>Entspricht den Normen: <\/strong><em>UL 1441<\/em><\/li>\n<\/ul>\n[elementor-template id=\"28413\"]\n","protected":false},"featured_media":31873,"comment_status":"closed","ping_status":"closed","template":"","meta":{"_monsterinsights_skip_tracking":false,"_monsterinsights_sitenote_active":false,"_monsterinsights_sitenote_note":"","_monsterinsights_sitenote_category":0},"product_brand":[],"product_cat":[1074,1075],"product_tag":[],"class_list":{"0":"post-34271","1":"product","2":"type-product","3":"status-publish","4":"has-post-thumbnail","6":"product_cat-glasfaserummantelungen","7":"product_cat-glasfaserummantelungen-mit-silikon","9":"first","10":"instock","11":"shipping-taxable","12":"product-type-simple"},"_links":{"self":[{"href":"https:\/\/www.rtecomponenti.it\/de\/wp-json\/wp\/v2\/product\/34271","targetHints":{"allow":["GET"]}}],"collection":[{"href":"https:\/\/www.rtecomponenti.it\/de\/wp-json\/wp\/v2\/product"}],"about":[{"href":"https:\/\/www.rtecomponenti.it\/de\/wp-json\/wp\/v2\/types\/product"}],"replies":[{"embeddable":true,"href":"https:\/\/www.rtecomponenti.it\/de\/wp-json\/wp\/v2\/comments?post=34271"}],"version-history":[{"count":0,"href":"https:\/\/www.rtecomponenti.it\/de\/wp-json\/wp\/v2\/product\/34271\/revisions"}],"wp:featuredmedia":[{"embeddable":true,"href":"https:\/\/www.rtecomponenti.it\/de\/wp-json\/wp\/v2\/media\/31873"}],"wp:attachment":[{"href":"https:\/\/www.rtecomponenti.it\/de\/wp-json\/wp\/v2\/media?parent=34271"}],"wp:term":[{"taxonomy":"product_brand","embeddable":true,"href":"https:\/\/www.rtecomponenti.it\/de\/wp-json\/wp\/v2\/product_brand?post=34271"},{"taxonomy":"product_cat","embeddable":true,"href":"https:\/\/www.rtecomponenti.it\/de\/wp-json\/wp\/v2\/product_cat?post=34271"},{"taxonomy":"product_tag","embeddable":true,"href":"https:\/\/www.rtecomponenti.it\/de\/wp-json\/wp\/v2\/product_tag?post=34271"}],"curies":[{"name":"wp","href":"https:\/\/api.w.org\/{rel}","templated":true}]}}