{"id":34274,"date":"2023-12-11T11:55:23","date_gmt":"2023-12-11T11:55:23","guid":{"rendered":"https:\/\/www.rtecomponenti.it\/prodotto\/mantel-aus-glasfaser-gvp\/"},"modified":"2024-06-11T06:30:49","modified_gmt":"2024-06-11T06:30:49","slug":"mantel-aus-glasfaser-gvp","status":"publish","type":"product","link":"https:\/\/www.rtecomponenti.it\/de\/prodikt\/glasfaserummantelungen\/glasfaserummantelungen-mit-polyurethan\/mantel-aus-glasfaser-gvp\/","title":{"rendered":"Mantel aus Glasfaser GVP"},"content":{"rendered":"<h2>Glasfasermantel mit selbstl\u00f6schendem Polyurethanlack &#8222;GVP-Serie&#8220;, Temperaturklasse F 155\u00b0C<\/h2>\n<ul>\n<li style=\"list-style-type: none;\">\n<ul>\n<li><strong>Material:<\/strong> Glasfaser mit Polyurethan<\/li>\n<li><strong>Farbe: <\/strong>ockergelb (weitere Farben auf Anfrage)<\/li>\n<li><strong>Einsatzbereich: <\/strong>wo gute mechanische Festigkeit, Flexibilit\u00e4t und Temperaturbest\u00e4ndigkeit gefragt<\/li>\n<\/ul>\n<\/li>\n<\/ul>\n<p>sind<\/p>\n<ul>\n<li><strong> Temperaturklasse:\u00a0 <\/strong>F 155\u00b0C<\/li>\n<li><strong>Betriebstemperatur:\u00a0<\/strong>-30\u00b0C bis +155\u00b0C mit Spitzen von +185\u00b0C<\/li>\n<li><strong>Selbstl\u00f6schung:<\/strong> selbstl\u00f6schend<\/li>\n<li><strong>Durchschlagsfestigkeit bei 20\u00b0C:<\/strong> GVP3.000 nach UL 1441<\/li>\n<li><strong>Isolationsspannung:<\/strong> 3,0 KV<\/li>\n<li><strong>Wasser- und Korrosionsbest\u00e4ndigkeit, die \u00fcblicherweise in der Elektrokonstruktion zu finden ist: <\/strong>gut<\/li>\n<li><strong>Schimmel- und Pilzbest\u00e4ndigkeit: <\/strong>sehr gut<\/li>\n<li><strong>Best\u00e4ndigkeit gegen Kohlenwasserstoffe und Mineral\u00f6le:<\/strong> gut<\/li>\n<li><strong>Flexibilit\u00e4t:<\/strong> sehr gut<\/li>\n<li><strong>Knickfestigkeit:<\/strong> sehr gut<\/li>\n<li><strong>Vibrationsfestigkeit und hohe Beanspruchung:<\/strong> sehr gut<\/li>\n<\/ul>\n","protected":false},"excerpt":{"rendered":"<p><strong>Glasfasermantel MIT POLYURETHANLACK \u201eGVP-SERIE\u201c<\/strong><\/p>\n<p>Die Glasfaserh\u00fclle mit GVP-Polyurethanlack eignet sich besonders f\u00fcr alle Anwendungen, bei denen gute mechanische Festigkeit, Flexibilit\u00e4t und Temperaturbest\u00e4ndigkeit erforderlich sind. Entsprechend der Temperaturklasse F (155 \u00b0C) h\u00e4lt sie auch Temperaturspitzen bis 185 \u00b0C stand. Es wird mit einem Spannungswert von 3.000 V hergestellt.<\/p>\n<ul>\n<li><strong>Serie:\u00a0<\/strong>Glasfaser mit Polyurethan<\/li>\n<li><strong>Dielektrische Steifigkeit in Kv: <\/strong>3.0<\/li>\n<li><strong>Temperaturklasse:\u00a0 <\/strong>F 155\u00b0C<\/li>\n<li><strong>Verf\u00fcgbare Durchmesser: <\/strong>von 0,5 mm bis 24,0 mm<\/li>\n<li><strong>Betriebstemperatur:\u00a0<\/strong>-30\u00b0C bis +155\u00b0C mit Spitzen von +185\u00b0C<\/li>\n<li><strong>Entspricht den Normen: <\/strong><em>UL 1441<\/em><\/li>\n<\/ul>\n[elementor-template id=\"28421\"]\n","protected":false},"featured_media":31859,"comment_status":"closed","ping_status":"closed","template":"","meta":{"_monsterinsights_skip_tracking":false,"_monsterinsights_sitenote_active":false,"_monsterinsights_sitenote_note":"","_monsterinsights_sitenote_category":0},"product_brand":[],"product_cat":[1074,1077],"product_tag":[],"class_list":{"0":"post-34274","1":"product","2":"type-product","3":"status-publish","4":"has-post-thumbnail","6":"product_cat-glasfaserummantelungen","7":"product_cat-glasfaserummantelungen-mit-polyurethan","9":"first","10":"instock","11":"shipping-taxable","12":"product-type-simple"},"_links":{"self":[{"href":"https:\/\/www.rtecomponenti.it\/de\/wp-json\/wp\/v2\/product\/34274","targetHints":{"allow":["GET"]}}],"collection":[{"href":"https:\/\/www.rtecomponenti.it\/de\/wp-json\/wp\/v2\/product"}],"about":[{"href":"https:\/\/www.rtecomponenti.it\/de\/wp-json\/wp\/v2\/types\/product"}],"replies":[{"embeddable":true,"href":"https:\/\/www.rtecomponenti.it\/de\/wp-json\/wp\/v2\/comments?post=34274"}],"version-history":[{"count":0,"href":"https:\/\/www.rtecomponenti.it\/de\/wp-json\/wp\/v2\/product\/34274\/revisions"}],"wp:featuredmedia":[{"embeddable":true,"href":"https:\/\/www.rtecomponenti.it\/de\/wp-json\/wp\/v2\/media\/31859"}],"wp:attachment":[{"href":"https:\/\/www.rtecomponenti.it\/de\/wp-json\/wp\/v2\/media?parent=34274"}],"wp:term":[{"taxonomy":"product_brand","embeddable":true,"href":"https:\/\/www.rtecomponenti.it\/de\/wp-json\/wp\/v2\/product_brand?post=34274"},{"taxonomy":"product_cat","embeddable":true,"href":"https:\/\/www.rtecomponenti.it\/de\/wp-json\/wp\/v2\/product_cat?post=34274"},{"taxonomy":"product_tag","embeddable":true,"href":"https:\/\/www.rtecomponenti.it\/de\/wp-json\/wp\/v2\/product_tag?post=34274"}],"curies":[{"name":"wp","href":"https:\/\/api.w.org\/{rel}","templated":true}]}}