{"id":34278,"date":"2023-12-11T11:55:27","date_gmt":"2023-12-11T11:55:27","guid":{"rendered":"https:\/\/www.rtecomponenti.it\/prodotto\/pvcwa-ummantelung\/"},"modified":"2024-06-25T07:37:57","modified_gmt":"2024-06-25T07:37:57","slug":"pvcwa-ummantelung","status":"publish","type":"product","link":"https:\/\/www.rtecomponenti.it\/de\/prodikt\/pvc-mantel\/pvc-ummantelung-85c-wrap-around-aufklappbar\/pvcwa-ummantelung\/","title":{"rendered":"PVCWA-Ummantelung"},"content":{"rendered":"<h2>Aufklappbarer PVC-Schlauch \u201ePVCWA-Serie\u201c Wrap Around aufklappbar<\/h2>\n<ul>\n<li><b>Material:<\/b> PVC<\/li>\n<li><strong>Serie:<\/strong> 85\u00b0C Wrap Around Aufklappbar<\/li>\n<li><b>Anwendungsbereich:<\/b> Sammeln und Sch\u00fctzen von zu installierenden oder bereits installierten elektrischen Kabelstr\u00e4ngen<\/li>\n<li><strong>Betriebstemperatur: <\/strong>von -15\u00b0C bis +85\u00b0C<\/li>\n<li><strong>Farbe: <\/strong>Grau (Schwarz auf Anfrage)<\/li>\n<li><strong>Betriebstemperatur:<\/strong> von -15\u00b0C bis +85\u00b0C<\/li>\n<li><strong>Richtlinien:<\/strong> 2002\/95\/EG RoHS<\/li>\n<\/ul>\n","protected":false},"excerpt":{"rendered":"<p><strong>\u00d6FFNBARE PVC-UMMANTELUNG \u201ePVCWA-SERIE&#8220;<\/strong><\/p>\n<p>Die Ummantelung der PVCWA-Serie wurde haupts\u00e4chlich zum Sammeln und Sch\u00fctzen der B\u00fcndel von elektrischen Kabeln entwickelt, die installiert oder bereits installiert und an jedem elektrischen Ger\u00e4t verdrahtet sind. Tats\u00e4chlich besteht das Hauptmerkmal dieser Ummantelung darin, dass sie dank ihres Verschlusssystems, das aus sehr praktischen Clipkn\u00f6pfen besteht, leicht installiert und entfernt werden kann, da es sich um eine zu \u00f6ffnende und zu schlie\u00dfende Ummantelung handelt. Ein weiteres sehr gesch\u00e4tztes Merkmal von PVCWA ist das \u00e4sthetische Erscheinungsbild und die einfache Reinigung, zwei grundlegende Eigenschaften in bestimmten Umgebungen.<\/p>\n<ul>\n<li><strong>Serie<\/strong>: 85\u00b0C Wrap Around Aufklappbar<\/li>\n<li><strong>Betriebstemperatur: <\/strong>-15\u00b0C bis +85\u00b0C<\/li>\n<li><strong>Verf\u00fcgbare Durchmesser<\/strong>: von 12.0mm bis 150.0mm<\/li>\n<li><b>Konform mit den Normen:<\/b> <em>2002\/95\/CE RoHS<\/em><\/li>\n<\/ul>\n[elementor-template id=\"28387\"]\n","protected":false},"featured_media":31881,"comment_status":"closed","ping_status":"closed","template":"","meta":{"_monsterinsights_skip_tracking":false,"_monsterinsights_sitenote_active":false,"_monsterinsights_sitenote_note":"","_monsterinsights_sitenote_category":0},"product_brand":[],"product_cat":[1080,1082],"product_tag":[],"class_list":{"0":"post-34278","1":"product","2":"type-product","3":"status-publish","4":"has-post-thumbnail","6":"product_cat-pvc-mantel","7":"product_cat-pvc-ummantelung-85c-wrap-around-aufklappbar","9":"first","10":"instock","11":"shipping-taxable","12":"product-type-simple"},"_links":{"self":[{"href":"https:\/\/www.rtecomponenti.it\/de\/wp-json\/wp\/v2\/product\/34278","targetHints":{"allow":["GET"]}}],"collection":[{"href":"https:\/\/www.rtecomponenti.it\/de\/wp-json\/wp\/v2\/product"}],"about":[{"href":"https:\/\/www.rtecomponenti.it\/de\/wp-json\/wp\/v2\/types\/product"}],"replies":[{"embeddable":true,"href":"https:\/\/www.rtecomponenti.it\/de\/wp-json\/wp\/v2\/comments?post=34278"}],"version-history":[{"count":0,"href":"https:\/\/www.rtecomponenti.it\/de\/wp-json\/wp\/v2\/product\/34278\/revisions"}],"wp:featuredmedia":[{"embeddable":true,"href":"https:\/\/www.rtecomponenti.it\/de\/wp-json\/wp\/v2\/media\/31881"}],"wp:attachment":[{"href":"https:\/\/www.rtecomponenti.it\/de\/wp-json\/wp\/v2\/media?parent=34278"}],"wp:term":[{"taxonomy":"product_brand","embeddable":true,"href":"https:\/\/www.rtecomponenti.it\/de\/wp-json\/wp\/v2\/product_brand?post=34278"},{"taxonomy":"product_cat","embeddable":true,"href":"https:\/\/www.rtecomponenti.it\/de\/wp-json\/wp\/v2\/product_cat?post=34278"},{"taxonomy":"product_tag","embeddable":true,"href":"https:\/\/www.rtecomponenti.it\/de\/wp-json\/wp\/v2\/product_tag?post=34278"}],"curies":[{"name":"wp","href":"https:\/\/api.w.org\/{rel}","templated":true}]}}