{"id":34284,"date":"2023-12-11T11:55:37","date_gmt":"2023-12-11T11:55:37","guid":{"rendered":"https:\/\/www.rtecomponenti.it\/prodotto\/schrumpfschlauch-ttp31-ul\/"},"modified":"2026-03-27T09:40:14","modified_gmt":"2026-03-27T09:40:14","slug":"schrumpfschlauch-ttp31-ul","status":"publish","type":"product","link":"https:\/\/www.rtecomponenti.it\/de\/prodikt\/schrumpfschlaeuche\/schrumpfschlauche-mit-schrumpfung-3%c3%b71\/schrumpfschlauch-ttp31-ul\/","title":{"rendered":"Schrumpfschlauch TTP31-UL"},"content":{"rendered":"\t\t<div data-elementor-type=\"product-post\" data-elementor-id=\"34284\" class=\"elementor elementor-34284 elementor-27366\" data-elementor-post-type=\"product\">\n\t\t\t\t\t\t<section class=\"xts-negative-gap elementor-section elementor-top-section elementor-element elementor-element-7ebc71f6 elementor-section-boxed elementor-section-height-default elementor-section-height-default xts-section-disabled\" data-id=\"7ebc71f6\" data-element_type=\"section\" data-e-type=\"section\">\n\t\t\t\t\t\t<div class=\"elementor-container elementor-column-gap-default\">\n\t\t\t\t\t<div class=\"elementor-column elementor-col-100 elementor-top-column elementor-element elementor-element-10c36c8\" data-id=\"10c36c8\" data-element_type=\"column\" data-e-type=\"column\">\n\t\t\t<div class=\"elementor-widget-wrap elementor-element-populated\">\n\t\t\t\t\t\t<div class=\"elementor-element elementor-element-56d9316 xts-scheme-inherit xts-textalign-inherit elementor-widget elementor-widget-text-editor\" data-id=\"56d9316\" data-element_type=\"widget\" data-e-type=\"widget\" data-widget_type=\"text-editor.default\">\n\t\t\t\t<div class=\"elementor-widget-container\">\n\t\t\t\t\t\t\t\t\t<h2><b>Schrumpfschlauch aus Polyolefin mit Schrumpfverh\u00e4ltnis 3:1<\/b><\/h2><ul><li style=\"font-weight: 400;\" aria-level=\"1\"><b>Material:<\/b><span style=\"font-weight: 400;\"> Polyolefin<\/span><\/li><li style=\"font-weight: 400;\" aria-level=\"1\"><b>Schrumpfverh\u00e4ltnis:<\/b><span style=\"font-weight: 400;\"> 3:1<\/span><\/li><li style=\"font-weight: 400;\" aria-level=\"1\"><b>Anwendungsbereich:<\/b><span style=\"font-weight: 400;\"> elektrische Verkabelungen<\/span><\/li><li style=\"font-weight: 400;\" aria-level=\"1\"><b>Mindestschrumpftemperatur<\/b><span style=\"font-weight: 400;\">: &gt; +90 \u00b0C<\/span><\/li><li style=\"font-weight: 400;\" aria-level=\"1\"><b>Betriebstemperaturbereich:<\/b><span style=\"font-weight: 400;\"> \u201355 \u00b0C bis +125 \u00b0C<\/span><\/li><li style=\"font-weight: 400;\" aria-level=\"1\"><b>K\u00e4lteflexibilit\u00e4t: <\/b><span style=\"font-weight: 400;\">keine Rissbildung (\u201355 \u00b0C)<\/span><\/li><li style=\"font-weight: 400;\" aria-level=\"1\"><b>Selbstverl\u00f6schend:<\/b><span style=\"font-weight: 400;\"> gem\u00e4\u00df UL 224 VW-1<\/span><\/li><li style=\"font-weight: 400;\" aria-level=\"1\"><b>Farben:<\/b><span style=\"font-weight: 400;\"> Transparent \u2013 Schwarz sowie weitere Farben auf Anfrage<\/span><\/li><li style=\"font-weight: 400;\" aria-level=\"1\"><b>Zugfestigkeit:<\/b><span style=\"font-weight: 400;\"> 13 N\/mm\u00b2 gem\u00e4\u00df ASTM D638<\/span><\/li><li style=\"font-weight: 400;\" aria-level=\"1\"><b>Bruchdehnung:<\/b><span style=\"font-weight: 400;\"> 300 % gem\u00e4\u00df ASTM D638<\/span><\/li><li style=\"font-weight: 400;\" aria-level=\"1\"><b>Bruchdehnung nach W\u00e4rmealterung:<\/b><span style=\"font-weight: 400;\"> 200 % (168 Stunden bei 150 \u00b0C)<\/span><\/li><li style=\"font-weight: 400;\" aria-level=\"1\"><b>Thermoschock<\/b><span style=\"font-weight: 400;\">: keine Sch\u00e4den (4 Stunden bei 250 \u00b0C)<\/span><\/li><li style=\"font-weight: 400;\" aria-level=\"1\"><b>Wasseraufnahme:<\/b><span style=\"font-weight: 400;\"> \u2264 0,15 % gem\u00e4\u00df ASTM D570<\/span><\/li><li style=\"font-weight: 400;\" aria-level=\"1\"><b>Best\u00e4ndigkeit gegen\u00fcber Fl\u00fcssigkeiten:<\/b><span style=\"font-weight: 400;\"> gut<\/span><\/li><li style=\"font-weight: 400;\" aria-level=\"1\"><b>Schimmelbest\u00e4ndigkeit:<\/b><span style=\"font-weight: 400;\"> gut<\/span><\/li><li style=\"font-weight: 400;\" aria-level=\"1\"><b>Volumenwiderstand:<\/b><span style=\"font-weight: 400;\"> 10\u00b9\u2074 \u03a9\u00b7cm gem\u00e4\u00df ASTM D257<\/span><\/li><li style=\"font-weight: 400;\" aria-level=\"1\"><b>Kupferkorrosion:<\/b><span style=\"font-weight: 400;\"> keine<\/span><\/li><li style=\"font-weight: 400;\" aria-level=\"1\"><b>Best\u00e4ndigkeit gegen\u00fcber Fl\u00fcssigkeiten: <\/b><span style=\"font-weight: 400;\">gem\u00e4\u00df ISO 1817, ISO 37, MIL-I-23053<\/span><\/li><li style=\"font-weight: 400;\" aria-level=\"1\"><b>Durchschlagsfestigkeit:<\/b><span style=\"font-weight: 400;\"> 20 kV\/mm<\/span><\/li><li style=\"font-weight: 400;\" aria-level=\"1\"><b>L\u00e4ngenschrumpfung:<\/b><span style=\"font-weight: 400;\"> \u2264 +1 % \/ \u201310 % max.<\/span><\/li><li style=\"font-weight: 400;\" aria-level=\"1\"><b>Dichte: <\/b><span style=\"font-weight: 400;\">1,45 g\/cm\u00b3<\/span><\/li><\/ul><h3><b>Hinweise zur Schrumpfung<\/b><\/h3><ol><li><p><span style=\"font-weight: 400;\">F\u00fcr das Schrumpfen des Schrumpfschlauchs sind Ger\u00e4te zu verwenden, die speziell f\u00fcr diesen Zweck ausgelegt sind, wie z. B. Hei\u00dfluftpistolen oder Hei\u00dflufttunnel.<\/span><\/p><\/li><li><p><span style=\"font-weight: 400;\">Mit dem Schrumpfen an einem Ende beginnen \u2013 vorzugsweise am kritischsten Punkt- und anschlie\u00dfend gleichm\u00e4\u00dfig in Richtung des gegen\u00fcberliegenden Endes fortfahren. Dieses Verfahren verhindert die Bildung von Lufteinschl\u00fcssen zwischen der Innenwand des Schrumpfschlauchs und dem zu ummantelnden Objekt.<\/span><\/p><\/li><li><p><span style=\"font-weight: 400;\">Bei metallischen oder gut w\u00e4rmeleitenden Substraten wird ein Vorw\u00e4rmen empfohlen, um \u201eKaltstellen\u201c zu vermeiden und eine gleichm\u00e4\u00dfige, passgenaue Anpassung des Schrumpfschlauchs zu gew\u00e4hrleisten.<\/span><\/p><\/li><li><p><span style=\"font-weight: 400;\">Um eine \u00dcberhitzung zu vermeiden, ist auf eine gleichm\u00e4\u00dfige W\u00e4rmeverteilung zu achten. \u00dcberm\u00e4\u00dfige Erw\u00e4rmung w\u00e4hrend des Schrumpfvorgangs kann zur Blasenbildung, Verf\u00e4rbung oder im Extremfall zur Besch\u00e4digung bzw. zum Rei\u00dfen des Schrumpfschlauchs f\u00fchren.<\/span><\/p><\/li><\/ol>\t\t\t\t\t\t\t\t<\/div>\n\t\t\t\t<\/div>\n\t\t\t\t\t<\/div>\n\t\t<\/div>\n\t\t\t\t\t<\/div>\n\t\t<\/section>\n\t\t\t\t<\/div>\n\t\t","protected":false},"excerpt":{"rendered":"<p><strong>H\u00dcLLE aus POLYOLEFIN \u201eTTP31-UL\u201c SCHRUMPFUNG 3:1\u00a0<\/strong><\/p>\n<p>Der Polyolefin-Schrumpfschlauch Serie TTP31 ist ein selbstl\u00f6schender Schlauch, der ein <strong>hohes Schrumpfungsverh\u00e4ltnis aufweist<\/strong>. Es eignet sich nicht nur besonders f\u00fcr alle <strong>Anwendungen<\/strong>, bei denen es notwendig ist, <strong>unregelm\u00e4\u00dfige Gegenst\u00e4nde und Komponenten zu beschichten und zu sch\u00fctzen<\/strong>, sondern weist auch eine gute Best\u00e4ndigkeit gegen \u00fcbliche Fl\u00fcssigkeiten und L\u00f6sungsmittel auf.<\/p>\n<ul>\n<li><b>Schrumpfverh\u00e4ltnis 3:1<\/b> die Ummantelung schrumpft um das Dreifache des Anfangsdurchmessers.<\/li>\n<li><strong>Verf\u00fcgbare Durchmesser: <\/strong>von 1.6mm bis 39mm<\/li>\n<li><b>Betriebstemperatur:<\/b> -55\u00b0C\u00a0 bis +125\u00b0C<\/li>\n<li><b>Entspricht den Normen:<\/b> <em>UL224 VW-1<\/em>, <em>ASTMD638<\/em>, <em>ASTMD2671<\/em>, <em>ASTMD570<\/em>, <em>ASTMD792<\/em>, <em>ASTMD2671 C<\/em>, <em>MIL-DTL-7444<\/em>, <em>MIL-DTL-23053\/5<\/em>, <em>ASTMD2671 B<\/em>, <em>ASTMD257<\/em>.<\/li>\n<\/ul>\n<p><span style=\"font-weight: 400;\">Zulassung: <\/span><img decoding=\"async\" src=\"\/staging\/wp-content\/uploads\/2023\/12\/CRUUS.webp\" \/><a href=\"https:\/\/drive.google.com\/file\/d\/1--W6OD0Z9YvPB9PApjKX_vHkH0CZiHPT\/view?usp=sharing\"><span style=\"font-weight: 400;\"> File 305771<\/span><span style=\"font-weight: 400;\"><br \/>\n<\/span><\/a><\/p>\n[elementor-template id=\"28361\"]\n","protected":false},"featured_media":31885,"comment_status":"closed","ping_status":"closed","template":"","meta":{"_monsterinsights_skip_tracking":false,"_monsterinsights_sitenote_active":false,"_monsterinsights_sitenote_note":"","_monsterinsights_sitenote_category":0},"product_brand":[],"product_cat":[1026],"product_tag":[],"class_list":{"0":"post-34284","1":"product","2":"type-product","3":"status-publish","4":"has-post-thumbnail","6":"product_cat-schrumpfschlauche-mit-schrumpfung-31","8":"first","9":"instock","10":"shipping-taxable","11":"product-type-simple"},"_links":{"self":[{"href":"https:\/\/www.rtecomponenti.it\/de\/wp-json\/wp\/v2\/product\/34284","targetHints":{"allow":["GET"]}}],"collection":[{"href":"https:\/\/www.rtecomponenti.it\/de\/wp-json\/wp\/v2\/product"}],"about":[{"href":"https:\/\/www.rtecomponenti.it\/de\/wp-json\/wp\/v2\/types\/product"}],"replies":[{"embeddable":true,"href":"https:\/\/www.rtecomponenti.it\/de\/wp-json\/wp\/v2\/comments?post=34284"}],"version-history":[{"count":4,"href":"https:\/\/www.rtecomponenti.it\/de\/wp-json\/wp\/v2\/product\/34284\/revisions"}],"predecessor-version":[{"id":36349,"href":"https:\/\/www.rtecomponenti.it\/de\/wp-json\/wp\/v2\/product\/34284\/revisions\/36349"}],"wp:featuredmedia":[{"embeddable":true,"href":"https:\/\/www.rtecomponenti.it\/de\/wp-json\/wp\/v2\/media\/31885"}],"wp:attachment":[{"href":"https:\/\/www.rtecomponenti.it\/de\/wp-json\/wp\/v2\/media?parent=34284"}],"wp:term":[{"taxonomy":"product_brand","embeddable":true,"href":"https:\/\/www.rtecomponenti.it\/de\/wp-json\/wp\/v2\/product_brand?post=34284"},{"taxonomy":"product_cat","embeddable":true,"href":"https:\/\/www.rtecomponenti.it\/de\/wp-json\/wp\/v2\/product_cat?post=34284"},{"taxonomy":"product_tag","embeddable":true,"href":"https:\/\/www.rtecomponenti.it\/de\/wp-json\/wp\/v2\/product_tag?post=34284"}],"curies":[{"name":"wp","href":"https:\/\/api.w.org\/{rel}","templated":true}]}}