{"id":36171,"date":"2026-03-19T09:11:37","date_gmt":"2026-03-19T09:11:37","guid":{"rendered":"https:\/\/www.rtecomponenti.it\/?post_type=product&#038;p=36171"},"modified":"2026-04-17T08:14:49","modified_gmt":"2026-04-17T08:14:49","slug":"ul-formstrumpf-musterset","status":"publish","type":"product","link":"https:\/\/www.rtecomponenti.it\/de\/prodikt\/schlauch-musterset\/ul-formstrumpf-musterset\/","title":{"rendered":"Muster-Set UL-zertifizierter Schrumpfschl\u00e4uche"},"content":{"rendered":"\t\t<div data-elementor-type=\"product-post\" data-elementor-id=\"36171\" class=\"elementor elementor-36171 elementor-36169\" data-elementor-post-type=\"product\">\n\t\t\t\t\t\t<section class=\"xts-negative-gap elementor-section elementor-top-section elementor-element elementor-element-7ebc71f6 elementor-section-boxed elementor-section-height-default elementor-section-height-default xts-section-disabled\" data-id=\"7ebc71f6\" data-element_type=\"section\" data-e-type=\"section\">\n\t\t\t\t\t\t<div class=\"elementor-container elementor-column-gap-default\">\n\t\t\t\t\t<div class=\"elementor-column elementor-col-100 elementor-top-column elementor-element elementor-element-10c36c8\" data-id=\"10c36c8\" data-element_type=\"column\" data-e-type=\"column\">\n\t\t\t<div class=\"elementor-widget-wrap elementor-element-populated\">\n\t\t\t\t\t\t<div class=\"elementor-element elementor-element-56d9316 xts-scheme-inherit xts-textalign-inherit elementor-widget elementor-widget-text-editor\" data-id=\"56d9316\" data-element_type=\"widget\" data-e-type=\"widget\" data-widget_type=\"text-editor.default\">\n\t\t\t\t<div class=\"elementor-widget-container\">\n\t\t\t\t\t\t\t\t\t<h2>Was enth\u00e4lt das Muster-Set<\/h2><ul><li style=\"font-weight: 400;\" aria-level=\"1\"><span style=\"font-weight: 400;\"><strong>PVC-UL Schrumpfschlauch<\/strong>:\u00a0 Betriebstemperatur: von -15\u00b0 C bis +105\u00b0 C; UL-CSA zertifiziert Datei Nr. E305771.<\/span><\/li><li style=\"font-weight: 400;\" aria-level=\"1\"><span style=\"font-weight: 400;\"><strong>Schrumpfschlauch TA3155-AUTOMOTIVE<\/strong>: Schrumpfverh\u00e4ltnis 3:1; Betriebstemperatur: von -55\u00b0 C bis +125\u00b0 C; UL-CSA zertifiziert Datei Nr. E305771.<\/span><\/li><li style=\"font-weight: 400;\" aria-level=\"1\"><span style=\"font-weight: 400;\"><strong>Schrumpfschlauch TA4155-AUTOMOTIVE<\/strong>: Schrumpfverh\u00e4ltnis 4:1; Betriebstemperatur: von -55\u00b0 C bis +125\u00b0 C; UL-CSA zertifiziert Datei Nr. E305771.<\/span><\/li><li style=\"font-weight: 400;\" aria-level=\"1\"><span style=\"font-weight: 400;\"><strong>Schrumpfschlauch STP125<\/strong>: Schrumpfverh\u00e4ltnis 2:1; Betriebstemperatur: von -55\u00b0 C bis +125\u00b0 C; UL-CSA zertifiziert Datei Nr. E305771.<\/span><\/li><li style=\"font-weight: 400;\" aria-level=\"1\"><span style=\"font-weight: 400;\"><strong>HF HALOGEN FREE Schrumpfschlauch<\/strong>: Schrumpfverh\u00e4ltnis 2:1; Betriebstemperatur: von -55\u00b0 C bis +125\u00b0 C; UL-CSA zertifiziert Datei Nr. E305771.<\/span><\/li><li style=\"font-weight: 400;\" aria-level=\"1\"><span style=\"font-weight: 400;\"><strong>Schrumpfschlauch TTP31-UL<\/strong>: Schrumpfverh\u00e4ltnis 3:1; Betriebstemperatur: von -55\u00b0 C bis +135\u00b0 C; UL-CSA zertifiziert Datei Nr. E305771.<\/span><\/li><li style=\"font-weight: 400;\" aria-level=\"1\"><span style=\"font-weight: 400;\"><strong>Schrumpfschlauch TS800-UL<\/strong>: expandierbares Polyestergeflecht; Betriebstemperatur: von -50\u00b0 C bis +150\u00b0 C; UL zertifiziert Datei Nr. E334846.<\/span><\/li><li style=\"font-weight: 400;\" aria-level=\"1\"><span style=\"font-weight: 400;\"><strong>Schrumpfschlauch GVS-UL<\/strong>: aus Glasfaser und Silikon; Temperaturklasse C: 250\u00b0; Betriebstemperatur: von -60\u00b0 C bis +250\u00b0 C; UL zertifiziert Datei Nr. E360620 und Datei Nr. E337834.<\/span><\/li><\/ul>\t\t\t\t\t\t\t\t<\/div>\n\t\t\t\t<\/div>\n\t\t\t\t\t<\/div>\n\t\t<\/div>\n\t\t\t\t\t<\/div>\n\t\t<\/section>\n\t\t\t\t<\/div>\n\t\t","protected":false},"excerpt":{"rendered":"<p><b>MUSTER F\u00dcR TESTS UND TECHNISCHE BEWERTUNGEN<\/b><\/p>\n<p>Durch die Anforderung des kostenlosen Sets k\u00f6nnen Sie die Schutzh\u00fcllen\/Schrumpfschl\u00e4uche testen und deren mechanische und thermische Eigenschaften, wie z. B. Flexibilit\u00e4t, Best\u00e4ndigkeit gegen hohe Temperaturen und Verhalten im Falle eines Kurzschlusses, \u00fcberpr\u00fcfen. Das Set entspricht den internationalen Standards, mit besonderem Bezug auf den nordamerikanischen Markt.<\/p>\n[elementor-template id=\"36240\"]\n","protected":false},"featured_media":36177,"comment_status":"closed","ping_status":"closed","template":"","meta":{"_monsterinsights_skip_tracking":false,"_monsterinsights_sitenote_active":false,"_monsterinsights_sitenote_note":"","_monsterinsights_sitenote_category":0},"product_brand":[],"product_cat":[1109],"product_tag":[],"class_list":{"0":"post-36171","1":"product","2":"type-product","3":"status-publish","4":"has-post-thumbnail","6":"product_cat-schlauch-musterset","8":"first","9":"instock","10":"shipping-taxable","11":"product-type-simple"},"_links":{"self":[{"href":"https:\/\/www.rtecomponenti.it\/de\/wp-json\/wp\/v2\/product\/36171","targetHints":{"allow":["GET"]}}],"collection":[{"href":"https:\/\/www.rtecomponenti.it\/de\/wp-json\/wp\/v2\/product"}],"about":[{"href":"https:\/\/www.rtecomponenti.it\/de\/wp-json\/wp\/v2\/types\/product"}],"replies":[{"embeddable":true,"href":"https:\/\/www.rtecomponenti.it\/de\/wp-json\/wp\/v2\/comments?post=36171"}],"version-history":[{"count":7,"href":"https:\/\/www.rtecomponenti.it\/de\/wp-json\/wp\/v2\/product\/36171\/revisions"}],"predecessor-version":[{"id":36413,"href":"https:\/\/www.rtecomponenti.it\/de\/wp-json\/wp\/v2\/product\/36171\/revisions\/36413"}],"wp:featuredmedia":[{"embeddable":true,"href":"https:\/\/www.rtecomponenti.it\/de\/wp-json\/wp\/v2\/media\/36177"}],"wp:attachment":[{"href":"https:\/\/www.rtecomponenti.it\/de\/wp-json\/wp\/v2\/media?parent=36171"}],"wp:term":[{"taxonomy":"product_brand","embeddable":true,"href":"https:\/\/www.rtecomponenti.it\/de\/wp-json\/wp\/v2\/product_brand?post=36171"},{"taxonomy":"product_cat","embeddable":true,"href":"https:\/\/www.rtecomponenti.it\/de\/wp-json\/wp\/v2\/product_cat?post=36171"},{"taxonomy":"product_tag","embeddable":true,"href":"https:\/\/www.rtecomponenti.it\/de\/wp-json\/wp\/v2\/product_tag?post=36171"}],"curies":[{"name":"wp","href":"https:\/\/api.w.org\/{rel}","templated":true}]}}