{"id":36296,"date":"2026-03-23T13:39:11","date_gmt":"2026-03-23T13:39:11","guid":{"rendered":"https:\/\/www.rtecomponenti.it\/?post_type=product&#038;p=36296"},"modified":"2026-04-17T07:56:24","modified_gmt":"2026-04-17T07:56:24","slug":"railway-schlauch-musterset","status":"publish","type":"product","link":"https:\/\/www.rtecomponenti.it\/de\/prodikt\/schlauch-musterset\/railway-schlauch-musterset\/","title":{"rendered":"Set Muster zugelassener Ummantelungen EN45545"},"content":{"rendered":"\t\t<div data-elementor-type=\"product-post\" data-elementor-id=\"36296\" class=\"elementor elementor-36296 elementor-36294\" data-elementor-post-type=\"product\">\n\t\t\t\t\t\t<section class=\"xts-negative-gap elementor-section elementor-top-section elementor-element elementor-element-7ebc71f6 elementor-section-boxed elementor-section-height-default elementor-section-height-default xts-section-disabled\" data-id=\"7ebc71f6\" data-element_type=\"section\" data-e-type=\"section\">\n\t\t\t\t\t\t<div class=\"elementor-container elementor-column-gap-default\">\n\t\t\t\t\t<div class=\"elementor-column elementor-col-100 elementor-top-column elementor-element elementor-element-10c36c8\" data-id=\"10c36c8\" data-element_type=\"column\" data-e-type=\"column\">\n\t\t\t<div class=\"elementor-widget-wrap elementor-element-populated\">\n\t\t\t\t\t\t<div class=\"elementor-element elementor-element-56d9316 xts-scheme-inherit xts-textalign-inherit elementor-widget elementor-widget-text-editor\" data-id=\"56d9316\" data-element_type=\"widget\" data-e-type=\"widget\" data-widget_type=\"text-editor.default\">\n\t\t\t\t<div class=\"elementor-widget-container\">\n\t\t\t\t\t\t\t\t\t<h2>Was enth\u00e4lt das Musterset<\/h2><ul><li style=\"font-weight: 400;\" aria-level=\"1\"><span style=\"font-weight: 400;\"><strong>Mantel GTS-HP<\/strong>: Schrumpfschlauchverh\u00e4ltnis Silikon 2:1; Betriebstemperatur: von -50\u00b0 C bis +200\u00b0 C; Bahnzertifizierung EN45545.<\/span><\/li><li style=\"font-weight: 400;\" aria-level=\"1\"><span style=\"font-weight: 400;\"><strong>Mantel GVS-AT<\/strong>: flammhemmender silikonbeschichteter Glasfasermantel; Betriebstemperatur: von -60\u00b0 C bis +260\u00b0 C; Bahnzertifizierung EN45545.<\/span><\/li><li style=\"font-weight: 400;\" aria-level=\"1\"><span style=\"font-weight: 400;\"><strong>Mantel GVS-SIL<\/strong>: silikonbeschichteter Glasfasermantel; Temperaturklasse C: 250\u00b0; Betriebstemperatur: von -60\u00b0 C bis +250\u00b0 C; Bahnzertifizierung EN45545.<\/span><\/li><li style=\"font-weight: 400;\" aria-level=\"1\"><span style=\"font-weight: 400;\"><strong>Mantel TS800-RI<\/strong>: dehnbares Polyestergeflecht; Betriebstemperatur: von -50\u00b0 C bis +150\u00b0 C; Bahnzertifizierung EN45545.<\/span><\/li><li style=\"font-weight: 400;\" aria-level=\"1\"><span style=\"font-weight: 400;\"><strong>Mantel WA-V0<\/strong>: selbstschlie\u00dfende Wrap-Around-Ummantelung; Betriebstemperatur: von -40\u00b0 C bis +150\u00b0 C; Bahnzertifizierung EN45545.<\/span><\/li><li style=\"font-weight: 400;\" aria-level=\"1\"><span style=\"font-weight: 400;\"><strong>Mantel HFF-105<\/strong>: Schrumpfschlauchverh\u00e4ltnis 2:1; Betriebstemperatur: von -55\u00b0 C bis +105\u00b0 C; Bahnzertifizierung EN45545.<\/span><\/li><li style=\"font-weight: 400;\" aria-level=\"1\"><span style=\"font-weight: 400;\"><strong>Mantel TC6<\/strong>: Mantel aus Polyamid PA6; Betriebstemperatur: von -40\u00b0 C bis +120\u00b0 C; Bahnzertifizierung EN45545.<\/span><\/li><\/ul>\t\t\t\t\t\t\t\t<\/div>\n\t\t\t\t<\/div>\n\t\t\t\t\t<\/div>\n\t\t<\/div>\n\t\t\t\t\t<\/div>\n\t\t<\/section>\n\t\t\t\t<\/div>\n\t\t","protected":false},"excerpt":{"rendered":"<p><b>MUSTER F\u00dcR TECHNISCHE TESTS und BEWERTUNGEN<\/b><\/br> Mit der Anforderung des kostenlosen Testsets k\u00f6nnen Sie die Schutzh\u00fcllen\/Ummantelungen pr\u00fcfen und deren mechanische, thermische und brandschutztechnische Eigenschaften, wie z. B. Flexibilit\u00e4t, Best\u00e4ndigkeit gegen hohe Temperaturen, Verhalten im Brandfall und Entstehung giftiger D\u00e4mpfe, \u00fcberpr\u00fcfen. Das Set entspricht der europ\u00e4ischen Norm EN45545 und gew\u00e4hrleistet somit die Sicherheit und Konformit\u00e4t der Verkabelung im Schienenverkehr.<\/p>\n[elementor-template id=\"36297\"]\n","protected":false},"featured_media":36302,"comment_status":"closed","ping_status":"closed","template":"","meta":{"_monsterinsights_skip_tracking":false,"_monsterinsights_sitenote_active":false,"_monsterinsights_sitenote_note":"","_monsterinsights_sitenote_category":0},"product_brand":[],"product_cat":[1109],"product_tag":[],"class_list":{"0":"post-36296","1":"product","2":"type-product","3":"status-publish","4":"has-post-thumbnail","6":"product_cat-schlauch-musterset","8":"first","9":"instock","10":"shipping-taxable","11":"product-type-simple"},"_links":{"self":[{"href":"https:\/\/www.rtecomponenti.it\/de\/wp-json\/wp\/v2\/product\/36296","targetHints":{"allow":["GET"]}}],"collection":[{"href":"https:\/\/www.rtecomponenti.it\/de\/wp-json\/wp\/v2\/product"}],"about":[{"href":"https:\/\/www.rtecomponenti.it\/de\/wp-json\/wp\/v2\/types\/product"}],"replies":[{"embeddable":true,"href":"https:\/\/www.rtecomponenti.it\/de\/wp-json\/wp\/v2\/comments?post=36296"}],"version-history":[{"count":7,"href":"https:\/\/www.rtecomponenti.it\/de\/wp-json\/wp\/v2\/product\/36296\/revisions"}],"predecessor-version":[{"id":36403,"href":"https:\/\/www.rtecomponenti.it\/de\/wp-json\/wp\/v2\/product\/36296\/revisions\/36403"}],"wp:featuredmedia":[{"embeddable":true,"href":"https:\/\/www.rtecomponenti.it\/de\/wp-json\/wp\/v2\/media\/36302"}],"wp:attachment":[{"href":"https:\/\/www.rtecomponenti.it\/de\/wp-json\/wp\/v2\/media?parent=36296"}],"wp:term":[{"taxonomy":"product_brand","embeddable":true,"href":"https:\/\/www.rtecomponenti.it\/de\/wp-json\/wp\/v2\/product_brand?post=36296"},{"taxonomy":"product_cat","embeddable":true,"href":"https:\/\/www.rtecomponenti.it\/de\/wp-json\/wp\/v2\/product_cat?post=36296"},{"taxonomy":"product_tag","embeddable":true,"href":"https:\/\/www.rtecomponenti.it\/de\/wp-json\/wp\/v2\/product_tag?post=36296"}],"curies":[{"name":"wp","href":"https:\/\/api.w.org\/{rel}","templated":true}]}}